{"id":23459,"date":"2026-02-17T17:43:15","date_gmt":"2026-02-17T16:43:15","guid":{"rendered":"https:\/\/www.hirondelle.org\/?page_id=23459"},"modified":"2026-04-21T11:29:46","modified_gmt":"2026-04-21T09:29:46","slug":"amerique-du-sud-et-caraibes","status":"publish","type":"page","link":"https:\/\/www.hirondelle.org\/fr\/que-faisons-nous\/operations\/geographiques\/amerique-du-sud-et-caraibes","title":{"rendered":"Am\u00e9rique du Sud et Cara\u00efbes"},"content":{"rendered":"\n<p>Depuis la fin de l\u2019ann\u00e9e 2025, la Fondation Hirondelle m\u00e8ne des recherches afin d\u2019\u00e9valuer et de mieux comprendre les besoins en information dans plusieurs pays de la r\u00e9gion, en vue d\u2019\u00e9largir son soutien aux m\u00e9dias dans diff\u00e9rents contextes, notamment en Ha\u00efti et au P\u00e9rou.<\/p>\n\n\n\n<p><\/p>\n","protected":false},"excerpt":{"rendered":"<p>Depuis la fin de l\u2019ann\u00e9e 2025, la Fondation Hirondelle m\u00e8ne des recherches afin d\u2019\u00e9valuer et de mieux comprendre les besoins en information dans plusieurs pays de la r\u00e9gion, en vue d\u2019\u00e9largir son soutien aux m\u00e9dias dans diff\u00e9rents contextes, notamment en Ha\u00efti et au P\u00e9rou.<\/p>\n","protected":false},"author":7,"featured_media":0,"parent":10610,"menu_order":0,"comment_status":"closed","ping_status":"closed","template":"","meta":{"_acf_changed":false,"footnotes":""},"class_list":["post-23459","page","type-page","status-publish","hentry"],"acf":[],"publishpress_future_action":{"enabled":false,"date":"2026-04-28 15:56:26","action":"change-status","newStatus":"draft","terms":[],"taxonomy":"translation_priority","extraData":[]},"publishpress_future_workflow_manual_trigger":{"enabledWorkflows":[]},"_links":{"self":[{"href":"https:\/\/www.hirondelle.org\/fr\/wp-json\/wp\/v2\/pages\/23459","targetHints":{"allow":["GET"]}}],"collection":[{"href":"https:\/\/www.hirondelle.org\/fr\/wp-json\/wp\/v2\/pages"}],"about":[{"href":"https:\/\/www.hirondelle.org\/fr\/wp-json\/wp\/v2\/types\/page"}],"author":[{"embeddable":true,"href":"https:\/\/www.hirondelle.org\/fr\/wp-json\/wp\/v2\/users\/7"}],"replies":[{"embeddable":true,"href":"https:\/\/www.hirondelle.org\/fr\/wp-json\/wp\/v2\/comments?post=23459"}],"version-history":[{"count":4,"href":"https:\/\/www.hirondelle.org\/fr\/wp-json\/wp\/v2\/pages\/23459\/revisions"}],"predecessor-version":[{"id":25771,"href":"https:\/\/www.hirondelle.org\/fr\/wp-json\/wp\/v2\/pages\/23459\/revisions\/25771"}],"up":[{"embeddable":true,"href":"https:\/\/www.hirondelle.org\/fr\/wp-json\/wp\/v2\/pages\/10610"}],"wp:attachment":[{"href":"https:\/\/www.hirondelle.org\/fr\/wp-json\/wp\/v2\/media?parent=23459"}],"curies":[{"name":"wp","href":"https:\/\/api.w.org\/{rel}","templated":true}]}}