{"id":23663,"date":"2026-02-25T15:29:02","date_gmt":"2026-02-25T14:29:02","guid":{"rendered":"https:\/\/www.hirondelle.org\/?page_id=23663"},"modified":"2026-02-25T15:31:28","modified_gmt":"2026-02-25T14:31:28","slug":"sport-et-droits-humains-sahel","status":"publish","type":"page","link":"https:\/\/www.hirondelle.org\/fr\/que-faisons-nous\/operations\/thematiques\/droits-humains\/sport-et-droits-humains-sahel","title":{"rendered":"Sport et droits humains &#8211; Sahel"},"content":{"rendered":"\n<p><strong>\u00c0 l\u2019occasion de l\u2019Euro f\u00e9minin 2025, sept journalistes sportifs du Sahel ont d\u00e9couvert le temps d\u2019une semaine les institutions suisses, les m\u00e9dias romands, et les acteurs du sport et des droits humains. Une immersion unique, organis\u00e9e par le D\u00e9partement f\u00e9d\u00e9ral des affaires \u00e9trang\u00e8res (DFAE) et la Fondation Hirondelle, pour renforcer la couverture journalistique du sport comme vecteur d\u2019inclusion, de coh\u00e9sion sociale, et de dialogue pour la paix.<\/strong><\/p>\n\n\n\n<figure class=\"wp-block-image size-large\"><img loading=\"lazy\" decoding=\"async\" width=\"1024\" height=\"585\" src=\"https:\/\/www.hirondelle.org\/wp-content\/uploads\/2026\/02\/WhatsApp-Image-2025-07-25-at-16.13.42-Copie-1536x1276.jpeg-e1772029852895-1024x585.webp\" alt=\"\" class=\"wp-image-23660\" srcset=\"https:\/\/www.hirondelle.org\/wp-content\/uploads\/2026\/02\/WhatsApp-Image-2025-07-25-at-16.13.42-Copie-1536x1276.jpeg-e1772029852895-1024x585.webp 1024w, https:\/\/www.hirondelle.org\/wp-content\/uploads\/2026\/02\/WhatsApp-Image-2025-07-25-at-16.13.42-Copie-1536x1276.jpeg-e1772029852895-300x171.webp 300w, https:\/\/www.hirondelle.org\/wp-content\/uploads\/2026\/02\/WhatsApp-Image-2025-07-25-at-16.13.42-Copie-1536x1276.jpeg-e1772029852895-768x439.webp 768w, https:\/\/www.hirondelle.org\/wp-content\/uploads\/2026\/02\/WhatsApp-Image-2025-07-25-at-16.13.42-Copie-1536x1276.jpeg-e1772029852895-1000x572.webp 1000w, https:\/\/www.hirondelle.org\/wp-content\/uploads\/2026\/02\/WhatsApp-Image-2025-07-25-at-16.13.42-Copie-1536x1276.jpeg-e1772029852895.webp 1536w\" sizes=\"auto, (max-width: 1024px) 100vw, 1024px\" \/><\/figure>\n\n\n\n<p>La semaine du 20 au 26 juillet 2025 a \u00e9t\u00e9 l\u2019occasion de rencontrer de nombreux acteurs cl\u00e9s\u202f: Tribunal arbitral du sport, Centre pour le sport et les droits humains, r\u00e9dactions sportives de divers m\u00e9dias. Construite comme une formation immersive, l\u2019objectif \u00e9tait de permettre aux journalistes de comprendre combien les institutions et les valeurs du sport sont au coeur des questions d\u2019inclusion et d\u2019\u00e9galit\u00e9. Ces \u00e9changes ont donn\u00e9 aux journalistes de nombreuses d\u2019id\u00e9es de sujets et de points d\u2019attention \u00e0 avoir dans leurs r\u00e9dactions \u00e0 l\u2019avenir. Ils se sont engag\u00e9s \u00e0 produire avec ces angles droits humains pour leur couverture sportive.<\/p>\n\n\n\n<p>Salamatou Kadri par exemple, journaliste sportive au Studio Kalangou (Niger) a t\u00e9moign\u00e9\u202f<em>: \u00ab\u202fAu Niger, le sport de fa\u00e7on g\u00e9n\u00e9rale et le football en particulier, ont un r\u00f4le social tr\u00e8s important. C\u2019est un facteur de coh\u00e9sion sociale, contribuant \u00e0 r\u00e9duire les in\u00e9galit\u00e9s croissantes et \u00e0 renforcer l\u2019autonomisation des femmes et des jeunes. \u00bb<\/em>.<\/p>\n\n\n\n<p>En offrant \u00e0 ces journalistes un acc\u00e8s direct aux institutions sportives et m\u00e9diatiques, cette immersion a illustr\u00e9 combien le sport et son traitement journalistique peuvent devenir des leviers puissants pour la paix, l\u2019inclusion et le vivre-ensemble.<\/p>\n","protected":false},"excerpt":{"rendered":"<p>\u00c0 l\u2019occasion de l\u2019Euro f\u00e9minin 2025, sept journalistes sportifs du Sahel ont d\u00e9couvert le temps d\u2019une semaine les institutions suisses, les m\u00e9dias romands, et les acteurs du sport et des droits humains. Une immersion unique, organis\u00e9e par le D\u00e9partement f\u00e9d\u00e9ral des affaires \u00e9trang\u00e8res (DFAE) et la Fondation Hirondelle, pour renforcer la couverture journalistique du sport [&hellip;]<\/p>\n","protected":false},"author":7,"featured_media":0,"parent":10661,"menu_order":0,"comment_status":"closed","ping_status":"closed","template":"","meta":{"_acf_changed":false,"footnotes":""},"class_list":["post-23663","page","type-page","status-publish","hentry"],"acf":[],"publishpress_future_action":{"enabled":false,"date":"2026-04-20 21:27:43","action":"change-status","newStatus":"draft","terms":[],"taxonomy":"translation_priority","extraData":[]},"publishpress_future_workflow_manual_trigger":{"enabledWorkflows":[]},"_links":{"self":[{"href":"https:\/\/www.hirondelle.org\/fr\/wp-json\/wp\/v2\/pages\/23663","targetHints":{"allow":["GET"]}}],"collection":[{"href":"https:\/\/www.hirondelle.org\/fr\/wp-json\/wp\/v2\/pages"}],"about":[{"href":"https:\/\/www.hirondelle.org\/fr\/wp-json\/wp\/v2\/types\/page"}],"author":[{"embeddable":true,"href":"https:\/\/www.hirondelle.org\/fr\/wp-json\/wp\/v2\/users\/7"}],"replies":[{"embeddable":true,"href":"https:\/\/www.hirondelle.org\/fr\/wp-json\/wp\/v2\/comments?post=23663"}],"version-history":[{"count":1,"href":"https:\/\/www.hirondelle.org\/fr\/wp-json\/wp\/v2\/pages\/23663\/revisions"}],"predecessor-version":[{"id":23664,"href":"https:\/\/www.hirondelle.org\/fr\/wp-json\/wp\/v2\/pages\/23663\/revisions\/23664"}],"up":[{"embeddable":true,"href":"https:\/\/www.hirondelle.org\/fr\/wp-json\/wp\/v2\/pages\/10661"}],"wp:attachment":[{"href":"https:\/\/www.hirondelle.org\/fr\/wp-json\/wp\/v2\/media?parent=23663"}],"curies":[{"name":"wp","href":"https:\/\/api.w.org\/{rel}","templated":true}]}}