{"id":24508,"date":"2026-03-18T15:49:17","date_gmt":"2026-03-18T14:49:17","guid":{"rendered":"https:\/\/www.hirondelle.org\/?page_id=24508"},"modified":"2026-04-28T16:51:52","modified_gmt":"2026-04-28T14:51:52","slug":"mediaos-benin-tchad-togo","status":"publish","type":"page","link":"https:\/\/www.hirondelle.org\/fr\/que-faisons-nous\/operations\/thematiques\/jeunes\/mediaos-benin-tchad-togo","title":{"rendered":"M\u00e9diaOS (B\u00e9nin, Tchad, Togo)"},"content":{"rendered":"\n<figure class=\"wp-block-image size-full\"><img loading=\"lazy\" decoding=\"async\" width=\"5940\" height=\"3960\" src=\"https:\/\/www.hirondelle.org\/wp-content\/uploads\/2026\/03\/1L9A0427-1.jpg\" alt=\"\" class=\"wp-image-24512\"\/><figcaption class=\"wp-element-caption\">Benin, 2025.\u00a9 Yanick Folly.<\/figcaption><\/figure>\n\n\n\n<p><strong>M\u00e9diaOS<\/strong> (2024\u20132028) est un projet mis en \u0153uvre au B\u00e9nin, au Tchad et au Togo par <a href=\"https:\/\/cfi.fr\/fr\" target=\"_blank\" rel=\"noreferrer noopener\">CF<\/a>i, avec <a href=\"https:\/\/equipop.org\" target=\"_blank\" rel=\"noreferrer noopener\">Equipop <\/a>et la Fondation Hirondelle. Il vise \u00e0 <strong>renforcer l\u2019\u00e9cosyst\u00e8me m\u00e9diatique pour produire des contenus de qualit\u00e9, notamment en langues locales, r\u00e9pondant aux pr\u00e9occupations des jeunes, en particulier des jeunes femmes<\/strong>. Le projet soutient radios, m\u00e9dias en ligne, \u00e9coles de journalisme et r\u00e9gulateurs, et favorise les \u00e9changes r\u00e9gionaux afin de promouvoir l\u2019inclusion, la participation citoyenne et le d\u00e9veloppement d\u00e9mocratique.<\/p>\n\n\n\n<p>La Fondation Hirondelle intervient particuli\u00e8rement aupr\u00e8s des radios communautaires et met \u00e0 profit son exp\u00e9rience en renforcement de capacit\u00e9s, en structuration de r\u00e9dactions et en professionnalisation des pratiques \u00e9ditoriales et techniques pour accompagner ses partenaires <strong>dans la production et la diffusion d\u2019informations adapt\u00e9es aux besoins des jeunes.<\/strong><\/p>\n\n\n\n<div class=\"wp-block-group has-global-padding is-layout-constrained wp-block-group-is-layout-constrained\">\n<div class=\"wp-block-columns is-layout-flex wp-container-core-columns-is-layout-9d6595d7 wp-block-columns-is-layout-flex\">\n<div class=\"wp-block-column is-layout-flow wp-block-column-is-layout-flow\">\n<div class=\"wp-block-group h-100 backgroundedBlock backgroundedBlock--green has-global-padding is-layout-constrained wp-block-group-is-layout-constrained\">\n<h2 class=\"wp-block-heading has-fhviolet-color has-text-color has-link-color wp-elements-2b134922004bc0153eeed6ace375e9cb\">Volume financier 2025<\/h2>\n\n\n\n<p class=\"has-fhviolet-color has-text-color has-link-color wp-elements-23c451e3104cdef0c45aab8a678564c4\">149&rsquo;840 CHF<\/p>\n\n\n\n<hr class=\"wp-block-separator has-text-color has-fhviolet-color has-alpha-channel-opacity has-fhviolet-background-color has-background\"\/>\n\n\n\n<h2 class=\"wp-block-heading has-fhviolet-color has-text-color has-link-color wp-elements-6dfe50709b0fbab4670f28306e0b0c31\">Source de financements<\/h2>\n\n\n\n<p class=\"has-text-align-left has-fhviolet-color has-text-color has-link-color wp-elements-379f371b92a553cce06c8d6ebe326e36\">France (AFD via CFI)<\/p>\n\n\n\n<p class=\"has-text-align-center\"><\/p>\n<\/div>\n<\/div>\n\n\n\n<div class=\"wp-block-column is-layout-flow wp-block-column-is-layout-flow\">\n<div class=\"wp-block-group h-100 backgroundedBlock backgroundedBlock--purple has-global-padding is-layout-constrained wp-block-group-is-layout-constrained\">\n<h2 class=\"wp-block-heading\">Nos chiffres cl\u00e9s en 2025<\/h2>\n\n\n\n<hr class=\"wp-block-separator has-alpha-channel-opacity\"\/>\n\n\n\n<div class=\"wp-block-columns is-layout-flex wp-container-core-columns-is-layout-9d6595d7 wp-block-columns-is-layout-flex\">\n<div class=\"wp-block-column is-layout-flow wp-block-column-is-layout-flow\">\n<svg height=\"200px\" width=\"200px\" version=\"1.1\" id=\"Capa_1\" xmlns=\"http:\/\/www.w3.org\/2000\/svg\" xmlns:xlink=\"http:\/\/www.w3.org\/1999\/xlink\" viewBox=\"0 0 495.622 495.622\" xml:space=\"preserve\" fill=\"#000000\"><g id=\"SVGRepo_bgCarrier\" stroke-width=\"0\"><\/g><g id=\"SVGRepo_tracerCarrier\" stroke-linecap=\"round\" stroke-linejoin=\"round\"><\/g><g id=\"SVGRepo_iconCarrier\"> <g> <path style=\"fill:#030104;\" d=\"M495.622,113.089v150.03c0,0-32.11,6.326-38.725,7.158c-6.594,0.83-27.316,7.521-42.334-6.914 c-23.16-22.197-105.447-104.03-105.447-104.03s-14.188-13.922-36.969-1.89c-20.912,11.022-51.911,27.175-64.859,33.465 c-24.477,13.028-44.764-7.642-44.764-23.387c0-12.213,7.621-20.502,18.515-26.598c29.524-17.898,91.752-52.827,117.67-66.598 c15.754-8.379,27.105-9.097,48.734,9.124c26.638,22.403,50.344,42.824,50.344,42.824s7.732,6.453,20.063,3.854 C448.13,123.725,495.622,113.089,495.622,113.089z M168.098,367.3c3.985-10.238,2.653-21.689-4.987-29.545 c-6.865-7.027-16.888-8.879-26.445-6.689c2.673-9.479,1.197-19.568-5.705-26.688c-6.886-7.009-16.89-8.898-26.446-6.688 c2.653-9.465,1.181-19.553-5.725-26.652c-10.814-11.092-29.519-10.616-41.807,1.097c-12.223,11.729-20.053,32.979-9.144,45.487 c10.891,12.445,23.405,4.873,32.945,2.699c-2.654,9.465-10.606,18.269-0.813,30.658c9.784,12.395,23.404,4.875,32.954,2.721 c-2.663,9.429-10.268,19.117-0.851,30.604c9.502,11.522,25.065,5.383,35.344,2.19c-3.967,10.199-12.458,21.193-1.549,33.513 c10.892,12.409,36.063,6.668,48.358-5.063c12.262-11.729,13.439-30.318,2.654-41.445 C189.435,365.865,178.335,364.089,168.098,367.3z M392.442,289.246c-88.88-88.881-47.075-47.058-94.906-94.992 c0,0-14.375-14.311-33.321-5.998c-13.3,5.828-30.423,13.771-43.307,19.835c-14.158,7.424-24.347,9.722-29.131,9.69 c-27.37-0.179-49.576-22.178-49.576-49.521c0-17.738,9.417-33.181,23.462-41.947c19.75-13.667,65.21-37.847,65.21-37.847 s-13.849-17.549-44.187-17.549c-30.329,0-93.695,41.512-93.695,41.512s-17.976,11.514-43.601,1.143L0,96.373V268.05 c0,0,14.103,4.082,26.775,9.258c2.862-8.162,7.48-15.699,13.886-21.924c21.023-20.024,55.869-20.232,74.996-0.537 c5.762,5.987,9.783,13.129,11.835,21.024c7.707,2.379,14.688,6.593,20.298,12.373c5.779,5.947,9.785,13.129,11.854,20.984 c7.698,2.381,14.669,6.611,20.298,12.395c6.339,6.537,10.562,14.433,12.534,22.988c8.047,2.344,15.319,6.705,21.176,12.693 c11.495,11.807,15.575,27.826,13.103,43.278c0.02,0,0.058,0,0.076,0.035c0.188,0.246,7.122,7.976,11.446,12.336 c8.474,8.482,22.311,8.482,30.811,0c8.444-8.479,8.481-22.289,0-30.811c-0.304-0.303-30.572-31.963-28.136-34.418 c2.418-2.438,40.981,37.688,41.699,38.422c8.463,8.465,22.291,8.465,30.792,0c8.481-8.479,8.463-22.289,0-30.791 c-0.416-0.396-2.152-2.059-2.796-2.721c0,0-38.234-34.06-35.324-36.97c2.946-2.928,50.438,41.392,50.515,41.392 c8.537,7.688,21.687,7.631,29.9-0.586c7.991-7.99,8.162-20.629,1.078-29.146c-0.15-0.453-36.194-38.121-33.381-40.955 c2.854-2.871,38.519,33.853,38.594,33.929c8.444,8.463,22.291,8.463,30.792,0c8.463-8.464,8.463-22.291,0-30.83 C392.706,289.396,392.555,289.32,392.442,289.246z\"><\/path> <\/g> <\/g><\/svg>\n\n\n\n<p class=\"has-text-align-center\">17 radios partenaires<\/p>\n<\/div>\n\n\n\n<div class=\"wp-block-column is-layout-flow wp-block-column-is-layout-flow\">\n<svg viewBox=\"0 0 24 24\" version=\"1.1\" xmlns=\"http:\/\/www.w3.org\/2000\/svg\" xmlns:xlink=\"http:\/\/www.w3.org\/1999\/xlink\" fill=\"#000000\"><g id=\"SVGRepo_bgCarrier\" stroke-width=\"0\"><\/g><g id=\"SVGRepo_tracerCarrier\" stroke-linecap=\"round\" stroke-linejoin=\"round\"><\/g><g id=\"SVGRepo_iconCarrier\"> <!-- Uploaded to: SVG Repo, www.svgrepo.com, Generator: SVG Repo Mixer Tools --> <title>ic_fluent_people_add_24_filled<\/title> <desc>Created with Sketch.<\/desc> <g id=\"\ud83d\udd0d-Product-Icons\" stroke=\"none\" stroke-width=\"1\" fill=\"none\" fill-rule=\"evenodd\"> <g id=\"ic_fluent_people_add_24_filled\" fill=\"#212121\" fill-rule=\"nonzero\"> <path d=\"M17.5,12 C20.5375661,12 23,14.4624339 23,17.5 C23,20.5375661 20.5375661,23 17.5,23 C14.4624339,23 12,20.5375661 12,17.5 C12,14.4624339 14.4624339,12 17.5,12 Z M4,12.999 L12.8093956,13.000184 C11.6887317,14.1680611 11,15.7535996 11,17.5 C11,18.5873606 11.266999,19.6123603 11.7390124,20.5130144 C10.6887116,20.8629701 9.53056842,21 8.5,21 C5.77786667,21 2.16469531,20.0439506 2.00545418,16.7296461 L2,16.5 L2,14.999 C2,13.895 2.896,12.999 4,12.999 Z M17.5,14.0015812 L17.4101244,14.0096369 C17.2060313,14.0466809 17.0450996,14.2076126 17.0080557,14.4117056 L17,14.5015812 L17,16.9995812 L14.5,17 L14.4101244,17.0080557 C14.2060313,17.0450996 14.0450996,17.2060313 14.0080557,17.4101244 L14,17.5 L14.0080557,17.5898756 C14.0450996,17.7939687 14.2060313,17.9549004 14.4101244,17.9919443 L14.5,18 L17,17.9995812 L17,20.5 L17.0080557,20.5898756 C17.0450996,20.7939687 17.2060313,20.9549004 17.4101244,20.9919443 L17.5,21 L17.5898756,20.9919443 C17.7939687,20.9549004 17.9549004,20.7939687 17.9919443,20.5898756 L18,20.5 L18,17.9995812 L20.5,18 L20.5898756,17.9919443 C20.7939687,17.9549004 20.9549004,17.7939687 20.9919443,17.5898756 L21,17.5 L20.9919443,17.4101244 C20.9549004,17.2060313 20.7939687,17.0450996 20.5898756,17.0080557 L20.5,17 L18,16.9995812 L18,14.5015812 L17.9919443,14.4117056 C17.9549004,14.2076126 17.7939687,14.0466809 17.5898756,14.0096369 L17.5,14.0015812 Z M8.5,2 C10.985,2 13,4.015 13,6.5 C13,8.985 10.985,11 8.5,11 C6.015,11 4,8.985 4,6.5 C4,4.015 6.015,2 8.5,2 Z M17.5,4 C19.433,4 21,5.567 21,7.5 C21,9.433 19.433,11 17.5,11 C15.567,11 14,9.433 14,7.5 C14,5.567 15.567,4 17.5,4 Z\" id=\"\ud83c\udfa8-Color\"> <\/path> <\/g> <\/g> <\/g><\/svg>\n\n\n\n<p class=\"has-text-align-center\">27 journalistes form\u00e9\u00b7es \u00e0 la s\u00e9curit\u00e9<\/p>\n<\/div>\n\n\n\n<div class=\"wp-block-column is-layout-flow wp-block-column-is-layout-flow\">\n<svg fill=\"#000000\" height=\"200px\" width=\"200px\" version=\"1.1\" id=\"Listening\" xmlns=\"http:\/\/www.w3.org\/2000\/svg\" xmlns:xlink=\"http:\/\/www.w3.org\/1999\/xlink\" viewBox=\"0 0 128 128\" xml:space=\"preserve\"><g id=\"SVGRepo_bgCarrier\" stroke-width=\"0\"><\/g><g id=\"SVGRepo_tracerCarrier\" stroke-linecap=\"round\" stroke-linejoin=\"round\"><\/g><g id=\"SVGRepo_iconCarrier\"> <path id=\"_x34__1_\" d=\"M39.6,108.1c-8.8,0-16-7.2-16-16c0-2.2,1.8-4,4-4s4,1.8,4,4c0,4.4,3.6,8,8,8c2.8,0,5.4-1.5,6.9-3.9 c0.6-1,1.4-2.8,2.3-4.7c1.7-3.8,3.6-8.1,6-11.2c1.9-2.5,4.7-5,7.4-7.5c2.7-2.5,5.8-5.4,6.8-7.2c2-3.5,3-7.4,3-11.4 c0-12.7-10.3-23-23-23s-23,10.3-23,23c0,2.2-1.8,4-4,4s-4-1.8-4-4c0-17.1,13.9-31,31-31c17.1,0,31,13.9,31,31 c0,5.4-1.4,10.7-4.1,15.4c-1.6,2.9-4.9,5.9-8.4,9.1c-2.4,2.3-5,4.6-6.5,6.5c-1.8,2.3-3.6,6.3-5,9.5c-1,2.2-1.8,4.1-2.7,5.6 C50.5,105.1,45.2,108.1,39.6,108.1z\"><\/path> <path id=\"_x33__2_\" d=\"M34,79.6c-2.2,0-4-1.8-4-4s1.8-4,4-4c2,0,3.7-1.6,3.7-3.7c0-2-1.6-3.7-3.7-3.7c-2.2,0-4-1.8-4-4v-6 c0-10.5,8.5-19,19-19s19,8.5,19,19c0,3.3-0.8,6.5-2.4,9.3c-0.1,0.1-0.1,0.2-0.2,0.3c-0.8,1.2-2.7,3-5.9,6l-1.2,1.1 c-1.6,1.5-4.2,1.4-5.7-0.2c-1.5-1.6-1.4-4.2,0.2-5.7L54,64c2.6-2.4,4.2-3.9,4.7-4.6c0.8-1.6,1.3-3.4,1.3-5.2c0-6.1-4.9-11-11-11 s-11,4.9-11,11v2.7c4.5,1.6,7.7,5.9,7.7,11C45.7,74.3,40.5,79.6,34,79.6z\"><\/path> <path id=\"_x32__15_\" d=\"M85,78.7c-0.6,0-1.2-0.2-1.7-0.5c-1.7-1-2.2-3.1-1.3-4.8c3.3-5.8,5.1-12.3,5.1-19c0-6.8-1.8-13.4-5.2-19.2 c-1-1.7-0.4-3.8,1.2-4.8c1.7-1,3.8-0.4,4.8,1.2c4.1,6.9,6.2,14.8,6.2,22.8c0,7.9-2.1,15.6-6,22.5C87.4,78.1,86.2,78.7,85,78.7z\"><\/path> <path id=\"_x31__17_\" d=\"M95.9,90.1c-0.8,0-1.5-0.2-2.2-0.7c-1.8-1.2-2.3-3.7-1.1-5.6c5.9-8.7,9-18.8,9-29.4 c0-10.6-3.2-20.9-9.2-29.6c-1.2-1.8-0.8-4.3,1-5.6c1.8-1.2,4.3-0.8,5.6,1c6.9,10.1,10.6,21.9,10.6,34.1c0,12.1-3.6,23.8-10.3,33.8 C98.4,89.5,97.1,90.1,95.9,90.1z\"><\/path> <\/g><\/svg>\n\n\n\n<p class=\"has-text-align-center\">3 \u00e9tudes sur les pr\u00e9f\u00e9rences m\u00e9diatiques et les besoins d\u2019information des jeunes<\/p>\n<\/div>\n<\/div>\n\n\n\n<div class=\"wp-block-buttons mt-5 is-content-justification-center is-layout-flex wp-container-core-buttons-is-layout-16018d1d wp-block-buttons-is-layout-flex\">\n<div class=\"wp-block-button\"><a class=\"wp-block-button__link wp-element-button\" href=\"https:\/\/www.hirondelle.org\/wp-content\/uploads\/2026\/04\/Fiche-Projet-2026-MediaOS-FR-3.pdf\">T\u00e9l\u00e9chargez notre fiche projet<\/a><\/div>\n<\/div>\n\n\n\n<p class=\"has-text-align-center\"><\/p>\n<\/div>\n<\/div>\n<\/div>\n<\/div>\n\n\n\n<h3 class=\"wp-block-heading\">contexte<\/h3>\n\n\n\n<p><strong>Au B\u00e9nin, au Tchad et au Togo<\/strong>, la population est majoritairement jeune, mais cette jeunesse a des difficult\u00e9s \u00e0 acc\u00e9der \u00e0 une information fiable, pluraliste et adapt\u00e9e \u00e0 ses r\u00e9alit\u00e9s. Les espaces m\u00e9diatiques, fragilis\u00e9s \u00e9conomiquement et parfois contraints sur le plan r\u00e9glementaire ou politique, peinent \u00e0 r\u00e9pondre \u00e0 leurs attentes. Les jeunes, et en particulier les jeunes femmes, restent sous-repr\u00e9sent\u00e9\u00b7es dans les contenus et les espaces d\u2019expression. <strong>Il en r\u00e9sulte un d\u00e9calage entre leurs pr\u00e9occupations et l\u2019offre m\u00e9diatique disponible<\/strong>.<\/p>\n\n\n\n<h3 class=\"wp-block-heading\">Des m\u00e9dias locaux au service de la jeunesse<\/h3>\n\n\n\n<p><strong>En 2025<\/strong>, la Fondation Hirondelle a donn\u00e9 une impulsion d\u00e9cisive \u00e0 M\u00e9diaOS. Tout d\u2019abord, les \u00e9quipes ont s\u00e9lectionn\u00e9 dix-sept radios locales engag\u00e9es au B\u00e9nin, au Togo et au Tchad, et ancr\u00e9es dans leurs territoires, pr\u00eates \u00e0 se r\u00e9inventer pour mieux parler aux jeunes. De N\u2019Djamena au Tchad, \u00e0 Dapaong, au nord du Togo, les radios s\u00e9lectionn\u00e9es couvrent diff\u00e9rentes zones et r\u00e9gions, illustrant une volont\u00e9 de diversit\u00e9 territoriale.<\/p>\n\n\n\n<div class=\"wp-block-columns is-layout-flex wp-container-core-columns-is-layout-9d6595d7 wp-block-columns-is-layout-flex\">\n<div class=\"wp-block-column is-layout-flow wp-block-column-is-layout-flow\">\n<div class=\"wp-block-group is-nowrap is-layout-flex wp-container-core-group-is-layout-ad2f72ca wp-block-group-is-layout-flex\">\n<p><\/p>\n\n\n\n<p><\/p>\n<\/div>\n\n\n\n<p>Avec ces radios, la Fondation Hirondelle <strong>a men\u00e9 un travail collectif d\u2019analyse et de co-construction pour faire \u00e9merger des plans de renforcement sur mesure,<\/strong> m\u00ealant innovation \u00e9ditoriale et mont\u00e9e en comp\u00e9tence technique. Dix-sept plans de renforcement ont ainsi vu le jour et ont commenc\u00e9 \u00e0 \u00eatre mis en \u0153uvre. <\/p>\n\n\n\n<p>En parall\u00e8le, <strong>une grande \u00e9tude de terrain aupr\u00e8s de 700 jeunes a permis de mieux comprendre leurs usages, leurs attentes et leurs aspirations<\/strong>. Cela a permis d\u2019aider les m\u00e9dias partenaires \u00e0 cr\u00e9er des contenus plus utiles, plus interactifs et plus inclusifs, notamment pour les jeunes femmes.<\/p>\n<\/div>\n\n\n\n<div class=\"wp-block-column is-layout-flow wp-block-column-is-layout-flow\">\n<div class=\"wp-block-group backgroundedBlock backgroundedBlock--green has-global-padding is-layout-constrained wp-block-group-is-layout-constrained\">\n<h2 class=\"wp-block-heading\">Priorit\u00e9s<\/h2>\n\n\n\n<hr class=\"wp-block-separator has-alpha-channel-opacity\"\/>\n\n\n\n<ul class=\"wp-block-list\">\n<li>Renforcement des capacit\u00e9s \u00e9ditoriales<\/li>\n\n\n\n<li>D\u00e9veloppement du lien entre m\u00e9dias et organisations de la soci\u00e9t\u00e9 civile<\/li>\n\n\n\n<li>Education aux m\u00e9dias<\/li>\n<\/ul>\n\n\n\n<h2 class=\"wp-block-heading\">Activit\u00e9s<\/h2>\n\n\n\n<hr class=\"wp-block-separator has-alpha-channel-opacity\"\/>\n\n\n\n<ul class=\"wp-block-list\">\n<li>Coaching en continu, in situ et \u00e0 distance<\/li>\n\n\n\n<li>Coprodution de contenus \u00e0 destination des jeunes et des femmes<\/li>\n<\/ul>\n<\/div>\n<\/div>\n<\/div>\n\n\n\n<p>Suite \u00e0 cette \u00e9tude, <strong>les principales observations communes aux trois pays sont les suivantes<\/strong> :<\/p>\n\n\n\n<ul class=\"wp-block-list\">\n<li>Une <strong>grande porosit\u00e9 existe entre m\u00e9dias traditionnels et num\u00e9riques<\/strong>, les jeunes jonglant entre radio FM, r\u00e9seaux sociaux (WhatsApp, Facebook, TikTok) et plateformes de messagerie pour s\u2019informer et se divertir ;<\/li>\n\n\n\n<li>Une <strong>attente forte de contenus utiles par les jeunes<\/strong> est constat\u00e9e. Ils demandent des sujets concrets, en lien avec leurs pr\u00e9occupations du quotidien (emploi, vie pratique, culture urbaine, etc.) ;<\/li>\n\n\n\n<li>Ces<strong> radios sont per\u00e7ues comme cr\u00e9dibles mais peu interactives<\/strong>, et souvent peu visibles sur les canaux utilis\u00e9s massivement par les jeunes ;<\/li>\n\n\n\n<li>Une<strong> tension r\u00e9currente persiste entre les langues nationales et le fran\u00e7ais<\/strong> : la langue reste un marqueur d\u2019accessibilit\u00e9 et de proximit\u00e9, mais aussi un facteur d\u2019exclusion potentielle ;<\/li>\n\n\n\n<li>Des <strong>dynamiques de genre diff\u00e9renci\u00e9es sont observables<\/strong> : les jeunes femmes se montrent en moyenne moins expos\u00e9es aux contenus politiques ou techniques, et plus r\u00e9ceptives aux formats narratifs, participatifs et culturels.<\/li>\n<\/ul>\n\n\n\n<p><strong>En 2026,<\/strong> M\u00e9diaOS entre dans une phase pleinement op\u00e9rationnelle et collaborative. Les r\u00e9dactions partenaires b\u00e9n\u00e9ficient d\u2019un coaching continu, \u00e0 la fois sur le terrain et \u00e0 distance, compl\u00e9t\u00e9 par des formations communes dans chaque pays pour renforcer durablement leurs comp\u00e9tences \u00e9ditoriales, techniques et organisationnelles.<\/p>\n\n\n\n<p>Des ateliers de concertation avec des organisations de jeunes permettent d\u2019identifier leurs pr\u00e9occupations prioritaires et de mobiliser des expert\u00b7es et intervenant\u00b7es pertinent\u00b7es, afin d\u2019ancrer les contenus dans les r\u00e9alit\u00e9s locales.<\/p>\n\n\n\n<p>Le projet soutient \u00e9galement <strong>des actions d\u2019\u00e9ducation aux m\u00e9dias \u00e0 destination des jeunes, pour d\u00e9velopper leur esprit critique et leur capacit\u00e9 d\u2019expression. <\/strong>Enfin, <strong>des coproductions entre radios du B\u00e9nin, du Tchad et du Togo <\/strong>viennent stimuler la cr\u00e9ativit\u00e9, favoriser les \u00e9changes r\u00e9gionaux et faire \u00e9merger des contenus ambitieux, pens\u00e9s par et pour la jeunesse.<\/p>\n\n\n\n<div class=\"wp-block-group is-nowrap is-layout-flex wp-container-core-group-is-layout-ad2f72ca wp-block-group-is-layout-flex\">\n<div class=\"wp-block-group h-100 backgroundedBlock backgroundedBlock--purple has-global-padding is-layout-constrained wp-block-group-is-layout-constrained\">\n<p>Entre mars et avril 2025, la Fondation Hirondelle a supervis\u00e9 la r\u00e9alisation d\u2019une <strong>\u00e9tude qualitative approfondie sur les usages et attentes des jeunes publics (15\u201330 ans) vis-\u00e0-vis des m\u00e9dias locaux.<\/strong> Le dispositif m\u00e9thodologique s\u2019est appuy\u00e9 sur 70 focus groups (20 au B\u00e9nin, 20 au Togo, 30 au Tchad), repr\u00e9sentant au total 700 jeunes interrog\u00e9\u00b7es.<\/p>\n<\/div>\n\n\n\n<div class=\"wp-block-group h-100 backgroundedBlock backgroundedBlock--green has-global-padding is-layout-constrained wp-block-group-is-layout-constrained\">\n<h2 class=\"wp-block-heading\">T\u00e9moignage<\/h2>\n\n\n\n<hr class=\"wp-block-separator has-alpha-channel-opacity\"\/>\n\n\n\n<p>\u00ab Nous avons des atouts en tant que m\u00e9dias, des forces non exploit\u00e9es et des th\u00e9matiques qui pourraient int\u00e9resser les auditeurs. Il est important de ne pas produire \u201cpour\u201d ses cibles mais \u201cavec\u201d elles. \u00bb<\/p>\n\n\n\n<hr class=\"wp-block-separator has-alpha-channel-opacity\"\/>\n\n\n\n<p class=\"has-text-align-right has-small-font-size\"><em>Participant \u00e0 l\u2019atelier de co-construction \u00e0 Lom\u00e9, Togo en juin 2025.<\/em><\/p>\n<\/div>\n<\/div>\n\n\n\n<p>Pour en savoir sur nos activit\u00e9s au B\u00e9nin, <a href=\"https:\/\/www.hirondelle.org\/fr\/que-faisons-nous\/operations\/geographiques\/afrique\/benin\">consultez la page d\u00e9di\u00e9e<\/a>.<\/p>\n\n\n\n<p>Pour en savoir sur nos activit\u00e9s au Tchad, <a href=\"https:\/\/www.hirondelle.org\/fr\/que-faisons-nous\/operations\/geographiques\/afrique\/tchad\">consultez la page d\u00e9di\u00e9e<\/a>.<\/p>\n","protected":false},"excerpt":{"rendered":"<p>M\u00e9diaOS (2024\u20132028) est un projet mis en \u0153uvre au B\u00e9nin, au Tchad et au Togo par CFi, avec Equipop et la Fondation Hirondelle. Il vise \u00e0 renforcer l\u2019\u00e9cosyst\u00e8me m\u00e9diatique pour produire des contenus de qualit\u00e9, notamment en langues locales, r\u00e9pondant aux pr\u00e9occupations des jeunes, en particulier des jeunes femmes. Le projet soutient radios, m\u00e9dias en [&hellip;]<\/p>\n","protected":false},"author":7,"featured_media":0,"parent":10640,"menu_order":0,"comment_status":"closed","ping_status":"closed","template":"","meta":{"_acf_changed":false,"footnotes":""},"class_list":["post-24508","page","type-page","status-publish","hentry"],"acf":[],"publishpress_future_action":{"enabled":false,"date":"2026-05-11 22:35:40","action":"change-status","newStatus":"draft","terms":[],"taxonomy":"translation_priority","extraData":[]},"publishpress_future_workflow_manual_trigger":{"enabledWorkflows":[]},"_links":{"self":[{"href":"https:\/\/www.hirondelle.org\/fr\/wp-json\/wp\/v2\/pages\/24508","targetHints":{"allow":["GET"]}}],"collection":[{"href":"https:\/\/www.hirondelle.org\/fr\/wp-json\/wp\/v2\/pages"}],"about":[{"href":"https:\/\/www.hirondelle.org\/fr\/wp-json\/wp\/v2\/types\/page"}],"author":[{"embeddable":true,"href":"https:\/\/www.hirondelle.org\/fr\/wp-json\/wp\/v2\/users\/7"}],"replies":[{"embeddable":true,"href":"https:\/\/www.hirondelle.org\/fr\/wp-json\/wp\/v2\/comments?post=24508"}],"version-history":[{"count":13,"href":"https:\/\/www.hirondelle.org\/fr\/wp-json\/wp\/v2\/pages\/24508\/revisions"}],"predecessor-version":[{"id":26055,"href":"https:\/\/www.hirondelle.org\/fr\/wp-json\/wp\/v2\/pages\/24508\/revisions\/26055"}],"up":[{"embeddable":true,"href":"https:\/\/www.hirondelle.org\/fr\/wp-json\/wp\/v2\/pages\/10640"}],"wp:attachment":[{"href":"https:\/\/www.hirondelle.org\/fr\/wp-json\/wp\/v2\/media?parent=24508"}],"curies":[{"name":"wp","href":"https:\/\/api.w.org\/{rel}","templated":true}]}}