{"id":24537,"date":"2026-03-19T10:26:51","date_gmt":"2026-03-19T09:26:51","guid":{"rendered":"https:\/\/www.hirondelle.org\/?page_id=24537"},"modified":"2026-04-10T10:52:42","modified_gmt":"2026-04-10T08:52:42","slug":"task-force-pour-lintegrite-des-elections-eitf-cote-divoire-bangladesh-perou","status":"publish","type":"page","link":"https:\/\/www.hirondelle.org\/fr\/que-faisons-nous\/operations\/thematiques\/gouvernance\/task-force-pour-lintegrite-des-elections-eitf-cote-divoire-bangladesh-perou","title":{"rendered":"Task Force pour l&rsquo;Int\u00e9grit\u00e9 des \u00c9lections (EITF) &#8211; C\u00f4te d&rsquo;Ivoire, Bangladesh, P\u00e9rou"},"content":{"rendered":"\n<figure class=\"wp-block-image size-large\"><img loading=\"lazy\" decoding=\"async\" width=\"2560\" height=\"1439\" src=\"https:\/\/www.hirondelle.org\/wp-content\/uploads\/2026\/03\/COTEIVOIRE_8X5A8642-edited-scaled.jpg\" alt=\"\" class=\"wp-image-24541\" srcset=\"https:\/\/www.hirondelle.org\/wp-content\/uploads\/2026\/03\/COTEIVOIRE_8X5A8642-edited-scaled.jpg 2560w, https:\/\/www.hirondelle.org\/wp-content\/uploads\/2026\/03\/COTEIVOIRE_8X5A8642-edited-300x169.jpg 300w, https:\/\/www.hirondelle.org\/wp-content\/uploads\/2026\/03\/COTEIVOIRE_8X5A8642-edited-1024x576.jpg 1024w, https:\/\/www.hirondelle.org\/wp-content\/uploads\/2026\/03\/COTEIVOIRE_8X5A8642-edited-768x432.jpg 768w, https:\/\/www.hirondelle.org\/wp-content\/uploads\/2026\/03\/COTEIVOIRE_8X5A8642-edited-1536x863.jpg 1536w, https:\/\/www.hirondelle.org\/wp-content\/uploads\/2026\/03\/COTEIVOIRE_8X5A8642-edited-2048x1151.jpg 2048w, https:\/\/www.hirondelle.org\/wp-content\/uploads\/2026\/03\/COTEIVOIRE_8X5A8642-edited-1000x562.jpg 1000w\" sizes=\"auto, (max-width: 2560px) 100vw, 2560px\" \/><figcaption class=\"wp-element-caption\">C\u00f4te d&rsquo;Ivoire<\/figcaption><\/figure>\n\n\n\n<p>La <strong>Task Force pour l&rsquo;Int\u00e9grit\u00e9 des \u00c9lections (Election Integrity Task Force, EITF)<\/strong> est un m\u00e9canisme de r\u00e9ponse rapide con\u00e7u <strong>pour d\u00e9tecter et pr\u00e9venir les manipulations et interf\u00e9rences d&rsquo;informations \u00e9trang\u00e8res (FIMI) et autres op\u00e9rations d&rsquo;influence malveillante, notamment domestiques (DIMI), pendant les p\u00e9riodes \u00e9lectorales<\/strong>. Il s\u2019agit d\u2019un consortium initi\u00e9 en 2025 et dirig\u00e9 par <a href=\"https:\/\/www.mediaregistry.org\" target=\"_blank\" rel=\"noreferrer noopener\">Global Media Registry<\/a> (GMR), en partenariat avec <a href=\"https:\/\/www.ifes.org\" target=\"_blank\" rel=\"noreferrer noopener\">International Foundation for Electoral Systems<\/a> (IFES) et la <a href=\"https:\/\/www.hirondelle.org\" target=\"_blank\" rel=\"noreferrer noopener\">Fondation Hirondelle<\/a>.<\/p>\n\n\n\n<p><\/p>\n\n\n\n<div class=\"wp-block-group is-content-justification-center is-nowrap is-layout-flex wp-container-core-group-is-layout-94bc23d7 wp-block-group-is-layout-flex\">\n<div class=\"wp-block-group h-100 backgroundedBlock backgroundedBlock--green has-fhviolet-background-color has-background has-global-padding is-layout-constrained wp-block-group-is-layout-constrained\">\n<h2 class=\"wp-block-heading has-white-color has-text-color has-link-color wp-elements-34e9012132a4627c67b1d1040611cdb2\">Budget annuel<\/h2>\n\n\n\n<p class=\"has-white-color has-text-color has-link-color wp-elements-23087ed0352ac329e916ac08cddb7ec0\">130&rsquo;000 CHF<\/p>\n\n\n\n<hr class=\"wp-block-separator has-text-color has-white-color has-alpha-channel-opacity has-white-background-color has-background\"\/>\n\n\n\n<h2 class=\"wp-block-heading has-white-color has-text-color has-link-color wp-elements-002cff104350e030d47b8413f5db8f92\">Source des financements<\/h2>\n\n\n\n<p class=\"has-white-color has-text-color has-link-color wp-elements-de0aba8265f94c46c6e9a750d7d0ab63\">Canada (Affaires mondiales)<\/p>\n<\/div>\n\n\n\n<div class=\"wp-block-group h-100 backgroundedBlock backgroundedBlock--purple has-fhgreen-background-color has-background has-global-padding is-layout-constrained wp-block-group-is-layout-constrained\">\n<h2 class=\"wp-block-heading has-fhviolet-color has-text-color has-link-color wp-elements-adc9f3c078a5b8b2fe08a8a24353ac3d\">Chiffre cl\u00e9 2025<\/h2>\n\n\n\n<hr class=\"wp-block-separator has-text-color has-fhviolet-color has-alpha-channel-opacity has-fhviolet-background-color has-background\"\/>\n\n\n\n<ul class=\"wp-block-list\">\n<li class=\"has-fhviolet-color has-text-color has-link-color wp-elements-7fc532f6534e70827fd8e3a168c76800\">100 personnes form\u00e9es et sensibilis\u00e9es aux FIMI<\/li>\n<\/ul>\n\n\n\n<div class=\"wp-block-buttons is-content-justification-center is-layout-flex wp-container-core-buttons-is-layout-16018d1d wp-block-buttons-is-layout-flex\">\n<div class=\"wp-block-button\"><a class=\"wp-block-button__link wp-element-button\" href=\"https:\/\/www.hirondelle.org\/wp-content\/uploads\/2026\/04\/Fiche-Projet-2026-EITF-FR-2.pdf\">T\u00e9l\u00e9chargez notre fiche projet<\/a><\/div>\n<\/div>\n\n\n\n<p><\/p>\n<\/div>\n<\/div>\n\n\n\n<h3 class=\"wp-block-heading\">contexte<\/h3>\n\n\n\n<p>La coordination, la diffusion massive et la complexit\u00e9 croissantes des ing\u00e9rences \u00e9trang\u00e8res et domestiques dans les espaces d\u2019information alimentent la polarisation, la m\u00e9fiance et les th\u00e9ories du complot, en particulier pendant les p\u00e9riodes \u00e9lectorales. Elles exploitent ainsi les failles des soci\u00e9t\u00e9s pour fragiliser leur fonctionnement et rendre leurs valeurs d\u00e9mocratiques et leur souverainet\u00e9 plus vuln\u00e9rables. Pour r\u00e9pondre \u00e0 ces enjeux, l\u2019EITF s&rsquo;appuie sur le cadre FIMI (Foreign Information Manipulation and Interference) et DISARM (Disinformation Analysis and Risk Management) <strong>pour lutter contre la manipulation de ces influences et ses liens avec la d\u00e9sinformation au niveau national.<\/strong><\/p>\n\n\n\n<p>En favorisant une collaboration \u00e9troite, le renforcement des capacit\u00e9s et le partage d&rsquo;informations entre les organisations de la soci\u00e9t\u00e9 civile, les professionnel\u00b7les des m\u00e9dias, les chercheur\u00b7euses et les institutions publiques, l\u2019EITF <strong>vise \u00e0 renforcer la capacit\u00e9 des acteurs locaux \u00e0 identifier, analyser et contrer ces op\u00e9rations d&rsquo;influence multiformes.<\/strong> L&rsquo;EITF vise ainsi \u00e0 contribuer <strong>\u00e0 pr\u00e9server l&rsquo;int\u00e9grit\u00e9 de l&rsquo;information en p\u00e9riode \u00e9lectorale, \u00e0 renforcer la r\u00e9silience d\u00e9mocratique et \u00e0 restaurer la confiance dans le processus d\u00e9mocratique.<\/strong><\/p>\n\n\n\n<h3 class=\"wp-block-heading\">Une approche multi-acteur\u00b7rices<\/h3>\n\n\n\n<p>L\u2019EITF s&rsquo;efforce de promouvoir un environnement informationnel sain, bas\u00e9 sur des faits v\u00e9rifi\u00e9s, en particulier lors des \u00e9lections, moments culminants de la vie d\u00e9mocratique et souvent sujets \u00e0 des critiques, voire \u00e0 des violences. Les pays pilotes o\u00f9 l\u2019EITF s\u2019est d\u00e9ploy\u00e9e en 2025-2026 sont la<strong> C\u00f4te d&rsquo;Ivoire (\u00e9lections en octobre 2025), le Bangladesh (\u00e9lections en f\u00e9vrier 2026) et le P\u00e9rou (\u00e9lections en avril 2026)<\/strong>.<\/p>\n\n\n\n<div class=\"wp-block-columns is-layout-flex wp-container-core-columns-is-layout-9d6595d7 wp-block-columns-is-layout-flex\">\n<div class=\"wp-block-column is-layout-flow wp-block-column-is-layout-flow\">\n<div class=\"wp-block-group is-nowrap is-layout-flex wp-container-core-group-is-layout-ad2f72ca wp-block-group-is-layout-flex\">\n<p>Lanc\u00e9e en octobre 2025 dans le cadre de l&rsquo;\u00e9lection pr\u00e9sidentielle en C\u00f4te d&rsquo;Ivoire, <strong>l\u2019EITF a mis en \u0153uvre une s\u00e9rie d\u2019actions<\/strong> :<\/p>\n<\/div>\n\n\n\n<ul class=\"wp-block-list\">\n<li><strong>Huit sessions de formation et de sensibilisation<\/strong> ont \u00e9t\u00e9 organis\u00e9es par la Fondation Hirondelle \u00e0 destination de professionnel\u00b7les des m\u00e9dias (en ligne et hors ligne), de repr\u00e9sentant\u00b7es des organes de r\u00e9gulation, des syndicats de m\u00e9dias, de blogueur\u00b7ses, d&rsquo;organisations de la soci\u00e9t\u00e9 civile, de la Haute Autorit\u00e9 de la Communication et de l\u2019Audiovisuel (HACA) et d&rsquo;institutions \u00e9lectorales. Un soutien via du coaching a \u00e9galement \u00e9t\u00e9 propos\u00e9 aux professionnel\u00b7les des m\u00e9dias pour renforcer leurs capacit\u00e9s de production.<\/li>\n\n\n\n<li><strong>Un syst\u00e8me de monitoring et d&rsquo;alerte rapide appel\u00e9 \u201cSituation Room\u201d<\/strong> a \u00e9t\u00e9 mis en place par GMR afin de cartographier et d\u2019assurer un suivi des tactiques, techniques et proc\u00e9dures (TTP) utilis\u00e9es par les acteurs des FIMI. Ce monitoring en lien avec les formations de la Fondation Hirondelle vise \u00e0 permettre des r\u00e9ponses pr\u00e9ventives et en temps r\u00e9el.<\/li>\n\n\n\n<li><strong>IFES a lanc\u00e9 un r\u00e9seau collaboratif d&rsquo;expert\u00b7es.<\/strong> Ce volet du projet a consist\u00e9 en la cr\u00e9ation d&rsquo;un centre interdisciplinaire de cartographie des parties prenantes agissant dans la lutte contre les FIMI. Il regroupe des expert\u00b7es locaux, r\u00e9gionaux et internationaux, tous domaines confondus, afin de soutenir les d\u00e9ploiements futurs et une communaut\u00e9 de pratique engag\u00e9e.<\/li>\n<\/ul>\n<\/div>\n\n\n\n<div class=\"wp-block-column is-layout-flow wp-block-column-is-layout-flow\">\n<div class=\"wp-block-group backgroundedBlock backgroundedBlock--green has-global-padding is-layout-constrained wp-block-group-is-layout-constrained\">\n<h2 class=\"wp-block-heading\">Priorit\u00e9s<\/h2>\n\n\n\n<hr class=\"wp-block-separator has-alpha-channel-opacity\"\/>\n\n\n\n<ul class=\"wp-block-list\">\n<li>Renforcer la r\u00e9silience des soci\u00e9t\u00e9s vis\u00e9es par les FIMI<\/li>\n\n\n\n<li>Renforcer les capacit\u00e9s de professionnel\u00b7les des m\u00e9dias et la sensibilisation d\u2019acteur\u00b7ices de la soci\u00e9t\u00e9 civile et des institutions<\/li>\n\n\n\n<li>Fournir des capacit\u00e9s locales de monitoring de la d\u00e9sinformation<\/li>\n<\/ul>\n\n\n\n<h2 class=\"wp-block-heading\">Activit\u00e9s<\/h2>\n\n\n\n<hr class=\"wp-block-separator has-alpha-channel-opacity\"\/>\n\n\n\n<ul class=\"wp-block-list\">\n<li>Elaborer une approche m\u00e9thodologique adapt\u00e9e<\/li>\n\n\n\n<li>Mettre en place une unit\u00e9 de monitoring<\/li>\n\n\n\n<li>Organiser des formations et ateliers de sensibilisation ; offrir du coaching sur mesure<\/li>\n<\/ul>\n<\/div>\n<\/div>\n<\/div>\n\n\n\n<p>L\u2019EITF est mis en oeuvre sur les m\u00eames bases en f\u00e9vrier 2026 au Bangladesh ainsi qu\u2019au P\u00e9rou en avril.<\/p>\n\n\n\n<p><\/p>\n\n\n\n<div class=\"wp-block-group is-nowrap is-layout-flex wp-container-core-group-is-layout-ad2f72ca wp-block-group-is-layout-flex\">\n<div class=\"wp-block-group h-100 backgroundedBlock backgroundedBlock--purple has-global-padding is-layout-constrained wp-block-group-is-layout-constrained\">\n<h2 class=\"wp-block-heading\">Notre impact<\/h2>\n\n\n\n<hr class=\"wp-block-separator has-alpha-channel-opacity\"\/>\n\n\n\n<p>Les formations en C\u00f4te d\u2019Ivoire ont permis une am\u00e9lioration de la connaissance des FIMI : 97% des participant\u00b7es d\u00e9clarent avoir une bonne connaissance des enjeux relatifs aux FIMI. Par ailleurs, des journalistes ont utilis\u00e9 la \u201cSituation Room\u201d pour obtenir des informations brutes pour leur travail journalistique. La HACA a sollicit\u00e9 l\u2019appui de l\u2019EITF pour son travail de monitoring.<\/p>\n<\/div>\n\n\n\n<div class=\"wp-block-group h-100 backgroundedBlock backgroundedBlock--green has-global-padding is-layout-constrained wp-block-group-is-layout-constrained\">\n<p>Trois groupes WhatsApp ont \u00e9t\u00e9 cr\u00e9\u00e9s pour les b\u00e9n\u00e9ficiaires des formations (comprenant OSC, journalistes et blogueur\u00b7ses). Le coach-journaliste de la Fondation Hirondelle a ainsi pu les accompagner dans la production de contenus (article de fact-checking, article d\u2019analyse sur les cas de FIMI, rapport, etc.).<\/p>\n<\/div>\n<\/div>\n\n\n\n<p><\/p>\n","protected":false},"excerpt":{"rendered":"<p>La Task Force pour l&rsquo;Int\u00e9grit\u00e9 des \u00c9lections (Election Integrity Task Force, EITF) est un m\u00e9canisme de r\u00e9ponse rapide con\u00e7u pour d\u00e9tecter et pr\u00e9venir les manipulations et interf\u00e9rences d&rsquo;informations \u00e9trang\u00e8res (FIMI) et autres op\u00e9rations d&rsquo;influence malveillante, notamment domestiques (DIMI), pendant les p\u00e9riodes \u00e9lectorales. Il s\u2019agit d\u2019un consortium initi\u00e9 en 2025 et dirig\u00e9 par Global Media Registry [&hellip;]<\/p>\n","protected":false},"author":7,"featured_media":0,"parent":10634,"menu_order":0,"comment_status":"closed","ping_status":"closed","template":"","meta":{"_acf_changed":false,"footnotes":""},"class_list":["post-24537","page","type-page","status-publish","hentry"],"acf":[],"publishpress_future_action":{"enabled":false,"date":"2026-04-20 20:16:21","action":"change-status","newStatus":"draft","terms":[],"taxonomy":"translation_priority","extraData":[]},"publishpress_future_workflow_manual_trigger":{"enabledWorkflows":[]},"_links":{"self":[{"href":"https:\/\/www.hirondelle.org\/fr\/wp-json\/wp\/v2\/pages\/24537","targetHints":{"allow":["GET"]}}],"collection":[{"href":"https:\/\/www.hirondelle.org\/fr\/wp-json\/wp\/v2\/pages"}],"about":[{"href":"https:\/\/www.hirondelle.org\/fr\/wp-json\/wp\/v2\/types\/page"}],"author":[{"embeddable":true,"href":"https:\/\/www.hirondelle.org\/fr\/wp-json\/wp\/v2\/users\/7"}],"replies":[{"embeddable":true,"href":"https:\/\/www.hirondelle.org\/fr\/wp-json\/wp\/v2\/comments?post=24537"}],"version-history":[{"count":4,"href":"https:\/\/www.hirondelle.org\/fr\/wp-json\/wp\/v2\/pages\/24537\/revisions"}],"predecessor-version":[{"id":25303,"href":"https:\/\/www.hirondelle.org\/fr\/wp-json\/wp\/v2\/pages\/24537\/revisions\/25303"}],"up":[{"embeddable":true,"href":"https:\/\/www.hirondelle.org\/fr\/wp-json\/wp\/v2\/pages\/10634"}],"wp:attachment":[{"href":"https:\/\/www.hirondelle.org\/fr\/wp-json\/wp\/v2\/media?parent=24537"}],"curies":[{"name":"wp","href":"https:\/\/api.w.org\/{rel}","templated":true}]}}