{"id":250,"date":"2024-04-05T23:36:19","date_gmt":"2024-04-05T21:36:19","guid":{"rendered":"https:\/\/www.hirondelle.org\/?page_id=250"},"modified":"2026-03-13T15:21:26","modified_gmt":"2026-03-13T14:21:26","slug":"conseil-de-fondation","status":"publish","type":"page","link":"https:\/\/www.hirondelle.org\/fr\/qui-sommes-nous\/conseil-de-fondation","title":{"rendered":"Conseil de Fondation"},"content":{"rendered":"\n<p>L\u2019organe de gouvernance de la Fondation Hirondelle est son Conseil de Fondation, compos\u00e9 de neuf membres. Les membres du Conseil restreint se r\u00e9unissent quatre fois par an pour faire le point avec la Direction de la Fondation et pr\u00e9parer les s\u00e9ances biannuelles du Conseil de Fondation.<\/p>\n\n\n\n<p><\/p>\n\n\n<script>\r\n\t\tvar team_configuration = {\"conseil\":{\"title\":\"Membres du Conseil de Fondation\",\"members\":[{\"name\":\"Francesca Argiroffo\",\"title\":\"Journaliste\",\"text\":\"Francesca Argiroffo est membre du conseil de la Fondation Hirondelle. Apr\\u00e8s des \\u00e9tudes en relations internationales \\u00e0 Gen\\u00e8ve, Francesca Argiroffo a travaill\\u00e9 pour la presse \\u00e9crite (la Suisse, l\\u2019Hebdo, le Journal de Gen\\u00e8ve) \\u00e0 Gen\\u00e8ve, Lausanne et B\\u00e2le. Elle a rejoint la RSR (RTS radio) en 1998. Elle a travaill\\u00e9 d\\u2019abord comme correspondante et responsable du bureau de Gen\\u00e8ve, puis \\u00e0 l\\u2019ONU, o\\u00f9 elle a couvert les organisations internationales et non-gouvernementales. Elle a ensuite produit des \\u00e9missions d\\u2019entretien avec des personnalit\\u00e9s politiques et \\u00e9conomiques, travaill\\u00e9 \\u00e0 la rubrique \\u00e9conomique, int\\u00e9gr\\u00e9 un petit p\\u00f4le d\\u2019enqu\\u00eate et r\\u00e9alis\\u00e9 un grand nombre de reportages d\\u2019actualit\\u00e9 en Suisse et \\u00e0 l\\u2019\\u00e9tranger pour une \\u00e9mission appel\\u00e9e \\u00ab 15 minutes \\u00bb. De 2020 \\u00e0 2024, elle a fait partie de l\\u2019\\u00e9quipe de \\u00ab Tout un monde \\u00bb, une \\u00e9mission radio matinale qui traite d\\u2019actualit\\u00e9 internationale.\"},{\"name\":\"Akram Belka\\u00efd\",\"title\":\"Membre du Conseil\",\"text\":\"Akram Belka\\u00efd est membre du Conseil de la Fondation Hirondelle.  Journaliste et essayiste alg\\u00e9rien,  il est R\\u00e9dacteur en chef du Monde diplomatique. Il collabore aussi avec le site Orient XXI, et il est chroniqueur au Quotidien d\\u2019Oran. Titulaire d\\u2019un DESS en strat\\u00e9gie des affaires \\u00e0 l\\u2019Universit\\u00e9 de Paris-Dauphine, il a \\u00e9t\\u00e9 correspondant puis journaliste et r\\u00e9dacteur en chef adjoint du quotidien \\u00e9conomique fran\\u00e7ais \\u00ab La Tribune \\u00bb. Akram Belka\\u00efd est l\\u2019auteur de plusieurs livres sur le Maghreb et l\\u2019Alg\\u00e9rie ainsi que d\\u2019un recueil de nouvelles se d\\u00e9roulant dans le monde arabe \\u00e0 la veille de l\\u2019invasion de l\\u2019Irak, en mars 2003.\"},{\"name\":\"Marie Jeanne Eby\",\"title\":\"Membre du Conseil\",\"text\":\"Marie Jeanne Eby est membre du conseil de la Fondation Hirondelle. Elle est responsable des relations ext\\u00e9rieures, Philantropie au WWF-International. Marie Jeanne Eby est une professionnelle de l\\u2019humanitaire avec une grande exp\\u00e9rience des op\\u00e9rations humanitaires, de la diplomatie humanitaire et de la mobilisation des ressources. Elle est passionn\\u00e9e par l\\u2019impact qu\\u2019elle peut avoir sur la vie des gens. Au cours des 18 derni\\u00e8res ann\\u00e9es, elle a travaill\\u00e9 pour le Comit\\u00e9 international de la Croix-Rouge (CICR) \\u00e0 diff\\u00e9rents postes de direction dans des situations de conflit et de post-conflit en Asie, en Afrique, au Moyen-Orient, aux \\u00c9tats-Unis et au si\\u00e8ge du CICR \\u00e0 Gen\\u00e8ve pendant 8 ans. Son dernier poste au CICR \\u00e9tait celui de responsable r\\u00e9gionale de la mobilisation des ressources. Marie Jeanne a \\u00e9galement travaill\\u00e9 en tant que consultante et sp\\u00e9cialiste de l\\u2019action humanitaire pour le Fonds mondial de lutte contre le sida, la tuberculose et le paludisme avant de rejoindre l\\u2019\\u00e9quipe philanthropique du WWF pour plaider en faveur de la protection de l\\u2019environnement afin que les hommes et la nature puissent s\\u2019\\u00e9panouir dans les limites de la plan\\u00e8te et parvenir \\u00e0 une plan\\u00e8te plus s\\u00fbre pour tous. Elle est titulaire d\\u2019une ma\\u00eetrise en administration des affaires, en relations internationales et en sciences politiques et a r\\u00e9cemment obtenu un certificat en gestion de la durabilit\\u00e9 des entreprises \\u00e0 l\\u2019universit\\u00e9 de Cambridge.\"},{\"name\":\"Mario Fetz\",\"title\":\"Membre du Conseil\",\"text\":\"Mario Fetz est membre du conseil de la Fondation Hirondelle. Avec plus de 30 ans d\\u2019exp\\u00e9rience au sein d\\u2019organisations \\u00e0 but non-lucratif et d\\u2019organisations internationales, c\\u2019est un expert reconnu dans les cr\\u00e9ations de partenariats, la recherche de fonds et le marketing. Il occupe actuellement le poste de Secr\\u00e9taire g\\u00e9n\\u00e9ral de la Fondation Apprentis d\\u2019Auteuil International. Auparavant, il a notamment \\u00e9t\\u00e9 Directeur des Relations Ext\\u00e9rieures de la Fondation Internationale contre l\\u2019Ost\\u00e9oporose, Directeur de la F\\u00e9d\\u00e9ration Internationale du Diab\\u00e8te. Il a \\u00e9galement travaill\\u00e9 aux Relations avec les Partenaires Priv\\u00e9s au si\\u00e8ge \\u00e0 Rome du Programme alimentaire Mondial des Nations Unies. Pr\\u00e9c\\u00e9demment il a \\u00e9t\\u00e9 pendant neuf ans Directeur de la Recherche de Fonds et du Marketing au WWF International (Fonds mondial pour la nature), et 15 ans au CICR o\\u00f9 il a \\u00e9t\\u00e9 d\\u00e9l\\u00e9gu\\u00e9 sur le terrain en Afrique, Moyen-Orient et Am\\u00e9rique centrale. Il a \\u00e9galement occup\\u00e9 des postes au si\\u00e8ge, notamment comme responsable de la recherche de fonds priv\\u00e9s.\"},{\"name\":\"Eric Guevara-Frey\",\"title\":\"Journaliste\",\"text\":\"Eric Guevara-Frey est membre du conseil de la Fondation Hirondelle. Journaliste \\u00e0 la radio publique suisse RTS, il se l\\u00e8ve t\\u00f4t le matin pour un public qui, comme lui, accorde de la valeur \\u00e0 l'information v\\u00e9rifi\\u00e9e et expliqu\\u00e9e. Avec son \\u00e9quipe, il tente de donner du sens au monde. Parce que les m\\u00e9dias doivent s\\u2019adapter aux usages, il travaille sur les \\u00e9volutions du journalisme et des nouvelles technologies qui le soutiennent. Il est ainsi l\\u2019un des pionniers du podcast \\u00e0 la RTS et co-dirige l\\u2019incubateur interne sur la transformation num\\u00e9rique. Il a couvert de grands \\u00e9v\\u00e9nements internationaux sur le terrain ou \\u00e0 l\\u2019antenne et a \\u00e9t\\u00e9 correspondant \\u00e0 Washington\"},{\"name\":\"Nathalie Pignard-Cheynel\",\"title\":\"Membre du Conseil\",\"text\":\"Nathalie Pignard-Cheynel est membre du conseil de la Fondation Hirondelle. Elle dirige l\\u2019Acad\\u00e9mie du journalisme et des m\\u00e9dias (AJM) de l\\u2019Universit\\u00e9 de Neuch\\u00e2tel. Professeure en journalisme et information num\\u00e9rique, Nathalie Pignard-Cheynel s\\u2019int\\u00e9resse aux mutations des pratiques journalistiques et des strat\\u00e9gies \\u00e9ditoriales des m\\u00e9dias \\u00e0 l\\u2019heure du num\\u00e9rique. Ses travaux et enseignements portent sur l\\u2019usage des r\\u00e9seaux sociaux, les reconfigurations des liens entre journalistes et publics, les pratiques d\\u2019information sur supports num\\u00e9riques, ainsi que les usages li\\u00e9s au mobile pour la production, la diffusion et la consommation d\\u2019informations. Membre associ\\u00e9 du Crem (Centre de recherche sur les m\\u00e9diations) de l\\u2019universit\\u00e9 de Lorraine, en France, elle a co-anim\\u00e9 pendant plusieurs ann\\u00e9es l\\u2019Observatoire du webjournalisme (Obsweb). Nathalie Pignard-Cheynel a \\u00e9galement dirig\\u00e9 un projet de recherche financ\\u00e9 par le Fonds national suisse sur l\\u2019information locale \\u00e0 l\\u2019\\u00e8re num\\u00e9rique, et des recherches sur la d\\u00e9sinformation. Elle est en outre pr\\u00e9sidente du conseil scientifique de l\\u2019Initiative for Media Innovation (IMI) depuis sa cr\\u00e9ation en 2018.\"},{\"name\":\"Robert Roth\",\"title\":\"Membre du Conseil\",\"text\":\"Robert Roth est membre du Conseil de la Fondation Hirondelle. Professeur \\u00e0 la Facult\\u00e9 de droit de l\\u2019Universit\\u00e9 de Gen\\u00e8ve de 1987 \\u00e0 2017, Robert Roth a aussi \\u00e9t\\u00e9 juge \\u00e0 la Cour de cassation du canton de Gen\\u00e8ve de 1992 \\u00e0 2011. Il a exerc\\u00e9 la fonction de doyen de la Facult\\u00e9 de droit de juillet 2003 \\u00e0 juillet 2007. En 2011, il a \\u00e9t\\u00e9 appel\\u00e9 aux fonctions de juge au Tribunal sp\\u00e9cial pour le Liban, dont il a pr\\u00e9sid\\u00e9 la Chambre de premi\\u00e8re instance pendant deux ann\\u00e9es. Il a ensuite dirig\\u00e9 l\\u2019Acad\\u00e9mie de droit international humanitaire et des droits humains \\u00e0 Gen\\u00e8ve, de septembre 2014 \\u00e0 ao\\u00fbt 2018. Il est professeur honoraire depuis 2018 et pr\\u00e9side depuis avril 2023 l\\u2019Association pour la pr\\u00e9vention de la torture.\"},{\"name\":\"Anna Trechsel\",\"title\":\"Membre du Conseil\",\"text\":\"Anna Trechsel est membre du conseil de la Fondation Hirondelle. Elle travaille en tant que journaliste depuis plus de 20 ans. Actuellement, elle est correspondante pour la radio suisse SRF. Auparavant, elle a travaill\\u00e9 plusieurs ann\\u00e9es comme productrice de l\\u2019\\u00e9mission \\\"Echo der Zeit\\\" de la Radio SRF, comme responsable de la rubrique internationale de la \\\"NZZ am Sonntag\\\" et comme r\\u00e9dactrice \\u00e0 l\\u2019\\u00e9tranger pour le journal \\\"Der Bund\\\". Elle se concentre sur les reportages \\u00e0 l\\u2019\\u00e9tranger, avec un accent sur le Moyen-Orient. Anna Trechsel a \\u00e9tudi\\u00e9 les sciences de l\\u2019islam et les sciences politiques et a travaill\\u00e9 en tant que journaliste ind\\u00e9pendante au Liban et en Syrie.\"}]},\"restreint\":{\"title\":\"Conseil restreint\",\"members\":[{\"name\":\"Tony Burgener\",\"title\":\"Pr\\u00e9sident du Conseil\",\"text\":\"Tony Burgener est le pr\\u00e9sident du conseil de la Fondation Hirondelle. Il b\\u00e9n\\u00e9ficie d\\u2019une longue exp\\u00e9rience dans le domaine humanitaire, et de la communication. Tony Burgener a occup\\u00e9 de 2011 \\u00e0 sa retraite en d\\u00e9cembre 2019 le poste de Directeur g\\u00e9n\\u00e9ral de la Cha\\u00eene du Bonheur, principal bailleur de fonds priv\\u00e9 en Suisse pour l\\u2019aide humanitaire. Il a pr\\u00e9c\\u00e9demment \\u00e9t\\u00e9 responsable de la presse et de la collecte de fonds priv\\u00e9 au Comit\\u00e9 international de la Croix-Rouge (CICR), responsable des m\\u00e9dias et des affaires publiques \\u00e0 l\\u2019Exposition nationale suisse, Expo.02, et responsable des services de communication au Comit\\u00e9 international olympique (CIO). Il a \\u00e9galement travaill\\u00e9 comme journaliste pour le quotidien suisse Walliser Bote dans le canton du Valais.\"},{\"name\":\"Marc Hofstetter\",\"title\":\"Membre du Conseil\",\"text\":\"Marc Hofstetter est membre du Conseil de la Fondation Hirondelle. Il s\\u2019engage pour des organisations humanitaires et internationales depuis maintenant 35 ans. Il a notamment \\u00e9t\\u00e9 Directeur ex\\u00e9cutif adjoint du Centre pour le Dialogue Humanitaire (HD), bas\\u00e9 \\u00e0 Gen\\u00e8ve. Auparavant, il a endoss\\u00e9 les r\\u00f4les de secr\\u00e9taire ex\\u00e9cutif adjoint et directeur des op\\u00e9rations pour l\\u2019Alliance mondiale pour les vaccins et l\\u2019immunisation (GAVI) ainsi que directeur ex\\u00e9cutif de la Fondation pour l\\u2019\\u00e9limination du travail des enfants dans la culture du tabac. Avant cela, il a aussi \\u00e9t\\u00e9 chef de d\\u00e9l\\u00e9gation en Irak et au Tadjikistan pour le Comit\\u00e9 international de la Croix-Rouge. Il a aussi travaill\\u00e9 comme gestionnaire de projet pour le compte du Forum \\u00e9conomique mondial de Davos. Son cursus universitaire l\\u2019a amen\\u00e9 \\u00e0 r\\u00e9aliser deux masters, d\\u2019abord en \\u00e9conomie \\u00e0 l\\u2019universit\\u00e9 de Lausanne, puis en relations internationales \\u00e0 la Fletcher School of Law and Diplomacy de l\\u2019universit\\u00e9 de Tufts \\u00e0 Boston.\"},{\"name\":\"Isabelle Werenfels\",\"title\":\"Membre du Conseil\",\"text\":\"Dr. Isabelle Werenfels est membre du conseil de la Fondation Hirondelle. Elle est Senior Fellow \\u00e0 la division de recherche sur le Moyen-Orient et l\\u2019Afrique de l\\u2019Institut allemand pour les affaires internationales et de s\\u00e9curit\\u00e9, une division qu\\u2019elle a dirig\\u00e9e de 2014 \\u00e0 2018. Elle \\u00e9tait auparavant membre et vice-pr\\u00e9sidente du conseil de fondation de l\\u2019Institut universitaire de hautes \\u00e9tudes du d\\u00e9veloppement international \\u00e0 Gen\\u00e8ve. Elle a travaill\\u00e9 comme reporter\\\/r\\u00e9dacteur \\u00e0 la Radio publique suisse al\\u00e9manique (DRS), o\\u00f9 elle suivait notamment le Moyen-Orient. Elle a \\u00e9galement occup\\u00e9 les postes de chef de la d\\u00e9l\\u00e9gation suisse et de la division de la recherche, de l\\u2019analyse et de l\\u2019information de la Pr\\u00e9sence internationale temporaire dans la ville d\\u2019H\\u00e9bron (TIPH), et a donn\\u00e9 des conf\\u00e9rences \\u00e0 l\\u2019Universit\\u00e9 de Hambourg et \\u00e0 la Freie Universitat Berlin.\"}]}};\r\n\t<\/script>\r\n\t<h3 class=\"wp-block-heading\">Membres du Conseil de Fondation<\/h3><div class=\"row team-group\"><div class=\"team-wrap team-wrap--nosocial col-md-3 col-sm-6\" style=\"cursor:pointer;\" data-openmodaltext=\"conseil-0\"\"><div class=\"team-img\">\r\n\t\t\t\t\t\t\t\t\t<img decoding=\"async\" src=\"https:\/\/www.hirondelle.org\/wp-content\/themes\/hirondelle\/assets\/image\/notre-equipe\/people-placeholder.jpg\" alt=\"Francesca Argiroffo\" \/>\r\n\t\t\t\t\t\t\t<\/div><div class=\"team-content\">\r\n\t\t\t\t\t\t\t\t<h4>Francesca Argiroffo<\/h4>\r\n\t\t\t\t\t\t\t\t<span class=\"designation\">Journaliste<\/span>\r\n\t\t\t\t\t\t<\/div>\r\n\t\t\t\t<\/div><div class=\"team-wrap team-wrap--nosocial col-md-3 col-sm-6\" style=\"cursor:pointer;\" data-openmodaltext=\"conseil-1\"\"><div class=\"team-img\">\r\n\t\t\t\t\t\t\t\t\t<img decoding=\"async\" src=\"https:\/\/www.hirondelle.org\/wp-content\/themes\/hirondelle\/assets\/image\/notre-equipe\/people-placeholder.jpg\" alt=\"Akram Belka\u00efd\" \/>\r\n\t\t\t\t\t\t\t<\/div><div class=\"team-content\">\r\n\t\t\t\t\t\t\t\t<h4>Akram Belka\u00efd<\/h4>\r\n\t\t\t\t\t\t\t\t<span class=\"designation\">Membre du Conseil<\/span>\r\n\t\t\t\t\t\t<\/div>\r\n\t\t\t\t<\/div><div class=\"team-wrap team-wrap--nosocial col-md-3 col-sm-6\" style=\"cursor:pointer;\" data-openmodaltext=\"conseil-2\"\"><div class=\"team-img\">\r\n\t\t\t\t\t\t\t\t\t<img decoding=\"async\" src=\"https:\/\/www.hirondelle.org\/wp-content\/themes\/hirondelle\/assets\/image\/notre-equipe\/people-placeholder.jpg\" alt=\"Marie Jeanne Eby\" \/>\r\n\t\t\t\t\t\t\t<\/div><div class=\"team-content\">\r\n\t\t\t\t\t\t\t\t<h4>Marie Jeanne Eby<\/h4>\r\n\t\t\t\t\t\t\t\t<span class=\"designation\">Membre du Conseil<\/span>\r\n\t\t\t\t\t\t<\/div>\r\n\t\t\t\t<\/div><div class=\"team-wrap team-wrap--nosocial col-md-3 col-sm-6\" style=\"cursor:pointer;\" data-openmodaltext=\"conseil-3\"\"><div class=\"team-img\">\r\n\t\t\t\t\t\t\t\t\t<img decoding=\"async\" src=\"https:\/\/www.hirondelle.org\/wp-content\/themes\/hirondelle\/assets\/image\/notre-equipe\/people-placeholder.jpg\" alt=\"Mario Fetz\" \/>\r\n\t\t\t\t\t\t\t<\/div><div class=\"team-content\">\r\n\t\t\t\t\t\t\t\t<h4>Mario Fetz<\/h4>\r\n\t\t\t\t\t\t\t\t<span class=\"designation\">Membre du Conseil<\/span>\r\n\t\t\t\t\t\t<\/div>\r\n\t\t\t\t<\/div><\/div> <div class=\"row team-group\"><div class=\"team-wrap team-wrap--nosocial col-md-3 col-sm-6\" style=\"cursor:pointer;\" data-openmodaltext=\"conseil-4\"\"><div class=\"team-img\">\r\n\t\t\t\t\t\t\t\t\t<img decoding=\"async\" src=\"https:\/\/www.hirondelle.org\/wp-content\/themes\/hirondelle\/assets\/image\/notre-equipe\/people-placeholder.jpg\" alt=\"Eric Guevara-Frey\" \/>\r\n\t\t\t\t\t\t\t<\/div><div class=\"team-content\">\r\n\t\t\t\t\t\t\t\t<h4>Eric Guevara-Frey<\/h4>\r\n\t\t\t\t\t\t\t\t<span class=\"designation\">Journaliste<\/span>\r\n\t\t\t\t\t\t<\/div>\r\n\t\t\t\t<\/div><div class=\"team-wrap team-wrap--nosocial col-md-3 col-sm-6\" style=\"cursor:pointer;\" data-openmodaltext=\"conseil-5\"\"><div class=\"team-img\">\r\n\t\t\t\t\t\t\t\t\t<img decoding=\"async\" src=\"https:\/\/www.hirondelle.org\/wp-content\/themes\/hirondelle\/assets\/image\/notre-equipe\/people-placeholder.jpg\" alt=\"Nathalie Pignard-Cheynel\" \/>\r\n\t\t\t\t\t\t\t<\/div><div class=\"team-content\">\r\n\t\t\t\t\t\t\t\t<h4>Nathalie Pignard-Cheynel<\/h4>\r\n\t\t\t\t\t\t\t\t<span class=\"designation\">Membre du Conseil<\/span>\r\n\t\t\t\t\t\t<\/div>\r\n\t\t\t\t<\/div><div class=\"team-wrap team-wrap--nosocial col-md-3 col-sm-6\" style=\"cursor:pointer;\" data-openmodaltext=\"conseil-6\"\"><div class=\"team-img\">\r\n\t\t\t\t\t\t\t\t\t<img decoding=\"async\" src=\"https:\/\/www.hirondelle.org\/wp-content\/themes\/hirondelle\/assets\/image\/notre-equipe\/people-placeholder.jpg\" alt=\"Robert Roth\" \/>\r\n\t\t\t\t\t\t\t<\/div><div class=\"team-content\">\r\n\t\t\t\t\t\t\t\t<h4>Robert Roth<\/h4>\r\n\t\t\t\t\t\t\t\t<span class=\"designation\">Membre du Conseil<\/span>\r\n\t\t\t\t\t\t<\/div>\r\n\t\t\t\t<\/div><div class=\"team-wrap team-wrap--nosocial col-md-3 col-sm-6\" style=\"cursor:pointer;\" data-openmodaltext=\"conseil-7\"\"><div class=\"team-img\">\r\n\t\t\t\t\t\t\t\t\t<img decoding=\"async\" src=\"https:\/\/www.hirondelle.org\/wp-content\/themes\/hirondelle\/assets\/image\/notre-equipe\/people-placeholder.jpg\" alt=\"Anna Trechsel\" \/>\r\n\t\t\t\t\t\t\t<\/div><div class=\"team-content\">\r\n\t\t\t\t\t\t\t\t<h4>Anna Trechsel<\/h4>\r\n\t\t\t\t\t\t\t\t<span class=\"designation\">Membre du Conseil<\/span>\r\n\t\t\t\t\t\t<\/div>\r\n\t\t\t\t<\/div><\/div> <div class=\"row team-group\"><\/div><h3 class=\"wp-block-heading\">Conseil restreint<\/h3><div class=\"row team-group\"><div class=\"team-wrap team-wrap--nosocial col-md-3 col-sm-6\" style=\"cursor:pointer;\" data-openmodaltext=\"restreint-0\"\"><div class=\"team-img\">\r\n\t\t\t\t\t\t\t\t\t<img decoding=\"async\" src=\"https:\/\/www.hirondelle.org\/wp-content\/themes\/hirondelle\/assets\/image\/notre-equipe\/people-placeholder.jpg\" alt=\"Tony Burgener\" \/>\r\n\t\t\t\t\t\t\t<\/div><div class=\"team-content\">\r\n\t\t\t\t\t\t\t\t<h4>Tony Burgener<\/h4>\r\n\t\t\t\t\t\t\t\t<span class=\"designation\">Pr\u00e9sident du Conseil<\/span>\r\n\t\t\t\t\t\t<\/div>\r\n\t\t\t\t<\/div><div class=\"team-wrap team-wrap--nosocial col-md-3 col-sm-6\" style=\"cursor:pointer;\" data-openmodaltext=\"restreint-1\"\"><div class=\"team-img\">\r\n\t\t\t\t\t\t\t\t\t<img decoding=\"async\" src=\"https:\/\/www.hirondelle.org\/wp-content\/themes\/hirondelle\/assets\/image\/notre-equipe\/people-placeholder.jpg\" alt=\"Marc Hofstetter\" \/>\r\n\t\t\t\t\t\t\t<\/div><div class=\"team-content\">\r\n\t\t\t\t\t\t\t\t<h4>Marc Hofstetter<\/h4>\r\n\t\t\t\t\t\t\t\t<span class=\"designation\">Membre du Conseil<\/span>\r\n\t\t\t\t\t\t<\/div>\r\n\t\t\t\t<\/div><div class=\"team-wrap team-wrap--nosocial col-md-3 col-sm-6\" style=\"cursor:pointer;\" data-openmodaltext=\"restreint-2\"\"><div class=\"team-img\">\r\n\t\t\t\t\t\t\t\t\t<img decoding=\"async\" src=\"https:\/\/www.hirondelle.org\/wp-content\/themes\/hirondelle\/assets\/image\/notre-equipe\/people-placeholder.jpg\" alt=\"Isabelle Werenfels\" \/>\r\n\t\t\t\t\t\t\t<\/div><div class=\"team-content\">\r\n\t\t\t\t\t\t\t\t<h4>Isabelle Werenfels<\/h4>\r\n\t\t\t\t\t\t\t\t<span class=\"designation\">Membre du Conseil<\/span>\r\n\t\t\t\t\t\t<\/div>\r\n\t\t\t\t<\/div><\/div>\r\n\r\n\t<div id=\"FHTeamMemberModal\" class=\"modal fade\">\r\n\t\t<div class=\"modal-dialog modal-lg\">\r\n\t\t\t<div class=\"modal-content\">\r\n\t\t\t\t<div class=\"modal-header\">\r\n\t\t\t\t\t<div class=\"modal-title\"><\/div>\r\n\t\t\t\t\t<button type=\"button\" class=\"btn-close\" data-bs-dismiss=\"modal\" aria-label=\"Close\"><\/button>\r\n\t\t\t\t<\/div>\r\n\t\t\t\t<div class=\"modal-body\">\r\n\t\t\t\t\t<div class=\"modal-intro-image\">\r\n\t\t\t\t\t\t<img decoding=\"async\" src=\"\" class=\"modal-image\" \/>\r\n\t\t\t\t\t\t<p class=\"modal-intro\"><\/p>\r\n\t\t\t\t\t<\/div>\r\n\t\t\t\t\t<div class=\"modal-text\"><\/div>\r\n\t\t\t\t<\/div>\r\n\t\t\t<\/div>\r\n\t\t<\/div>\r\n\t<\/div>\r\n\t<script>\r\n\t\tjQuery(function(){\r\n\t\t\tjQuery(\"#FHTeamMemberModal\").insertAfter(\"#footer\");\r\n\t\r\n\t\t\tjQuery(\".team-wrap[data-openmodaltext]\").click(function(){\r\n\t\t\t\tvar tmp = jQuery(this).data(\"openmodaltext\").split(\"-\");\r\n\t\t\t\tvar group_key = tmp[0];\r\n\t\t\t\tvar member_key = tmp[1];\r\n\t\t\t\tvar member_configuration = team_configuration[group_key][\"members\"][member_key];\r\n\t\t\t\t\r\n\t\t\t\tjQuery(\"#FHTeamMemberModal .modal-title\").text(member_configuration[\"name\"]);\r\n\t\t\t\tjQuery(\"#FHTeamMemberModal .modal-image\").attr(\"src\", jQuery(\"img\", this).attr(\"src\"));\r\n\t\t\t\tjQuery(\"#FHTeamMemberModal .modal-intro\").text(member_configuration[\"title\"]);\r\n\t\t\t\tjQuery(\"#FHTeamMemberModal .modal-text\").html(member_configuration[\"text\"]);\r\n\t\t\t\tjQuery(\"#FHTeamMemberModal\").modal(\"show\");\r\n\t\t\t});\r\n\t\t\t\r\n\t\t});\r\n\t<\/script>\n\n\n\n<p><\/p>\n\n\n\n<div style=\"height:45px\" aria-hidden=\"true\" class=\"wp-block-spacer\"><\/div>\n\n\n\n<div class=\"wp-block-buttons is-content-justification-center is-layout-flex wp-container-core-buttons-is-layout-16018d1d wp-block-buttons-is-layout-flex\">\n<div class=\"wp-block-button\"><a class=\"wp-block-button__link wp-element-button\" href=\"\/wp-content\/uploads\/2024\/12\/FH-Organigramme_2024-FR.pdf\" target=\"_blank\" rel=\"noreferrer noopener\">Organigramme de la Fondation Hirondelle<\/a><\/div>\n<\/div>\n\n\n\n<p><\/p>\n","protected":false},"excerpt":{"rendered":"<p>L\u2019organe de gouvernance de la Fondation Hirondelle est son Conseil de Fondation, compos\u00e9 de neuf membres. Les membres du Conseil restreint se r\u00e9unissent quatre fois par an pour faire le point avec la Direction de la Fondation et pr\u00e9parer les s\u00e9ances biannuelles du Conseil de Fondation.<\/p>\n","protected":false},"author":9,"featured_media":0,"parent":212,"menu_order":3,"comment_status":"closed","ping_status":"closed","template":"","meta":{"_acf_changed":false,"footnotes":""},"class_list":["post-250","page","type-page","status-publish","hentry"],"acf":[],"publishpress_future_action":{"enabled":false,"date":"2026-04-21 21:49:36","action":"change-status","newStatus":"draft","terms":[],"taxonomy":"translation_priority","extraData":[]},"publishpress_future_workflow_manual_trigger":{"enabledWorkflows":[]},"_links":{"self":[{"href":"https:\/\/www.hirondelle.org\/fr\/wp-json\/wp\/v2\/pages\/250","targetHints":{"allow":["GET"]}}],"collection":[{"href":"https:\/\/www.hirondelle.org\/fr\/wp-json\/wp\/v2\/pages"}],"about":[{"href":"https:\/\/www.hirondelle.org\/fr\/wp-json\/wp\/v2\/types\/page"}],"author":[{"embeddable":true,"href":"https:\/\/www.hirondelle.org\/fr\/wp-json\/wp\/v2\/users\/9"}],"replies":[{"embeddable":true,"href":"https:\/\/www.hirondelle.org\/fr\/wp-json\/wp\/v2\/comments?post=250"}],"version-history":[{"count":18,"href":"https:\/\/www.hirondelle.org\/fr\/wp-json\/wp\/v2\/pages\/250\/revisions"}],"predecessor-version":[{"id":24169,"href":"https:\/\/www.hirondelle.org\/fr\/wp-json\/wp\/v2\/pages\/250\/revisions\/24169"}],"up":[{"embeddable":true,"href":"https:\/\/www.hirondelle.org\/fr\/wp-json\/wp\/v2\/pages\/212"}],"wp:attachment":[{"href":"https:\/\/www.hirondelle.org\/fr\/wp-json\/wp\/v2\/media?parent=250"}],"curies":[{"name":"wp","href":"https:\/\/api.w.org\/{rel}","templated":true}]}}