{"id":2582,"date":"2024-05-18T18:40:10","date_gmt":"2024-05-18T16:40:10","guid":{"rendered":"https:\/\/www.hirondelle.org\/?page_id=2582"},"modified":"2025-01-13T16:07:14","modified_gmt":"2025-01-13T15:07:14","slug":"masterclasses-presentation","status":"publish","type":"page","link":"https:\/\/www.hirondelle.org\/fr\/masterclasses-presentation","title":{"rendered":"Pr\u00e9sentation"},"content":{"rendered":"\n<p><iframe loading=\"lazy\" style=\"float: left; margin-right: 12px; margin-top: 6px;\" src=\"https:\/\/www.youtube.com\/embed\/YUXTpyQOrRE\" width=\"450\" height=\"253\" frameborder=\"0\" allowfullscreen=\"\"><\/iframe>Dans\u00a0<strong>l\u2019anarchie de l\u2019information en ligne<\/strong>, s\u2019informer revient \u00e0 circuler dans un monde sans carte, ni boussole.\u00a0<strong>Pour \u00e9viter le pire<\/strong>\u00a0&#8211; la d\u00e9sinformation et le manque de pluralit\u00e9 des points de vues qui cr\u00e9ent de l\u2019entre soi ou des bulles informationnelles, mieux vaut comprendre la m\u00e9canique de la fabrique de l\u2019information.<br>C\u2019est tout le sens de ces masterclasses con\u00e7ues par la Fondation Hirondelle. Ces vid\u00e9os couvrent\u00a0<strong>une trentaine de th\u00e8mes avec autant de sp\u00e9cialistes<\/strong>\u00a0dans leurs domaines : le reportage, la fabrique de l\u2019information, l\u2019\u00e9conomie des m\u00e9dias, les \u00ab fake-news \u00bb (comment les d\u00e9jouer ?), le travail des sources, les droits et devoirs du journaliste, l\u2019avenir de la presse, etc&#8230; Au total,\u00a0<strong>300 questions<\/strong>\u00a0r\u00e9parties en\u00a0<strong>30 capsules de 12 \u00e0 18 minutes chacune<\/strong>\u00a0&#8211; soit plus de 6 heures d\u2019interviews film\u00e9es et sous-titr\u00e9es (ENG\/FR) \u00e0 disposition des journalistes en formation mais aussi de toute personne int\u00e9ress\u00e9e par ces enjeux.<\/p>\n\n\n\n<p>Cette initiative s\u2019inscrit dans une dynamique de plus en plus reconnue :&nbsp;<strong>l\u2019\u00e9ducation aux m\u00e9dias<\/strong>. La n\u00e9cessit\u00e9 d\u2019apprendre, en tant que consommateur de m\u00e9dias comment ce secteur fonctionne et quelles en sont les r\u00e8gles professionnelles.<\/p>\n\n\n\n<p>Une d\u00e9mocratie, en effet, peut-elle survivre si les citoyens qui la composent sont d\u00e9sinform\u00e9s ? Si dans le soup\u00e7on g\u00e9n\u00e9ralis\u00e9, certains faits eux-m\u00eames ne font plus l\u2019unanimit\u00e9 ? C\u2019est le danger auquel sont confront\u00e9es nos soci\u00e9t\u00e9s \u00e0 l\u2019\u00e8re des r\u00e9seaux sociaux, du tout gratuit et de la\u00a0<strong>fragmentation<\/strong>\u00a0des sources. De la confusion entre une\u00a0<strong>information professionnelle<\/strong>\u00a0et le tsunami de faux-nez m\u00e9diatiques (blogs d\u2019opinions, communication politique, publicit\u00e9s, \u00ab journalisme-citoyen \u00bb) nait la\u00a0<strong>perte de rep\u00e8res<\/strong>. Certaines personnes ne font plus confiance aux m\u00e9dias dits \u00ab traditionnels \u00bb, se m\u00e9fient des journalistes, ne veulent plus ou ne savent plus comment s\u2019informer. Les effets qui en r\u00e9sultent nourrissent le populisme et le pass\u00e9 nous enseigne que la d\u00e9mocratie peut en mourir.<br><br><\/p>\n\n\n\n<div class=\"wp-block-columns is-layout-flex wp-container-core-columns-is-layout-9d6595d7 wp-block-columns-is-layout-flex\">\n<div class=\"wp-block-column is-vertically-aligned-center is-layout-flow wp-block-column-is-layout-flow\"><canvas id=\"tagcanvas\" width=\"1350\" height=\"1000\" style=\"max-width: 100%; width: 100%;margin-top:-20px;\">\r\n\t\t<p>If this looks like a small static image, your browser does not support the\r\n\t\tcanvas tag. Please try again using a different browser, or try to imagine text\r\n\t\tswirling around in response to the mouse position.<\/p>\r\n\t<\/canvas>\r\n\t\r\n\t<div id=\"taglist\" style=\"display:none;\">\r\n\t\t<ul><li><a href=\"\/fr\/tag\/masterclasses-reportage\">Reportage<\/a><\/li><li><a href=\"\/fr\/tag\/masterclasses-photo-et-video\">Photo et vid\u00e9o<\/a><\/li><li><a href=\"\/fr\/tag\/masterclasses-droit\">Droit<\/a><\/li><li><a href=\"\/fr\/tag\/masterclasses-fake-news\">Fake News<\/a><\/li><li><a href=\"\/fr\/tag\/masterclasses-risques\">Risques<\/a><\/li><li><a href=\"\/fr\/tag\/masterclasses-democratures\">D\u00e9mocratures<\/a><\/li><li><a href=\"\/fr\/tag\/masterclasses-verite\">V\u00e9rit\u00e9<\/a><\/li><li><a href=\"\/fr\/tag\/masterclasses-humanitaire\">Humanitaire<\/a><\/li><li><a href=\"\/fr\/tag\/masterclasses-femmes\">Femmes<\/a><\/li><li><a href=\"\/fr\/tag\/masterclasses-qualite\">Qualit\u00e9<\/a><\/li><li><a href=\"\/fr\/tag\/masterclasses-finances\">Finances<\/a><\/li><li><a href=\"\/fr\/tag\/masterclasses-journalisme-constructif\">Journalisme \"constructif\"<\/a><\/li><li><a href=\"\/fr\/tag\/masterclasses-journalisme-citoyen\">Journalisme \"citoyen\"<\/a><\/li><li><a href=\"\/fr\/tag\/masterclasses-service-public\">Service public<\/a><\/li><li><a href=\"\/fr\/tag\/masterclasses-radio\">Radio<\/a><\/li><li><a href=\"\/fr\/tag\/masterclasses-dessin-de-presse\">Dessin de presse<\/a><\/li><li><a href=\"\/fr\/tag\/masterclasses-histoire\">Histoire<\/a><\/li><li><a href=\"\/fr\/tag\/masterclasses-droits-et-devoirs\">Droits et devoirs<\/a><\/li><li><a href=\"\/fr\/tag\/masterclasses-presse\">Presse<\/a><\/li><li><a href=\"\/fr\/tag\/masterclasses-censure-et-liberte\">Censure et libert\u00e9<\/a><\/li><li><a href=\"\/fr\/tag\/masterclasses-sources\">Sources<\/a><\/li><li><a href=\"\/fr\/tag\/masterclasses-reseaux-sociaux\">R\u00e9seaux sociaux<\/a><\/li><li><a href=\"\/fr\/tag\/masterclasses-faits-et-opinions\">Faits et opinions<\/a><\/li><li><a href=\"\/fr\/tag\/masterclasses-justice\">Justice<\/a><\/li><\/ul>\r\n\t<\/div>\n<\/div>\n\n\n\n<div class=\"wp-block-column is-layout-flow wp-block-column-is-layout-flow\"><div class=\"TrombinoscopeContainer\"><div class=\"TrombinoscopeItemContainer js-openTrombinoscopeModal\" data-videolanguage=\"en\" data-modaltitle=\"Maria Ressa - La menace des r\u00e9seaux sociaux (Philippines)\" data-video=\"sQ59GfsT-vw\" style=\"background-image:url(https:\/\/www.hirondelle.org\/wp-content\/themes\/hirondelle\/assets\/image\/masterclass\/ressa.jpg)\"><\/div><div class=\"TrombinoscopeItemContainer js-openTrombinoscopeModal\" data-videolanguage=\"en\" data-modaltitle=\"Scott Yates - Des standards de qualit\u00e9 pour les m\u00e9dias ?\" data-video=\"wMIdXC82kxg\" style=\"background-image:url(https:\/\/www.hirondelle.org\/wp-content\/themes\/hirondelle\/assets\/image\/masterclass\/yates.jpg)\"><\/div><div class=\"TrombinoscopeItemContainer js-openTrombinoscopeModal\" data-videolanguage=\"fr\" data-modaltitle=\"Martin Faye - Informer en \u00ab d\u00e9mocrature \u00bb\" data-video=\"S96cthX6xwY\" style=\"background-image:url(https:\/\/www.hirondelle.org\/wp-content\/themes\/hirondelle\/assets\/image\/masterclass\/faye.jpg)\"><\/div><div class=\"TrombinoscopeItemContainer js-openTrombinoscopeModal\" data-videolanguage=\"fr\" data-modaltitle=\"Kamal Redouani - Correspondant de guerre\" data-video=\"jea2g-_slS8\" style=\"background-image:url(https:\/\/www.hirondelle.org\/wp-content\/themes\/hirondelle\/assets\/image\/masterclass\/redouani.jpg)\"><\/div><div class=\"TrombinoscopeItemContainer js-openTrombinoscopeModal\" data-videolanguage=\"en\" data-modaltitle=\"Ulrik Haagerup - Le journalisme \u00ab constructif \u00bb\" data-video=\"lyExxqDfdPc\" style=\"background-image:url(https:\/\/www.hirondelle.org\/wp-content\/themes\/hirondelle\/assets\/image\/masterclass\/haagerup.jpg)\"><\/div><div class=\"TrombinoscopeItemContainer js-openTrombinoscopeModal\" data-videolanguage=\"fr\" data-modaltitle=\"Caroline Vuillemin - Informer en zone de crise\" data-video=\"YPKCZbm4ac0\" style=\"background-image:url(https:\/\/www.hirondelle.org\/wp-content\/themes\/hirondelle\/assets\/image\/masterclass\/vuillemin.jpg)\"><\/div><div class=\"TrombinoscopeItemContainer js-openTrombinoscopeModal\" data-videolanguage=\"fr\" data-modaltitle=\"Patrick Chappatte - Le dessin de presse\" data-video=\"UIWDO4i-hfQ\" style=\"background-image:url(https:\/\/www.hirondelle.org\/wp-content\/themes\/hirondelle\/assets\/image\/masterclass\/chappatte.jpg)\"><\/div><div class=\"TrombinoscopeItemContainer js-openTrombinoscopeModal\" data-videolanguage=\"fr\" data-modaltitle=\"Patrick Chauvel - Le photoreportage\" data-video=\"5REUzk_v5YA\" style=\"background-image:url(https:\/\/www.hirondelle.org\/wp-content\/themes\/hirondelle\/assets\/image\/masterclass\/chauvel.jpg)\"><\/div><div class=\"TrombinoscopeItemContainer js-openTrombinoscopeModal\" data-videolanguage=\"fr\" data-modaltitle=\"Claude Guibal - Femme et journalisme\" data-video=\"xeToD6CuTOU\" style=\"background-image:url(https:\/\/www.hirondelle.org\/wp-content\/themes\/hirondelle\/assets\/image\/masterclass\/guibal.jpg)\"><\/div><div class=\"TrombinoscopeItemContainer js-openTrombinoscopeModal\" data-videolanguage=\"fr\" data-modaltitle=\"Guillaume Daudin - Le travail des sources\" data-video=\"-NKmetI54k8\" style=\"background-image:url(https:\/\/www.hirondelle.org\/wp-content\/themes\/hirondelle\/assets\/image\/masterclass\/daudin.jpg)\"><\/div><div class=\"TrombinoscopeItemContainer js-openTrombinoscopeModal\" data-videolanguage=\"en\" data-modaltitle=\"Maria Ressa - La menace des r\u00e9seaux sociaux (Philippines)\" data-video=\"sQ59GfsT-vw\" style=\"background-image:url(https:\/\/www.hirondelle.org\/wp-content\/themes\/hirondelle\/assets\/image\/masterclass\/ressa.jpg)\"><\/div><div class=\"TrombinoscopeItemContainer js-openTrombinoscopeModal\" data-videolanguage=\"fr\" data-modaltitle=\"Pauline Bend - Penser l\u2019information en Afrique\" data-video=\"PfjuAZC61-c\" style=\"background-image:url(https:\/\/www.hirondelle.org\/wp-content\/themes\/hirondelle\/assets\/image\/masterclass\/bend.jpg)\"><\/div><div class=\"TrombinoscopeItemContainer js-openTrombinoscopeModal\" data-videolanguage=\"fr\" data-modaltitle=\"Jean-Philippe Remy - Le reportage\" data-video=\"9Gi0ILacbY0\" style=\"background-image:url(https:\/\/www.hirondelle.org\/wp-content\/themes\/hirondelle\/assets\/image\/masterclass\/remy.jpg)\"><\/div><div class=\"TrombinoscopeItemContainer js-openTrombinoscopeModal\" data-videolanguage=\"fr\" data-modaltitle=\"Thierry Cruvellier - La chronique judiciaire\" data-video=\"K8L2GXdy2yI\" style=\"background-image:url(https:\/\/www.hirondelle.org\/wp-content\/themes\/hirondelle\/assets\/image\/masterclass\/cruvellier.jpg)\"><\/div><div class=\"TrombinoscopeItemContainer js-openTrombinoscopeModal\" data-videolanguage=\"fr\" data-modaltitle=\"Nassira El Moadem - Le blog\" data-video=\"PdLKjsmk_JQ\" style=\"background-image:url(https:\/\/www.hirondelle.org\/wp-content\/themes\/hirondelle\/assets\/image\/masterclass\/el-moadem.jpg)\"><\/div><div class=\"TrombinoscopeItemContainer js-openTrombinoscopeModal\" data-videolanguage=\"fr\" data-modaltitle=\"Jean-Marie Etter - Droits et devoirs du journaliste\" data-video=\"46-Mu4TF6Lo\" style=\"background-image:url(https:\/\/www.hirondelle.org\/wp-content\/themes\/hirondelle\/assets\/image\/masterclass\/etter.jpg)\"><\/div><div class=\"TrombinoscopeItemContainer js-openTrombinoscopeModal\" data-videolanguage=\"fr\" data-modaltitle=\"Myret Zaki - Libert\u00e9 d\u2019expression et limites\" data-video=\"KyUNRkzQRBw\" style=\"background-image:url(https:\/\/www.hirondelle.org\/wp-content\/themes\/hirondelle\/assets\/image\/masterclass\/zaki.jpg)\"><\/div><div class=\"TrombinoscopeItemContainer js-openTrombinoscopeModal\" data-videolanguage=\"fr\" data-modaltitle=\"Philippe Amez Droz - La presse\" data-video=\"CdJXBZ_hlGE\" style=\"background-image:url(https:\/\/www.hirondelle.org\/wp-content\/themes\/hirondelle\/assets\/image\/masterclass\/amez-droz.jpg)\"><\/div><div class=\"TrombinoscopeItemContainer js-openTrombinoscopeModal\" data-videolanguage=\"fr\" data-modaltitle=\"Alain Clavien - Histoire du journalisme\" data-video=\"XkvBknvWLlU\" style=\"background-image:url(https:\/\/www.hirondelle.org\/wp-content\/themes\/hirondelle\/assets\/image\/masterclass\/clavien.jpg)\"><\/div><div class=\"TrombinoscopeItemContainer js-openTrombinoscopeModal\" data-videolanguage=\"en\" data-modaltitle=\"James Deane - BBC Media Action\" data-video=\"K8JGN92fopo\" style=\"background-image:url(https:\/\/www.hirondelle.org\/wp-content\/themes\/hirondelle\/assets\/image\/masterclass\/deane.jpg)\"><\/div><div class=\"TrombinoscopeItemContainer js-openTrombinoscopeModal\" data-videolanguage=\"en\" data-modaltitle=\"Mort Rosenblum - Mensonges et d\u00e9sinformations\" data-video=\"45rz_Iky9F0\" style=\"background-image:url(https:\/\/www.hirondelle.org\/wp-content\/themes\/hirondelle\/assets\/image\/masterclass\/rosenblum.jpg)\"><\/div><div class=\"TrombinoscopeItemContainer js-openTrombinoscopeModal\" data-videolanguage=\"fr\" data-modaltitle=\"Christophe Deloire - Une profession en danger\" data-video=\"Gmoyns49Ags\" style=\"background-image:url(https:\/\/www.hirondelle.org\/wp-content\/themes\/hirondelle\/assets\/image\/masterclass\/deloire.jpg)\"><\/div><div class=\"TrombinoscopeItemContainer js-openTrombinoscopeModal\" data-videolanguage=\"fr\" data-modaltitle=\"Pascal Crittin - Radio et t\u00e9l\u00e9vision de service public\" data-video=\"P1hCp15zEqM\" style=\"background-image:url(https:\/\/www.hirondelle.org\/wp-content\/themes\/hirondelle\/assets\/image\/masterclass\/crittin.jpg)\"><\/div><div class=\"TrombinoscopeItemContainer js-openTrombinoscopeModal\" data-videolanguage=\"fr\" data-modaltitle=\"Fabrice Rousselot - De nouveaux mod\u00e8les \u00e9conomiques\" data-video=\"OHU3bvVBTsA\" style=\"background-image:url(https:\/\/www.hirondelle.org\/wp-content\/themes\/hirondelle\/assets\/image\/masterclass\/rousselot.jpg)\"><\/div><\/div>\r\n\t<div id=\"FHTrombinoscopeModal\" class=\"modal fade\">\r\n\t\t<div class=\"modal-dialog\">\r\n\t\t\t<div class=\"modal-content\">\r\n\t\t\t\t<div class=\"modal-header\">\r\n\t\t\t\t\t<h3 class=\"modal-title\"><\/h3>\r\n\t\t\t\t\t<button type=\"button\" class=\"btn-close\" data-bs-dismiss=\"modal\" aria-label=\"Close\"><\/button>\r\n\t\t\t\t<\/div>\r\n\t\t\t\t<div class=\"modal-body\">\r\n\t\t\t\t\t\r\n\t\t\t\t<\/div>\r\n\t\t\t<\/div>\r\n\t\t<\/div>\r\n\t<\/div>\n<\/div>\n<\/div>\n\n\n\n<p>Pour \u00e9voluer sereinement, une soci\u00e9t\u00e9 doit d\u00e9battre et disposer&nbsp;<strong>d\u2019espaces de dialogue<\/strong>. Elle doit aussi s\u2019accorder \u2013 par-del\u00e0 les opinions \u2013 sur&nbsp;<strong>les faits eux-m\u00eames<\/strong>. Il existe un lien \u00e9troit entre une d\u00e9mocratie et des m\u00e9dias cr\u00e9dibles, employant des journalistes form\u00e9s, sp\u00e9cialis\u00e9s parfois, ob\u00e9issant \u00e0 un code de d\u00e9ontologie et une&nbsp;<strong>\u00e9thique<\/strong>&nbsp;professionnelle.<\/p>\n\n\n\n<p>Le vaccin contre la d\u00e9magogie num\u00e9rique, la contagion d\u2019informations malveillantes et la mal information est la responsabilit\u00e9 individuelle de chacun pour se rep\u00e9rer dans ce nouvel espace. Ces interviews vous proposent des r\u00e9flexions, aussi vari\u00e9es que possible, sur le&nbsp;<strong>m\u00e9tier d\u2019informer<\/strong>&nbsp;dans un monde en crise.<\/p>\n\n\n\n<p>Vid\u00e9os produites avec le soutien de la Loterie Romande et de la Fondation Nicolas Puech, que nous remercions pour leur appui pr\u00e9cieux.<\/p>\n\n\n\n<p><br><\/p>\n\n\n\n","protected":false},"excerpt":{"rendered":"<p>Dans\u00a0l\u2019anarchie de l\u2019information en ligne, s\u2019informer revient \u00e0 circuler dans un monde sans carte, ni boussole.\u00a0Pour \u00e9viter le pire\u00a0&#8211; la d\u00e9sinformation et le manque de pluralit\u00e9 des points de vues qui cr\u00e9ent de l\u2019entre soi ou des bulles informationnelles, mieux vaut comprendre la m\u00e9canique de la fabrique de l\u2019information.C\u2019est tout le sens de ces masterclasses [&hellip;]<\/p>\n","protected":false},"author":9,"featured_media":0,"parent":2398,"menu_order":1,"comment_status":"closed","ping_status":"closed","template":"page-without-column.php","meta":{"_acf_changed":false,"footnotes":""},"class_list":["post-2582","page","type-page","status-publish","hentry"],"acf":[],"publishpress_future_action":{"enabled":false,"date":"2026-04-20 18:36:11","action":"change-status","newStatus":"draft","terms":[],"taxonomy":"translation_priority","extraData":[]},"publishpress_future_workflow_manual_trigger":{"enabledWorkflows":[]},"_links":{"self":[{"href":"https:\/\/www.hirondelle.org\/fr\/wp-json\/wp\/v2\/pages\/2582","targetHints":{"allow":["GET"]}}],"collection":[{"href":"https:\/\/www.hirondelle.org\/fr\/wp-json\/wp\/v2\/pages"}],"about":[{"href":"https:\/\/www.hirondelle.org\/fr\/wp-json\/wp\/v2\/types\/page"}],"author":[{"embeddable":true,"href":"https:\/\/www.hirondelle.org\/fr\/wp-json\/wp\/v2\/users\/9"}],"replies":[{"embeddable":true,"href":"https:\/\/www.hirondelle.org\/fr\/wp-json\/wp\/v2\/comments?post=2582"}],"version-history":[{"count":10,"href":"https:\/\/www.hirondelle.org\/fr\/wp-json\/wp\/v2\/pages\/2582\/revisions"}],"predecessor-version":[{"id":11979,"href":"https:\/\/www.hirondelle.org\/fr\/wp-json\/wp\/v2\/pages\/2582\/revisions\/11979"}],"up":[{"embeddable":true,"href":"https:\/\/www.hirondelle.org\/fr\/wp-json\/wp\/v2\/pages\/2398"}],"wp:attachment":[{"href":"https:\/\/www.hirondelle.org\/fr\/wp-json\/wp\/v2\/media?parent=2582"}],"curies":[{"name":"wp","href":"https:\/\/api.w.org\/{rel}","templated":true}]}}