{"id":2585,"date":"2024-05-18T18:47:33","date_gmt":"2024-05-18T16:47:33","guid":{"rendered":"https:\/\/www.hirondelle.org\/?page_id=2585"},"modified":"2024-09-18T21:38:02","modified_gmt":"2024-09-18T19:38:02","slug":"masterclasses-les-bases","status":"publish","type":"page","link":"https:\/\/www.hirondelle.org\/fr\/masterclasses-les-bases","title":{"rendered":"Masterclasses &#8211; Les bases"},"content":{"rendered":"\n<p>Le journalisme est un m\u00e9tier et sans doute un peu plus. Le terme allemand de Beruf, teint\u00e9 de l\u2019id\u00e9e de vocation, c\u2019est-\u00e0-dire d\u2019un appel, serait plus pr\u00e9cis. Comme toute profession lib\u00e9rale (m\u00e9decin, avocat, psy, etc), le journalisme ob\u00e9it \u00e0 une d\u00e9ontologie et \u00e0 une \u00e9thique sans lesquelles il perd son sens, fond\u00e9 sur la confiance relationnelle. C\u2019est aussi une histoire, ancienne, complexe, travers\u00e9e de tensions, de h\u00e9ros et de martyres pour la libert\u00e9 d\u2019informer et le droit de l\u2019\u00eatre. Le journaliste est une pratique b\u00e2tie sur un h\u00e9ritage, une exp\u00e9rience, un rapport aux sources. Un artisanat avec ses ma\u00eetres et ses apprentis, ses valeurs en apparence d\u2019un autre \u00e2ge (la recherche de la v\u00e9rit\u00e9, l\u2019honn\u00eatet\u00e9, le courage) mais aussi des outils de communication de pointe et un regard toujours actuel sur la soci\u00e9t\u00e9 \u00e0 qui il tend un miroir et un reflet aussi fid\u00e8le que possible. Au risque que cette soci\u00e9t\u00e9, irrit\u00e9e par son reflet, ne veuille briser le miroir ou s\u2019en d\u00e9tourner.<\/p>\n\n\n\n<div style=\"height:30px\" aria-hidden=\"true\" class=\"wp-block-spacer\"><\/div>\n\n\n<div data-truc=\"list69dd306fd9011\" class=\"\"><div class=\"row list\"><div class=\"col-md-4 post d-flex align-items-stretch\"><article id=\"post-1217\" class=\"articleList-item post-1217  post\">\r\n\t<a class=\"post-thumb\" href=\"https:\/\/www.hirondelle.org\/fr\/alain-clavien-histoire-du-journalisme\" title=\"Alain Clavien &#8211; Histoire du journalisme\">\r\n\t\t<img loading=\"lazy\" decoding=\"async\" width=\"480\" height=\"250\" src=\"https:\/\/www.hirondelle.org\/wp-content\/uploads\/from-joomla\/6db80d036c9beb1cc34d164970a61d94-480x250.jpg\" class=\"d-block w-100 h-auto wp-post-image\" alt=\"\" \/>\t<\/a>\r\n\t\t<a class=\"post-title\" href=\"https:\/\/www.hirondelle.org\/fr\/alain-clavien-histoire-du-journalisme\" title=\"Alain Clavien &#8211; Histoire du journalisme\" rel=\"bookmark\">\r\n\t\tAlain Clavien &#8211; Histoire du journalisme\t<\/a>\r\n\t<\/article><\/div><div class=\"col-md-4 post d-flex align-items-stretch\"><article id=\"post-1216\" class=\"articleList-item post-1216  post\">\r\n\t<a class=\"post-thumb\" href=\"https:\/\/www.hirondelle.org\/fr\/jean-marie-etter-droits-et-devoirs-du-journaliste\" title=\"Jean-Marie Etter &#8211; Droits et devoirs du journaliste\">\r\n\t\t<img loading=\"lazy\" decoding=\"async\" width=\"480\" height=\"250\" src=\"https:\/\/www.hirondelle.org\/wp-content\/uploads\/from-joomla\/6f09fa9c4773d7976c7311cc7936300c-480x250.jpg\" class=\"d-block w-100 h-auto wp-post-image\" alt=\"\" \/>\t<\/a>\r\n\t\t<a class=\"post-title\" href=\"https:\/\/www.hirondelle.org\/fr\/jean-marie-etter-droits-et-devoirs-du-journaliste\" title=\"Jean-Marie Etter &#8211; Droits et devoirs du journaliste\" rel=\"bookmark\">\r\n\t\tJean-Marie Etter &#8211; Droits et devoirs du journaliste\t<\/a>\r\n\t<\/article><\/div><div class=\"col-md-4 post d-flex align-items-stretch\"><article id=\"post-1261\" class=\"articleList-item post-1261  post\">\r\n\t<a class=\"post-thumb\" href=\"https:\/\/www.hirondelle.org\/fr\/myret-zaki-liberte-d-expression-et-limites\" title=\"Myret Zaki &#8211; Libert\u00e9 d&rsquo;expression et limites\">\r\n\t\t<img loading=\"lazy\" decoding=\"async\" width=\"480\" height=\"250\" src=\"https:\/\/www.hirondelle.org\/wp-content\/uploads\/from-joomla\/fbeffccf3fed7f7c5846873a4b09e989-480x250.jpg\" class=\"d-block w-100 h-auto wp-post-image\" alt=\"\" \/>\t<\/a>\r\n\t\t<a class=\"post-title\" href=\"https:\/\/www.hirondelle.org\/fr\/myret-zaki-liberte-d-expression-et-limites\" title=\"Myret Zaki &#8211; Libert\u00e9 d&rsquo;expression et limites\" rel=\"bookmark\">\r\n\t\tMyret Zaki &#8211; Libert\u00e9 d&rsquo;expression et limites\t<\/a>\r\n\t<\/article><\/div><div class=\"col-md-4 post d-flex align-items-stretch\"><article id=\"post-1219\" class=\"articleList-item post-1219  post\">\r\n\t<a class=\"post-thumb\" href=\"https:\/\/www.hirondelle.org\/fr\/mort-rosenblum-mensonges-et-desinformations\" title=\"Mort Rosenblum &#8211; Mensonges et d\u00e9sinformations\">\r\n\t\t<img loading=\"lazy\" decoding=\"async\" width=\"480\" height=\"250\" src=\"https:\/\/www.hirondelle.org\/wp-content\/uploads\/from-joomla\/29b357c25e35ffc462632f932608528b-480x250.jpg\" class=\"d-block w-100 h-auto wp-post-image\" alt=\"\" \/>\t<\/a>\r\n\t\t<a class=\"post-title\" href=\"https:\/\/www.hirondelle.org\/fr\/mort-rosenblum-mensonges-et-desinformations\" title=\"Mort Rosenblum &#8211; Mensonges et d\u00e9sinformations\" rel=\"bookmark\">\r\n\t\tMort Rosenblum &#8211; Mensonges et d\u00e9sinformations\t<\/a>\r\n\t<\/article><\/div><div class=\"col-md-4 post d-flex align-items-stretch\"><article id=\"post-1204\" class=\"articleList-item post-1204  post\">\r\n\t<a class=\"post-thumb\" href=\"https:\/\/www.hirondelle.org\/fr\/guillaume-daudin-le-travail-des-sources\" title=\"Guillaume Daudin &#8211; Le travail des sources\">\r\n\t\t<img loading=\"lazy\" decoding=\"async\" width=\"480\" height=\"250\" src=\"https:\/\/www.hirondelle.org\/wp-content\/uploads\/from-joomla\/659b633c73fa75b9f907409caacd2cab-480x250.jpg\" class=\"d-block w-100 h-auto wp-post-image\" alt=\"\" \/>\t<\/a>\r\n\t\t<a class=\"post-title\" href=\"https:\/\/www.hirondelle.org\/fr\/guillaume-daudin-le-travail-des-sources\" title=\"Guillaume Daudin &#8211; Le travail des sources\" rel=\"bookmark\">\r\n\t\tGuillaume Daudin &#8211; Le travail des sources\t<\/a>\r\n\t<\/article><\/div><\/div><\/div>\n\n\n\n","protected":false},"excerpt":{"rendered":"<p>Le journalisme est un m\u00e9tier et sans doute un peu plus. Le terme allemand de Beruf, teint\u00e9 de l\u2019id\u00e9e de vocation, c\u2019est-\u00e0-dire d\u2019un appel, serait plus pr\u00e9cis. Comme toute profession lib\u00e9rale (m\u00e9decin, avocat, psy, etc), le journalisme ob\u00e9it \u00e0 une d\u00e9ontologie et \u00e0 une \u00e9thique sans lesquelles il perd son sens, fond\u00e9 sur la confiance [&hellip;]<\/p>\n","protected":false},"author":9,"featured_media":0,"parent":2398,"menu_order":2,"comment_status":"closed","ping_status":"closed","template":"page-without-column.php","meta":{"_acf_changed":false,"footnotes":""},"class_list":["post-2585","page","type-page","status-publish","hentry"],"acf":[],"publishpress_future_action":{"enabled":false,"date":"2026-04-20 20:05:35","action":"change-status","newStatus":"draft","terms":[],"taxonomy":"translation_priority","extraData":[]},"publishpress_future_workflow_manual_trigger":{"enabledWorkflows":[]},"_links":{"self":[{"href":"https:\/\/www.hirondelle.org\/fr\/wp-json\/wp\/v2\/pages\/2585","targetHints":{"allow":["GET"]}}],"collection":[{"href":"https:\/\/www.hirondelle.org\/fr\/wp-json\/wp\/v2\/pages"}],"about":[{"href":"https:\/\/www.hirondelle.org\/fr\/wp-json\/wp\/v2\/types\/page"}],"author":[{"embeddable":true,"href":"https:\/\/www.hirondelle.org\/fr\/wp-json\/wp\/v2\/users\/9"}],"replies":[{"embeddable":true,"href":"https:\/\/www.hirondelle.org\/fr\/wp-json\/wp\/v2\/comments?post=2585"}],"version-history":[{"count":4,"href":"https:\/\/www.hirondelle.org\/fr\/wp-json\/wp\/v2\/pages\/2585\/revisions"}],"predecessor-version":[{"id":11954,"href":"https:\/\/www.hirondelle.org\/fr\/wp-json\/wp\/v2\/pages\/2585\/revisions\/11954"}],"up":[{"embeddable":true,"href":"https:\/\/www.hirondelle.org\/fr\/wp-json\/wp\/v2\/pages\/2398"}],"wp:attachment":[{"href":"https:\/\/www.hirondelle.org\/fr\/wp-json\/wp\/v2\/media?parent=2585"}],"curies":[{"name":"wp","href":"https:\/\/api.w.org\/{rel}","templated":true}]}}