{"id":266,"date":"2024-04-05T23:40:24","date_gmt":"2024-04-05T21:40:24","guid":{"rendered":"https:\/\/www.hirondelle.org\/?page_id=266"},"modified":"2026-01-29T09:33:17","modified_gmt":"2026-01-29T08:33:17","slug":"newsletters","status":"publish","type":"page","link":"https:\/\/www.hirondelle.org\/fr\/actualite\/newsletters","title":{"rendered":"Newsletters"},"content":{"rendered":"\n<p>Afin de vous tenir \u00e0 jour de l\u2019actualit\u00e9 de la Fondation Hirondelle, nous vous proposons trois newsletters sur diff\u00e9rents sujets :<\/p>\n\n\n\n<p><br><strong>Newsletter de la Fondation Hirondelle <\/strong>: quatre fois par ann\u00e9e, nous vous faisons parvenir nos nouvelles et nos r\u00e9flexions sur des sujets en lien avec le d\u00e9veloppement des m\u00e9dias et nos op\u00e9rations.<\/p>\n\n\n\n<p>N<strong>ewsletter Sahel<\/strong> : vous y trouverez les informations relatives aux projets de la Fondation Hirondelle au Sahel : Studio Tamani au Mali, Studio Kalangou au Niger et Studio Yafa au Burkina Faso.<\/p>\n\n\n\n<p><strong>Newsletter de Justice Info<\/strong> : chaque semaine, vous recevrez un r\u00e9sum\u00e9 des publications phares de Justice Info, notre m\u00e9dia en ligne sur la justice internationale.<\/p>\n\n\n\n<p><br>La newsletter de la Fondation Hirondelle ainsi que celle de Justice Info sont \u00e9galement disponibles en anglais.<\/p>\n\n\n\n<div class=\"wp-block-group alignwide p-5 has-background has-global-padding is-layout-constrained wp-block-group-is-layout-constrained\" style=\"background-color:#5a3c50\"><!-- Begin MailChimp Signup Form -->\r\n\t<div id=\"mc_embed_signup\" class=\"newsletterBlock\">\r\n\t\t<form action=\"\/\/hirondelle.us5.list-manage.com\/subscribe\/post?u=e0b64608978cd0b1c6059b470&amp;id=fdc814d422\" method=\"post\" id=\"mc-embedded-subscribe-form\" name=\"mc-embedded-subscribe-form\" class=\"validate\" target=\"_blank\" novalidate>\r\n\t\t\t<input type=\"hidden\" value=\"Fran\u00e7ais\" name=\"MMERGE20\" id=\"mce-MMERGE20\">\r\n\t\t\t<div id=\"mc_embed_signup_scroll\" class=\"container-fluid\">\r\n\t\t\t\t<div class=\"row\">\r\n\t\t\t\t\t<div class=\"mc-field-group col-md-6 mb-4\">\r\n\t\t\t\t\t\t<input type=\"text\" value=\"\" placeholder=\"Pr\u00e9nom *\" name=\"FNAME\" class=\"form-control required\" id=\"mce-FNAME\">\r\n\t\t\t\t\t<\/div>\r\n\t\t\t\t\t<div class=\"mc-field-group col-md-6 mb-4\">\r\n\t\t\t\t\t\t<input type=\"text\" value=\"\" placeholder=\"Nom*\" name=\"LNAME\" class=\"form-control required\" id=\"mce-LNAME\">\r\n\t\t\t\t\t<\/div>\r\n\t\t\t\t\t<div class=\"mc-field-group col-md-6 mb-4\">\r\n\t\t\t\t\t\t<input type=\"email\" value=\"\" placeholder=\"Courriel*\" name=\"EMAIL\" class=\"form-control required email\" id=\"mce-EMAIL\">\r\n\t\t\t\t\t<\/div>\r\n\t\t\t\t\t<div class=\"mc-field-group col-md-6 mb-4\">\r\n\t\t\t\t\t\t<input type=\"text\" value=\"\" placeholder=\"Organisation (facultatif)\" name=\"MMERGE5\" class=\"form-control\" id=\"mce-MMERGE5\">\r\n\t\t\t\t\t<\/div>\r\n\t\t\t\t<\/div>\r\n\r\n\t\t\t\t\r\n\t\t\t\t<div class=\"mc-field-group input-group--newsletters\">\r\n\t\t\t\t\t<input type=\"text\" value=\"\" id=\"newsletterchoices\" name=\"newsletterchoices\" class=\"required newsletterchoices\" style=\"position:absolute;left:-50000px;\" aria-label=\"Choices\">\r\n\t\t\t\t\t<div class=\"fw-bold mb-3 text-center\">Newsletters  <span class=\"asterisk\">*<\/span><\/div>\r\n\t\t\t\t\t<ul style=\"margin-left:0;\">\r\n\t\t\t\t\t\t<li><input type=\"checkbox\" value=\"1\" name=\"group[17625][1]\" id=\"mce-group[17625]-17625-0\"><label for=\"mce-group[17625]-17625-0\">Newsletter Fondation Hirondelle<\/label><\/li>\r\n\t\t\t\t\t\t<li><input type=\"checkbox\" value=\"2\" name=\"group[17625][2]\" id=\"mce-group[17625]-17625-1\"><label for=\"mce-group[17625]-17625-1\">Newsletter Justice Info<\/label><\/li>\r\n\t\t\t\t\t\t<li><input type=\"checkbox\" value=\"16\" name=\"group[17625][16]\" id=\"mce-group[17625]-17625-2\"><label for=\"mce-group[17625]-17625-2\">Newsletter Sahel<\/label><\/li>\r\n\t\t\t\t\t<\/ul>\r\n\t\t\t\t<\/div>\r\n\r\n\t\t\t\t<div id=\"mce-responses\" class=\"clear\">\r\n\t\t\t\t\t<div class=\"response\" id=\"mce-error-response\" style=\"display:none\"><\/div>\r\n\t\t\t\t\t<div class=\"response\" id=\"mce-success-response\" style=\"display:none\"><\/div>\r\n\t\t\t\t<\/div>\r\n\t\t\t\t<!-- real people should not fill this in and expect good things - do not remove this or risk form bot signups-->\r\n\t\t\t\t<div style=\"position: absolute; left: -5000px;\" aria-hidden=\"true\"><input type=\"text\" name=\"b_e0b64608978cd0b1c6059b470_fdc814d422\" tabindex=\"-1\" value=\"\"><\/div>\r\n\t\t\t\t<div class=\"clear text-center my-3\">\r\n\t\t\t\t\t<input type=\"submit\" value=\"Soumettre\" name=\"subscribe\" id=\"mc-embedded-subscribe\" class=\"button wp-block-button__link has-background has-text-align-center wp-element-button\">\r\n\t\t\t\t<\/div>\r\n\t\t\t<\/div>\r\n\t\t<\/form>\r\n\t<\/div>\r\n\t<!--End mc_embed_signup-->\n<\/div>\n\n\n\n<div style=\"height:50px\" aria-hidden=\"true\" class=\"wp-block-spacer\"><\/div>\n\n\n<div class=\"col-12\"><h2 class=\"mb-4\">Nos derni\u00e8res newsletters<\/h2>\r\n          <script\r\n            language=\"javascript\"\r\n            src=\"https:\/\/hirondelle.us5.list-manage.com\/generate-js\/?u=e0b64608978cd0b1c6059b470&show=9&fid=5855\"\r\n            type=\"text\/javascript\"\r\n          ><\/script>\r\n\t\t  \r\n\t\t  <\/div>\n","protected":false},"excerpt":{"rendered":"<p>Afin de vous tenir \u00e0 jour de l\u2019actualit\u00e9 de la Fondation Hirondelle, nous vous proposons trois newsletters sur diff\u00e9rents sujets : Newsletter de la Fondation Hirondelle : quatre fois par ann\u00e9e, nous vous faisons parvenir nos nouvelles et nos r\u00e9flexions sur des sujets en lien avec le d\u00e9veloppement des m\u00e9dias et nos op\u00e9rations. Newsletter Sahel [&hellip;]<\/p>\n","protected":false},"author":9,"featured_media":0,"parent":264,"menu_order":2,"comment_status":"closed","ping_status":"closed","template":"","meta":{"_acf_changed":false,"footnotes":""},"class_list":["post-266","page","type-page","status-publish","hentry"],"acf":[],"publishpress_future_action":{"enabled":false,"date":"2026-04-20 17:07:23","action":"change-status","newStatus":"draft","terms":[],"taxonomy":"translation_priority","extraData":[]},"publishpress_future_workflow_manual_trigger":{"enabledWorkflows":[]},"_links":{"self":[{"href":"https:\/\/www.hirondelle.org\/fr\/wp-json\/wp\/v2\/pages\/266","targetHints":{"allow":["GET"]}}],"collection":[{"href":"https:\/\/www.hirondelle.org\/fr\/wp-json\/wp\/v2\/pages"}],"about":[{"href":"https:\/\/www.hirondelle.org\/fr\/wp-json\/wp\/v2\/types\/page"}],"author":[{"embeddable":true,"href":"https:\/\/www.hirondelle.org\/fr\/wp-json\/wp\/v2\/users\/9"}],"replies":[{"embeddable":true,"href":"https:\/\/www.hirondelle.org\/fr\/wp-json\/wp\/v2\/comments?post=266"}],"version-history":[{"count":14,"href":"https:\/\/www.hirondelle.org\/fr\/wp-json\/wp\/v2\/pages\/266\/revisions"}],"predecessor-version":[{"id":22520,"href":"https:\/\/www.hirondelle.org\/fr\/wp-json\/wp\/v2\/pages\/266\/revisions\/22520"}],"up":[{"embeddable":true,"href":"https:\/\/www.hirondelle.org\/fr\/wp-json\/wp\/v2\/pages\/264"}],"wp:attachment":[{"href":"https:\/\/www.hirondelle.org\/fr\/wp-json\/wp\/v2\/media?parent=266"}],"curies":[{"name":"wp","href":"https:\/\/api.w.org\/{rel}","templated":true}]}}