{"id":272,"date":"2024-04-05T23:41:14","date_gmt":"2024-04-05T21:41:14","guid":{"rendered":"https:\/\/www.hirondelle.org\/?page_id=272"},"modified":"2025-01-13T18:00:03","modified_gmt":"2025-01-13T17:00:03","slug":"exposition-photos","status":"publish","type":"page","link":"https:\/\/www.hirondelle.org\/fr\/actualite\/exposition-photos","title":{"rendered":"Exposition photos"},"content":{"rendered":"\n<figure class=\"wp-block-image size-large\"><img loading=\"lazy\" decoding=\"async\" width=\"1024\" height=\"478\" src=\"https:\/\/www.hirondelle.org\/wp-content\/uploads\/2024\/07\/banner_geneva_peace_week-2023-1024x478.jpg\" alt=\"\" class=\"wp-image-9569\" srcset=\"https:\/\/www.hirondelle.org\/wp-content\/uploads\/2024\/07\/banner_geneva_peace_week-2023-1024x478.jpg 1024w, https:\/\/www.hirondelle.org\/wp-content\/uploads\/2024\/07\/banner_geneva_peace_week-2023-300x140.jpg 300w, https:\/\/www.hirondelle.org\/wp-content\/uploads\/2024\/07\/banner_geneva_peace_week-2023-768x358.jpg 768w, https:\/\/www.hirondelle.org\/wp-content\/uploads\/2024\/07\/banner_geneva_peace_week-2023-1536x717.jpg 1536w, https:\/\/www.hirondelle.org\/wp-content\/uploads\/2024\/07\/banner_geneva_peace_week-2023-1000x467.jpg 1000w, https:\/\/www.hirondelle.org\/wp-content\/uploads\/2024\/07\/banner_geneva_peace_week-2023.jpg 1920w\" sizes=\"auto, (max-width: 1024px) 100vw, 1024px\" \/><figcaption class=\"wp-element-caption\"><br><br><\/figcaption><\/figure>\n\n\n\n<figure class=\"wp-block-image alignleft size-large is-resized\"><img loading=\"lazy\" decoding=\"async\" width=\"683\" height=\"1024\" src=\"https:\/\/www.hirondelle.org\/wp-content\/uploads\/2024\/07\/RDC_2020-683x1024.jpg\" alt=\"\u00a9 Gwenn Dubourthoumieu \/ Fondation hirondelle \/ Mars 2020\" class=\"wp-image-9541\" style=\"width:303px;height:auto\" srcset=\"https:\/\/www.hirondelle.org\/wp-content\/uploads\/2024\/07\/RDC_2020-683x1024.jpg 683w, https:\/\/www.hirondelle.org\/wp-content\/uploads\/2024\/07\/RDC_2020-200x300.jpg 200w, https:\/\/www.hirondelle.org\/wp-content\/uploads\/2024\/07\/RDC_2020-768x1152.jpg 768w, https:\/\/www.hirondelle.org\/wp-content\/uploads\/2024\/07\/RDC_2020-1024x1536.jpg 1024w, https:\/\/www.hirondelle.org\/wp-content\/uploads\/2024\/07\/RDC_2020-1000x1500.jpg 1000w, https:\/\/www.hirondelle.org\/wp-content\/uploads\/2024\/07\/RDC_2020.jpg 1080w\" sizes=\"auto, (max-width: 683px) 100vw, 683px\" \/><figcaption class=\"wp-element-caption\">\u00a9 Gwenn Dubourthoumieu \/ Fondation hirondelle \/ Mars 2020<\/figcaption><\/figure>\n\n\n\n<h4 class=\"wp-block-heading\"><strong>L\u2019exposition<\/strong><\/h4>\n\n\n\n<p>\u00c0 une \u00e9poque d\u00e9finie par des crises multiples et interd\u00e9pendantes, les journalistes doivent travailler plus dur que jamais pour aider les populations \u00e0 comprendre et \u00e0 naviguer dans les environnements en mutation rapide dans lesquels elles vivent.<\/p>\n\n\n\n<p>La Fondation Hirondelle et ses partenaires sont en premi\u00e8re ligne de ces \u00ab\u00a0polycrises\u00a0\u00bb, au service de soci\u00e9t\u00e9s qui sont simultan\u00e9ment aux prises avec des conflits, l&rsquo;instabilit\u00e9 politique, des difficult\u00e9s \u00e9conomiques, des catastrophes humanitaires, le changement climatique et des d\u00e9fis environnementaux. En tant que journaliste, cela implique d&rsquo;avoir les comp\u00e9tences n\u00e9cessaires pour expliquer des situations de plus en plus complexes d&rsquo;une mani\u00e8re \u00e0 la fois nuanc\u00e9e et accessible, de rechercher des solutions plut\u00f4t que de se contenter d&rsquo;exposer les probl\u00e8mes, et d&rsquo;\u00eatre \u00e0 l&rsquo;\u00e9coute des communaut\u00e9s pour mieux comprendre leurs besoins et leurs pr\u00e9occupations. Tout cela face aux menaces croissantes qui p\u00e8sent sur la libert\u00e9 d&rsquo;expression et \u00e0 la prolif\u00e9ration d&rsquo;une d\u00e9sinformation de plus en plus sophistiqu\u00e9e et coordonn\u00e9e.<\/p>\n\n\n\n<p>Notre exposition, via ses 13 photographies, offre un aper\u00e7u de l&rsquo;univers de journalistes, qui s&rsquo;efforcent de veiller \u00e0 ce que le public ait acc\u00e8s \u00e0 des informations fiables, \u00e0 des \u00e9clairages contextuels et \u00e0 des possibilit\u00e9s de partager des solutions et d&rsquo;\u00e9changer des points de vue. De l&rsquo;Ukraine \u00e0 l&rsquo;Afrique centrale, en passant par le Sahel et le Myanmar, la mission de la Fondation Hirondelle est d&rsquo;offrir aux populations des espaces de dialogue et les connaissances dont elles ont besoin pour faire des choix \u00e9clair\u00e9s pour elles-m\u00eames et leurs communaut\u00e9s.<\/p>\n\n\n\n<p><br><\/p>\n\n\n\n\n\t\t<style type=\"text\/css\">\n\t\t\t#gallery-1 {\n\t\t\t\tmargin: auto;\n\t\t\t}\n\t\t\t#gallery-1 .gallery-item {\n\t\t\t\tfloat: left;\n\t\t\t\tmargin-top: 10px;\n\t\t\t\ttext-align: center;\n\t\t\t\twidth: 33%;\n\t\t\t}\n\t\t\t#gallery-1 img {\n\t\t\t\tborder: 2px solid #cfcfcf;\n\t\t\t}\n\t\t\t#gallery-1 .gallery-caption {\n\t\t\t\tmargin-left: 0;\n\t\t\t}\n\t\t\t\/* see gallery_shortcode() in wp-includes\/media.php *\/\n\t\t<\/style>\n\t\t<div id='gallery-1' class='gallery galleryid-272 gallery-columns-3 gallery-size-thumbnail'><dl class='gallery-item'>\n\t\t\t<dt class='gallery-icon landscape'>\n\t\t\t\t<a href='https:\/\/www.hirondelle.org\/fr\/actualite\/exposition-photos\/expo-1'><img loading=\"lazy\" decoding=\"async\" width=\"150\" height=\"150\" src=\"https:\/\/www.hirondelle.org\/wp-content\/uploads\/2024\/07\/Expo-1-150x150.jpg\" class=\"attachment-thumbnail size-thumbnail\" alt=\"Les activit\u00e9s \u00e9conomiques se sont consid\u00e9rablement d\u00e9t\u00e9rior\u00e9es en raison de l&#039;instabilit\u00e9 au Burkina Faso. Une journaliste du Studio Yafa interviewe un vendeur de pagnes sur un march\u00e9 de Ouagadougou pour comprendre comment cela affecte son activit\u00e9. \u00a9 Olympia de Maismont \/ Fondation Hirondelle \/ Mars 2023\" aria-describedby=\"gallery-1-9581\" \/><\/a>\n\t\t\t<\/dt>\n\t\t\t\t<dd class='wp-caption-text gallery-caption' id='gallery-1-9581'>\n\t\t\t\tLes activit\u00e9s \u00e9conomiques se sont consid\u00e9rablement d\u00e9t\u00e9rior\u00e9es en raison de l&rsquo;instabilit\u00e9 au Burkina Faso. Une journaliste du Studio Yafa interviewe un vendeur de pagnes sur un march\u00e9 de Ouagadougou pour comprendre comment cela affecte son activit\u00e9. \u00a9 Olympia de Maismont \/ Fondation Hirondelle \/ Mars 2023\n\t\t\t\t<\/dd><\/dl><dl class='gallery-item'>\n\t\t\t<dt class='gallery-icon landscape'>\n\t\t\t\t<a href='https:\/\/www.hirondelle.org\/fr\/actualite\/exposition-photos\/journaliste-de-doh-athan-a-la-pagode-shwedagon-a-yangon'><img loading=\"lazy\" decoding=\"async\" width=\"150\" height=\"150\" src=\"https:\/\/www.hirondelle.org\/wp-content\/uploads\/2024\/07\/Expo-2-150x150.jpg\" class=\"attachment-thumbnail size-thumbnail\" alt=\"Zar Ni Aung, productrice du podcast Doh Athan sur les droits humains au Myanmar, produit avec le soutien de la Fondation Hirondelle, travaille d\u00e9sormais en exil dans le nord de la Tha\u00eflande apr\u00e8s le coup d&#039;\u00c9tat militaire. Elle est confront\u00e9e au quotidien au d\u00e9fi de continuer \u00e0 faire des reportages ind\u00e9pendants depuis l\u2019\u00e9tranger. \u00a9 Lam Duc Hien \/ Fondation Hirondelle \/ 2019\" aria-describedby=\"gallery-1-9578\" \/><\/a>\n\t\t\t<\/dt>\n\t\t\t\t<dd class='wp-caption-text gallery-caption' id='gallery-1-9578'>\n\t\t\t\tZar Ni Aung, productrice du podcast Doh Athan sur les droits humains au Myanmar, produit avec le soutien de la Fondation Hirondelle, travaille d\u00e9sormais en exil dans le nord de la Tha\u00eflande apr\u00e8s le coup d&rsquo;\u00c9tat militaire. Elle est confront\u00e9e au quotidien au d\u00e9fi de continuer \u00e0 faire des reportages ind\u00e9pendants depuis l\u2019\u00e9tranger. \u00a9 Lam Duc Hien \/ Fondation Hirondelle \/ 2019\n\t\t\t\t<\/dd><\/dl><dl class='gallery-item'>\n\t\t\t<dt class='gallery-icon landscape'>\n\t\t\t\t<a href='https:\/\/www.hirondelle.org\/fr\/actualite\/exposition-photos\/expo-3'><img loading=\"lazy\" decoding=\"async\" width=\"150\" height=\"150\" src=\"https:\/\/www.hirondelle.org\/wp-content\/uploads\/2024\/07\/Expo-3-150x150.jpg\" class=\"attachment-thumbnail size-thumbnail\" alt=\"Une journaliste de Friga FM r\u00e9alise des interviews dans les rues du Kef, en Tunisie. La crise \u00e9conomique a contraint de nombreux jeunes \u00e0 quitter la ville. \u00a9 Lotfi Rahmouni \/ Fondation Hirondelle \/ Septembre 2023\" aria-describedby=\"gallery-1-9584\" \/><\/a>\n\t\t\t<\/dt>\n\t\t\t\t<dd class='wp-caption-text gallery-caption' id='gallery-1-9584'>\n\t\t\t\tUne journaliste de Friga FM r\u00e9alise des interviews dans les rues du Kef, en Tunisie. La crise \u00e9conomique a contraint de nombreux jeunes \u00e0 quitter la ville. \u00a9 Lotfi Rahmouni \/ Fondation Hirondelle \/ Septembre 2023\n\t\t\t\t<\/dd><\/dl><br style=\"clear: both\" \/>\n\t\t<\/div>\n\n\n\n\n<h4 class=\"wp-block-heading\"><strong><br>Les photographes<\/strong><\/h4>\n\n\n\n<p>L&rsquo;exposition pr\u00e9sente huit photographes de renomm\u00e9e internationale, chacun\u00b7e avec une approche unique. Parmi eux, notamment&nbsp;:<\/p>\n\n\n\n<ul class=\"wp-block-list\">\n<li>Apsatou Bagaya, photographe nig\u00e9rienne, explore le documentaire, les portraits et la photographie d&rsquo;art, cherchant \u00e0 mettre en valeur le patrimoine culturel et social du Niger.<\/li>\n\n\n\n<li><a href=\"https:\/\/www.olympiademaismont.com\/\" target=\"_blank\" rel=\"noreferrer noopener\">Olympia de Maismont<\/a>, reporter photo-vid\u00e9o autodidacte fran\u00e7aise bas\u00e9e au Burkina Faso, couvre les \u00e9v\u00e9nements politiques et la vie quotidienne pour des m\u00e9dias internationaux ainsi que de grandes organisations internationales.<\/li>\n\n\n\n<li><a href=\"https:\/\/gwenn.fr\/\" target=\"_blank\" rel=\"noreferrer noopener\">Gwenn Dubourthoumieu<\/a>, prim\u00e9 \u00e0 l&rsquo;\u00e9chelle mondiale, principalement aux Epica Awards dans la cat\u00e9gorie photographie et au Creativity 4 change \u00e9galement dans la cat\u00e9gorie photographie (Slovenia). Dans son travail, il r\u00e9ussit \u00e0 fusionner l&rsquo;art et le photoreportage en contextes de&nbsp;crises.<\/li>\n\n\n\n<li><a href=\"https:\/\/www.instagram.com\/lam_duc_hien\/\" target=\"_blank\" rel=\"noreferrer noopener\">L\u00e2m Duc Hi\u00ean<\/a>, photographe franco-laotien, a re\u00e7u de nombreux prix, dont le World Press Photo, pour ses portraits saisissants des habitant\u00b7e\u00b7s irakien\u00b7ne\u00b7s.<\/li>\n\n\n\n<li><a href=\"https:\/\/www.floriophoto.com\/\" target=\"_blank\" rel=\"noreferrer noopener\">Jason Florio<\/a>, originaire de Londres d\u00e9sormais en Gambie, s\u2019est consacr\u00e9 \u00e0 documenter les histoires souvent n\u00e9glig\u00e9es des marginaux\u00b7ales et des d\u00e9fenseur\u00b7euse\u00b7s des droits humains. Son travail a d\u00e9j\u00e0 \u00e9t\u00e9 publi\u00e9 dans des publications prestigieuses telles que le New York Times et le National Geographic, r\u00e9compens\u00e9 notamment par le Magnum Photography Award.<\/li>\n\n\n\n<li>Lotfi&nbsp;Rahmouni, photographe professionnel&nbsp;depuis plus de 20 ans, est originaire de Kasserine au centre-ouest de la Tunisie. Il a largement collabor\u00e9 avec les m\u00e9dias locaux tunisiens.<\/li>\n\n\n\n<li><a href=\"https:\/\/www.iako-randrianarivelo.com\/\" target=\"_blank\" rel=\"noreferrer noopener\">iAko Randrianarivelo<\/a>, photographe malgache, focalise ses travaux sur le changement climatique et son impact sur la soci\u00e9t\u00e9.<\/li>\n\n\n\n<li><a href=\"https:\/\/www.instagram.com\/florent_vergnes\/?hl=fr\" target=\"_blank\" rel=\"noreferrer noopener\">Florent Vergnes<\/a>, historien de formation, est un photojournaliste bas\u00e9 en Ukraine. Il y d\u00e9peint les aspirations humaines et les d\u00e9fis sociaux \u00e0 travers ses photographies.<\/li>\n<\/ul>\n\n\n\n<p><br><\/p>\n\n\n\n<h4 class=\"wp-block-heading\"><\/h4>\n\n\n\n\n\t\t<style type=\"text\/css\">\n\t\t\t#gallery-2 {\n\t\t\t\tmargin: auto;\n\t\t\t}\n\t\t\t#gallery-2 .gallery-item {\n\t\t\t\tfloat: left;\n\t\t\t\tmargin-top: 10px;\n\t\t\t\ttext-align: center;\n\t\t\t\twidth: 33%;\n\t\t\t}\n\t\t\t#gallery-2 img {\n\t\t\t\tborder: 2px solid #cfcfcf;\n\t\t\t}\n\t\t\t#gallery-2 .gallery-caption {\n\t\t\t\tmargin-left: 0;\n\t\t\t}\n\t\t\t\/* see gallery_shortcode() in wp-includes\/media.php *\/\n\t\t<\/style>\n\t\t<div id='gallery-2' class='gallery galleryid-272 gallery-columns-3 gallery-size-thumbnail'><dl class='gallery-item'>\n\t\t\t<dt class='gallery-icon landscape'>\n\t\t\t\t<a href='https:\/\/www.hirondelle.org\/fr\/actualite\/exposition-photos\/expo-4'><img loading=\"lazy\" decoding=\"async\" width=\"150\" height=\"150\" src=\"https:\/\/www.hirondelle.org\/wp-content\/uploads\/2024\/07\/Expo-4-150x150.jpg\" class=\"attachment-thumbnail size-thumbnail\" alt=\"Vladyslav Hryschenko (27 ans) travaillait, avant la guerre, comme photographe de mode \u00e0 Kiev, en Ukraine. Il travaille d\u00e9sormais pour les informations locales. \u00a9 L\u00e2m Duc Hi\u00ean \/ Agence VU&#039; for Fondation Hirondelle \/ 2022\" aria-describedby=\"gallery-2-9591\" \/><\/a>\n\t\t\t<\/dt>\n\t\t\t\t<dd class='wp-caption-text gallery-caption' id='gallery-2-9591'>\n\t\t\t\tVladyslav Hryschenko (27 ans) travaillait, avant la guerre, comme photographe de mode \u00e0 Kiev, en Ukraine. Il travaille d\u00e9sormais pour les informations locales. \u00a9 L\u00e2m Duc Hi\u00ean \/ Agence VU&rsquo; for Fondation Hirondelle \/ 2022\n\t\t\t\t<\/dd><\/dl><dl class='gallery-item'>\n\t\t\t<dt class='gallery-icon landscape'>\n\t\t\t\t<a href='https:\/\/www.hirondelle.org\/fr\/actualite\/exposition-photos\/expo-5'><img loading=\"lazy\" decoding=\"async\" width=\"150\" height=\"150\" src=\"https:\/\/www.hirondelle.org\/wp-content\/uploads\/2024\/07\/Expo-5-150x150.jpg\" class=\"attachment-thumbnail size-thumbnail\" alt=\"Une journaliste enregistre une voix off pendant le Festival de S\u00e9gou. En f\u00e9vrier 2022, la r\u00e9daction du Studio Tamani s&#039;est install\u00e9e pendant une semaine \u00e0 S\u00e9gou pour faire vivre en temps r\u00e9el \u00e0 tous les Malien\u00b7ne\u00b7s les moments forts de ce festival unique de musique et d&#039;art, vecteur de paix qui rassemble les communaut\u00e9s du centre du Mali d\u00e9chir\u00e9es par les violences dans le pays. \u00a9 Florent Vergnes \/ Fondation Hirondelle \/ F\u00e9vrier 2022\" aria-describedby=\"gallery-2-9597\" \/><\/a>\n\t\t\t<\/dt>\n\t\t\t\t<dd class='wp-caption-text gallery-caption' id='gallery-2-9597'>\n\t\t\t\tUne journaliste enregistre une voix off pendant le Festival de S\u00e9gou. En f\u00e9vrier 2022, la r\u00e9daction du Studio Tamani s&rsquo;est install\u00e9e pendant une semaine \u00e0 S\u00e9gou pour faire vivre en temps r\u00e9el \u00e0 tous les Malien\u00b7ne\u00b7s les moments forts de ce festival unique de musique et d&rsquo;art, vecteur de paix qui rassemble les communaut\u00e9s du centre du Mali d\u00e9chir\u00e9es par les violences dans le pays. \u00a9 Florent Vergnes \/ Fondation Hirondelle \/ F\u00e9vrier 2022\n\t\t\t\t<\/dd><\/dl><dl class='gallery-item'>\n\t\t\t<dt class='gallery-icon landscape'>\n\t\t\t\t<a href='https:\/\/www.hirondelle.org\/fr\/actualite\/exposition-photos\/gambie-femmes-lecture-journalisme-victimes-temoins-violen'><img loading=\"lazy\" decoding=\"async\" width=\"150\" height=\"150\" src=\"https:\/\/www.hirondelle.org\/wp-content\/uploads\/2024\/07\/Expo-6-150x150.jpg\" class=\"attachment-thumbnail size-thumbnail\" alt=\"Un journaliste correspondant de Justice Info r\u00e9alise une interview en Gambie. Ce correspondant a r\u00e9alis\u00e9 de nombreux articles sur la Commission v\u00e9rit\u00e9, r\u00e9conciliation et r\u00e9parations de Gambie, charg\u00e9e de faire la lumi\u00e8re sur les crimes commis sous Yahya Jammeh. Justice Info est le site d&#039;information le plus actif sur la justice internationale. \u00a9 Jason Florio \/ Fondation Hirondelle \/ Octobre 2019\" aria-describedby=\"gallery-2-9594\" \/><\/a>\n\t\t\t<\/dt>\n\t\t\t\t<dd class='wp-caption-text gallery-caption' id='gallery-2-9594'>\n\t\t\t\tUn journaliste correspondant de Justice Info r\u00e9alise une interview en Gambie. Ce correspondant a r\u00e9alis\u00e9 de nombreux articles sur la Commission v\u00e9rit\u00e9, r\u00e9conciliation et r\u00e9parations de Gambie, charg\u00e9e de faire la lumi\u00e8re sur les crimes commis sous Yahya Jammeh. Justice Info est le site d&rsquo;information le plus actif sur la justice internationale. \u00a9 Jason Florio \/ Fondation Hirondelle \/ Octobre 2019\n\t\t\t\t<\/dd><\/dl><br style=\"clear: both\" \/>\n\t\t<\/div>\n\n\n\n\n<p><br><\/p>\n\n\n\n<p><strong>Conditions de pr\u00eat<\/strong><\/p>\n\n\n\n<p>La Fondation Hirondelle met \u00e0 disposition les diff\u00e9rentes photographies, sans frais, pour une dur\u00e9e \u00e0 d\u00e9finir. L\u2019exposition se pr\u00e9sente sous forme de tableaux de diff\u00e9rentes tailles, entre 53 x 80 cm et 110 x 165 cm. Ces mesures sont indicatives. Il est possible de s\u00e9lectionner uniquement certaines \u0153uvres.<\/p>\n\n\n\n<div class=\"wp-block-columns is-layout-flex wp-container-core-columns-is-layout-9d6595d7 wp-block-columns-is-layout-flex\">\n<div class=\"wp-block-column is-layout-flow wp-block-column-is-layout-flow\">\n<figure class=\"wp-block-image size-large\"><img loading=\"lazy\" decoding=\"async\" width=\"683\" height=\"1024\" src=\"https:\/\/www.hirondelle.org\/wp-content\/uploads\/2024\/07\/ukraine_2023-vertical-683x1024.jpg\" alt=\"\" class=\"wp-image-9617\" srcset=\"https:\/\/www.hirondelle.org\/wp-content\/uploads\/2024\/07\/ukraine_2023-vertical-683x1024.jpg 683w, https:\/\/www.hirondelle.org\/wp-content\/uploads\/2024\/07\/ukraine_2023-vertical-200x300.jpg 200w, https:\/\/www.hirondelle.org\/wp-content\/uploads\/2024\/07\/ukraine_2023-vertical-768x1152.jpg 768w, https:\/\/www.hirondelle.org\/wp-content\/uploads\/2024\/07\/ukraine_2023-vertical-1024x1536.jpg 1024w, https:\/\/www.hirondelle.org\/wp-content\/uploads\/2024\/07\/ukraine_2023-vertical-1000x1500.jpg 1000w, https:\/\/www.hirondelle.org\/wp-content\/uploads\/2024\/07\/ukraine_2023-vertical.jpg 1080w\" sizes=\"auto, (max-width: 683px) 100vw, 683px\" \/><figcaption class=\"wp-element-caption\"><em>Une journaliste du Kharkiv Time filme les fun\u00e9railles d&rsquo;un soldat du r\u00e9giment Kraken, \u00e0 Kharkiv, en Ukraine. \u00a9 Florent Vergnes \/ Fondation Hirondelle \/ 2023<\/em><\/figcaption><\/figure>\n<\/div>\n\n\n\n<div class=\"wp-block-column is-layout-flow wp-block-column-is-layout-flow\">\n<figure class=\"wp-block-image size-large\"><img loading=\"lazy\" decoding=\"async\" width=\"683\" height=\"1024\" src=\"https:\/\/www.hirondelle.org\/wp-content\/uploads\/2024\/07\/RCA_etude-audience-2021_1-683x1024.jpg\" alt=\"\" class=\"wp-image-9613\" srcset=\"https:\/\/www.hirondelle.org\/wp-content\/uploads\/2024\/07\/RCA_etude-audience-2021_1-683x1024.jpg 683w, https:\/\/www.hirondelle.org\/wp-content\/uploads\/2024\/07\/RCA_etude-audience-2021_1-200x300.jpg 200w, https:\/\/www.hirondelle.org\/wp-content\/uploads\/2024\/07\/RCA_etude-audience-2021_1-768x1152.jpg 768w, https:\/\/www.hirondelle.org\/wp-content\/uploads\/2024\/07\/RCA_etude-audience-2021_1-1024x1536.jpg 1024w, https:\/\/www.hirondelle.org\/wp-content\/uploads\/2024\/07\/RCA_etude-audience-2021_1-1000x1500.jpg 1000w, https:\/\/www.hirondelle.org\/wp-content\/uploads\/2024\/07\/RCA_etude-audience-2021_1.jpg 1080w\" sizes=\"auto, (max-width: 683px) 100vw, 683px\" \/><figcaption class=\"wp-element-caption\"><em>Les femmes r\u00e9pondent \u00e0 une enqu\u00eate d&rsquo;audience organis\u00e9e lors d&rsquo;un Focus Group de Radio Ndeke Luka (RNL), la principale radio de Centrafrique, \u00e0 Bangui en mars 2021. \u00a9 Gwenn Dubourthoumieu \/ Fondation Hirondelle \/ Mars 2021<\/em><\/figcaption><\/figure>\n<\/div>\n\n\n\n<div class=\"wp-block-column is-layout-flow wp-block-column-is-layout-flow\">\n<div class=\"wp-block-group p-3 text-start h-100 has-white-color has-text-color has-background has-link-color wp-elements-aa58dda730fe5e04acccd4d756a4cf3e has-global-padding is-layout-constrained wp-block-group-is-layout-constrained\" style=\"background-color:#5a3c50\">\n<h2 class=\"wp-block-heading has-text-align-left mt-0 has-white-color has-text-color has-link-color wp-elements-1e3a81b6a482d993d30e71f172282cfc\"><em>Pour toutes questions \u00e0 propos de l&rsquo;exposition<\/em><\/h2>\n\n\n\n<p><strong>Julie Crenn<\/strong><\/p>\n\n\n\n<p>Sp\u00e9cialiste Communication<\/p>\n\n\n\n<p><a href=\"\/fr\/qui-sommes-nous\/nous-contacter?recipient=Julie+Crenn+-+Sp\u00e9cialiste+Communication\">Contactez Julie Crenn<\/a><\/p>\n\n\n\n<p>+41 21 654 20 20<\/p>\n<\/div>\n<\/div>\n<\/div>\n","protected":false},"excerpt":{"rendered":"<p>L\u2019exposition \u00c0 une \u00e9poque d\u00e9finie par des crises multiples et interd\u00e9pendantes, les journalistes doivent travailler plus dur que jamais pour aider les populations \u00e0 comprendre et \u00e0 naviguer dans les environnements en mutation rapide dans lesquels elles vivent. La Fondation Hirondelle et ses partenaires sont en premi\u00e8re ligne de ces \u00ab\u00a0polycrises\u00a0\u00bb, au service de soci\u00e9t\u00e9s [&hellip;]<\/p>\n","protected":false},"author":9,"featured_media":0,"parent":264,"menu_order":5,"comment_status":"closed","ping_status":"closed","template":"","meta":{"_acf_changed":false,"footnotes":""},"class_list":["post-272","page","type-page","status-publish","hentry"],"acf":[],"publishpress_future_action":{"enabled":false,"date":"2026-04-23 09:35:26","action":"change-status","newStatus":"draft","terms":[],"taxonomy":"translation_priority","extraData":[]},"publishpress_future_workflow_manual_trigger":{"enabledWorkflows":[]},"_links":{"self":[{"href":"https:\/\/www.hirondelle.org\/fr\/wp-json\/wp\/v2\/pages\/272","targetHints":{"allow":["GET"]}}],"collection":[{"href":"https:\/\/www.hirondelle.org\/fr\/wp-json\/wp\/v2\/pages"}],"about":[{"href":"https:\/\/www.hirondelle.org\/fr\/wp-json\/wp\/v2\/types\/page"}],"author":[{"embeddable":true,"href":"https:\/\/www.hirondelle.org\/fr\/wp-json\/wp\/v2\/users\/9"}],"replies":[{"embeddable":true,"href":"https:\/\/www.hirondelle.org\/fr\/wp-json\/wp\/v2\/comments?post=272"}],"version-history":[{"count":66,"href":"https:\/\/www.hirondelle.org\/fr\/wp-json\/wp\/v2\/pages\/272\/revisions"}],"predecessor-version":[{"id":14612,"href":"https:\/\/www.hirondelle.org\/fr\/wp-json\/wp\/v2\/pages\/272\/revisions\/14612"}],"up":[{"embeddable":true,"href":"https:\/\/www.hirondelle.org\/fr\/wp-json\/wp\/v2\/pages\/264"}],"wp:attachment":[{"href":"https:\/\/www.hirondelle.org\/fr\/wp-json\/wp\/v2\/media?parent=272"}],"curies":[{"name":"wp","href":"https:\/\/api.w.org\/{rel}","templated":true}]}}