{"id":274,"date":"2024-04-05T23:41:31","date_gmt":"2024-04-05T21:41:31","guid":{"rendered":"https:\/\/www.hirondelle.org\/?page_id=274"},"modified":"2026-01-08T11:36:31","modified_gmt":"2026-01-08T10:36:31","slug":"pour-les-medias","status":"publish","type":"page","link":"https:\/\/www.hirondelle.org\/fr\/actualite\/pour-les-medias","title":{"rendered":"Pour les m\u00e9dias"},"content":{"rendered":"\n<p>La Fondation Hirondelle soutient les m\u00e9dias de service public dans des contextes de crises. Gr\u00e2ce \u00e0 ce soutien, des millions de personnes ont acc\u00e8s quotidiennement \u00e0 une information v\u00e9rifi\u00e9e et non-partisanes. Nous avons \u00e0 c\u0153ur de mettre en contacts les journalistes travaillant pour les m\u00e9dias de la Fondation Hirondelle avec d\u2019autres journalistes, de mettre \u00e0 disposition nos exp\u00e9riences, et de partager nos activit\u00e9s et les r\u00e9alit\u00e9s des pays dans lesquels nous intervenons.<\/p>\n\n\n\n<p><br><\/p>\n\n\n\n<p><strong>Contacts pour les m\u00e9dias<\/strong><\/p>\n\n\n\n<div class=\"wp-block-group p-2 has-background has-global-padding is-layout-constrained wp-block-group-is-layout-constrained\" style=\"background-color:#edf0ee\">\n<div class=\"wp-block-media-text is-stacked-on-mobile\" style=\"grid-template-columns:27% auto\"><figure class=\"wp-block-media-text__media\"><img loading=\"lazy\" decoding=\"async\" width=\"2560\" height=\"1707\" src=\"https:\/\/www.hirondelle.org\/wp-content\/uploads\/2026\/01\/CrennJulie-scaled.jpg\" alt=\"\" class=\"wp-image-22283 size-full\" srcset=\"https:\/\/www.hirondelle.org\/wp-content\/uploads\/2026\/01\/CrennJulie-scaled.jpg 2560w, https:\/\/www.hirondelle.org\/wp-content\/uploads\/2026\/01\/CrennJulie-300x200.jpg 300w, https:\/\/www.hirondelle.org\/wp-content\/uploads\/2026\/01\/CrennJulie-768x512.jpg 768w, https:\/\/www.hirondelle.org\/wp-content\/uploads\/2026\/01\/CrennJulie-1536x1024.jpg 1536w, https:\/\/www.hirondelle.org\/wp-content\/uploads\/2026\/01\/CrennJulie-2048x1365.jpg 2048w\" sizes=\"auto, (max-width: 2560px) 100vw, 2560px\" \/><\/figure><div class=\"wp-block-media-text__content\">\n<p>Julie Crenn<\/p>\n\n\n\n<p>Sp\u00e9cialiste Communication<\/p>\n\n\n\n<p>+41 21&nbsp;654 20 20<\/p>\n\n\n\n<p><a href=\"\/fr\/qui-sommes-nous\/nous-contacter?recipient=Julie+Crenn+-+Sp\u00e9cialiste+Communication\">Contactez Julie Crenn<\/a><\/p>\n<\/div><\/div>\n<\/div>\n","protected":false},"excerpt":{"rendered":"<p>La Fondation Hirondelle soutient les m\u00e9dias de service public dans des contextes de crises. Gr\u00e2ce \u00e0 ce soutien, des millions de personnes ont acc\u00e8s quotidiennement \u00e0 une information v\u00e9rifi\u00e9e et non-partisanes. Nous avons \u00e0 c\u0153ur de mettre en contacts les journalistes travaillant pour les m\u00e9dias de la Fondation Hirondelle avec d\u2019autres journalistes, de mettre \u00e0 [&hellip;]<\/p>\n","protected":false},"author":9,"featured_media":0,"parent":264,"menu_order":6,"comment_status":"closed","ping_status":"closed","template":"","meta":{"_acf_changed":false,"footnotes":""},"class_list":["post-274","page","type-page","status-publish","hentry"],"acf":[],"publishpress_future_action":{"enabled":false,"date":"2026-04-22 15:38:14","action":"change-status","newStatus":"draft","terms":[],"taxonomy":"translation_priority","extraData":[]},"publishpress_future_workflow_manual_trigger":{"enabledWorkflows":[]},"_links":{"self":[{"href":"https:\/\/www.hirondelle.org\/fr\/wp-json\/wp\/v2\/pages\/274","targetHints":{"allow":["GET"]}}],"collection":[{"href":"https:\/\/www.hirondelle.org\/fr\/wp-json\/wp\/v2\/pages"}],"about":[{"href":"https:\/\/www.hirondelle.org\/fr\/wp-json\/wp\/v2\/types\/page"}],"author":[{"embeddable":true,"href":"https:\/\/www.hirondelle.org\/fr\/wp-json\/wp\/v2\/users\/9"}],"replies":[{"embeddable":true,"href":"https:\/\/www.hirondelle.org\/fr\/wp-json\/wp\/v2\/comments?post=274"}],"version-history":[{"count":27,"href":"https:\/\/www.hirondelle.org\/fr\/wp-json\/wp\/v2\/pages\/274\/revisions"}],"predecessor-version":[{"id":22288,"href":"https:\/\/www.hirondelle.org\/fr\/wp-json\/wp\/v2\/pages\/274\/revisions\/22288"}],"up":[{"embeddable":true,"href":"https:\/\/www.hirondelle.org\/fr\/wp-json\/wp\/v2\/pages\/264"}],"wp:attachment":[{"href":"https:\/\/www.hirondelle.org\/fr\/wp-json\/wp\/v2\/media?parent=274"}],"curies":[{"name":"wp","href":"https:\/\/api.w.org\/{rel}","templated":true}]}}