{"id":3,"date":"2024-02-15T21:27:10","date_gmt":"2024-02-15T20:27:10","guid":{"rendered":"https:\/\/www.hirondelle.org\/?page_id=3"},"modified":"2024-11-27T17:07:17","modified_gmt":"2024-11-27T16:07:17","slug":"mentions-legales","status":"publish","type":"page","link":"https:\/\/www.hirondelle.org\/fr\/mentions-legales","title":{"rendered":"Mentions l\u00e9gales"},"content":{"rendered":"\n<p><strong>DROITS D&rsquo;AUTEURS ET DE DIFFUSION<\/strong><\/p>\n\n\n\n<p>En vertu des dispositions relatives au droit d&rsquo;auteur ainsi qu&rsquo;\u00e0 la Loi suisse contre la concurrence d\u00e9loyale, la reproduction et diffusion d&rsquo;articles, de photos de fichiers audio ou vid\u00e9os sous toutes formes sont <strong>interdites sans l\u2019autorisation pr\u00e9alable<\/strong> de la Fondation Hirondelle (sauf partage sur les r\u00e9seaux sociaux, notamment en utilisant les boutons pr\u00e9vus \u00e0 cet effet). <strong>Les demandes sont \u00e0 effectuer exclusivement sur l&rsquo;adresse \u00e9lectronique suivante<\/strong> : <a href=\"mailto:info@hirondelle.org\">info@hirondelle.org<\/a><\/p>\n\n\n\n<p>L&rsquo;exploitation int\u00e9grale ou partielle des photos, fichier audio, vid\u00e9os ou articles par des tiers non autoris\u00e9s, notamment sur des services en ligne, est express\u00e9ment interdite.<\/p>\n\n\n\n<p>Tout abus fera l&rsquo;objet de poursuites.<\/p>\n\n\n\n<p><br><strong>PHOTOS<\/strong><\/p>\n\n\n\n<p>Les photos sont la propri\u00e9t\u00e9 de la Fondation Hirondelle et\/ou des autres photographes ou organisations cr\u00e9dit\u00e9es dans le copyright.<\/p>\n\n\n\n<p><br><strong>LIENS VERS D&rsquo;AUTRES SITES<\/strong><\/p>\n\n\n\n<p>La Fondation Hirondelle ne peut pas \u00eatre tenue pour responsable du contenu de sites web sur lesquels elle n&rsquo;exerce pas de contr\u00f4le \u00e9ditorial.<\/p>\n\n\n\n<p><br><strong>SI\u00c8GE ET FOR<\/strong><\/p>\n\n\n\n<p>Lausanne, Suisse<\/p>\n\n\n\n<p><br><strong>CONTACTS<\/strong><\/p>\n\n\n\n<p>Fondation Hirondelle<br>Avenue du Temple 19C<br>1012 Lausanne<br>Tel : +41-21-654-2020<br>Fax : +41-21-654-2021<br><a href=\"http:\/\/www.hirondelle.org\" target=\"_blank\" rel=\"noreferrer noopener\">www.hirondelle.org<\/a><br><a href=\"mailto:info@hirondelle.org\">info@hirondelle.org<\/a><\/p>\n","protected":false},"excerpt":{"rendered":"<p>DROITS D&rsquo;AUTEURS ET DE DIFFUSION En vertu des dispositions relatives au droit d&rsquo;auteur ainsi qu&rsquo;\u00e0 la Loi suisse contre la concurrence d\u00e9loyale, la reproduction et diffusion d&rsquo;articles, de photos de fichiers audio ou vid\u00e9os sous toutes formes sont interdites sans l\u2019autorisation pr\u00e9alable de la Fondation Hirondelle (sauf partage sur les r\u00e9seaux sociaux, notamment en utilisant [&hellip;]<\/p>\n","protected":false},"author":9,"featured_media":0,"parent":0,"menu_order":0,"comment_status":"closed","ping_status":"closed","template":"page-without-column.php","meta":{"_acf_changed":false,"footnotes":""},"class_list":["post-3","page","type-page","status-publish","hentry"],"acf":[],"publishpress_future_action":{"enabled":false,"date":"2026-04-27 10:29:25","action":"change-status","newStatus":"draft","terms":[],"taxonomy":"translation_priority","extraData":[]},"publishpress_future_workflow_manual_trigger":{"enabledWorkflows":[]},"_links":{"self":[{"href":"https:\/\/www.hirondelle.org\/fr\/wp-json\/wp\/v2\/pages\/3","targetHints":{"allow":["GET"]}}],"collection":[{"href":"https:\/\/www.hirondelle.org\/fr\/wp-json\/wp\/v2\/pages"}],"about":[{"href":"https:\/\/www.hirondelle.org\/fr\/wp-json\/wp\/v2\/types\/page"}],"author":[{"embeddable":true,"href":"https:\/\/www.hirondelle.org\/fr\/wp-json\/wp\/v2\/users\/9"}],"replies":[{"embeddable":true,"href":"https:\/\/www.hirondelle.org\/fr\/wp-json\/wp\/v2\/comments?post=3"}],"version-history":[{"count":18,"href":"https:\/\/www.hirondelle.org\/fr\/wp-json\/wp\/v2\/pages\/3\/revisions"}],"predecessor-version":[{"id":13217,"href":"https:\/\/www.hirondelle.org\/fr\/wp-json\/wp\/v2\/pages\/3\/revisions\/13217"}],"wp:attachment":[{"href":"https:\/\/www.hirondelle.org\/fr\/wp-json\/wp\/v2\/media?parent=3"}],"curies":[{"name":"wp","href":"https:\/\/api.w.org\/{rel}","templated":true}]}}