{"id":3055,"date":"2024-05-18T18:49:27","date_gmt":"2024-05-18T16:49:27","guid":{"rendered":"https:\/\/www.hirondelle.org\/?page_id=3055"},"modified":"2024-09-18T21:37:57","modified_gmt":"2024-09-18T19:37:57","slug":"masterclasses-genres-formats","status":"publish","type":"page","link":"https:\/\/www.hirondelle.org\/fr\/masterclasses-genres-formats","title":{"rendered":"Masterclasses &#8211; Genres &amp; formats"},"content":{"rendered":"\n<p>En un peu plus d\u2019un si\u00e8cle, le journalisme a d\u00e9velopp\u00e9 des genres classiques : l\u2019interview, le reportage, l\u2019investigation, le dessin de presse, l\u2019\u00e9ditorial ou encore la chronique. Des sp\u00e9cialisations aussi : le journalisme \u00e9conomique, judiciaire, politique, sportif et bien d\u2019autres. Les \u00e9volutions technologiques fulgurantes de ces deux derni\u00e8res d\u00e9cennies ont r\u00e9volutionn\u00e9 les m\u00e9dias et leurs formats. L\u2019\u00e9crit n\u2019implique plus le papier, la radio s\u2019affranchit des ondes, la t\u00e9l\u00e9vision aussi. Le photoreportage permet l\u2019envoi d\u2019images en direct. Ces canaux de diffusion tr\u00e8s vari\u00e9s sont propices \u00e0 la naissance de formats hybrides : web-documentaires, blogs, reportages multim\u00e9dia. La r\u00e9volution technique met aussi le d\u00e9bat audiovisuel \u00ab en direct \u00bb \u00e0 port\u00e9e du t\u00e9l\u00e9phone mobile (Skype, Zoom, Facebook Live, etc). avec le risque de confusion pour le \u00ab journaliste-citoyen \u00bb (donc pas journaliste) entre l\u2019outil et le m\u00e9tier.<\/p>\n\n\n\n<div style=\"height:30px\" aria-hidden=\"true\" class=\"wp-block-spacer\"><\/div>\n\n\n<div data-truc=\"list69dd306e77278\" class=\"\"><div class=\"row list\"><div class=\"col-md-4 post d-flex align-items-stretch\"><article id=\"post-1249\" class=\"articleList-item post-1249  post\">\r\n\t<a class=\"post-thumb\" href=\"https:\/\/www.hirondelle.org\/fr\/patrick-chappatte-le-dessin-de-presse\" title=\"Patrick Chappatte &#8211; Le dessin de presse\">\r\n\t\t<img loading=\"lazy\" decoding=\"async\" width=\"480\" height=\"250\" src=\"https:\/\/www.hirondelle.org\/wp-content\/uploads\/from-joomla\/40b9b55f0670c8418c21bc05f68a28a0-480x250.jpg\" class=\"d-block w-100 h-auto wp-post-image\" alt=\"\" \/>\t<\/a>\r\n\t\t<a class=\"post-title\" href=\"https:\/\/www.hirondelle.org\/fr\/patrick-chappatte-le-dessin-de-presse\" title=\"Patrick Chappatte &#8211; Le dessin de presse\" rel=\"bookmark\">\r\n\t\tPatrick Chappatte &#8211; Le dessin de presse\t<\/a>\r\n\t<\/article><\/div><div class=\"col-md-4 post d-flex align-items-stretch\"><article id=\"post-1224\" class=\"articleList-item post-1224  post\">\r\n\t<a class=\"post-thumb\" href=\"https:\/\/www.hirondelle.org\/fr\/pascal-crittin-radio-et-television-de-service-public\" title=\"Pascal Crittin &#8211; Radio et t\u00e9l\u00e9vision de service public\">\r\n\t\t<img loading=\"lazy\" decoding=\"async\" width=\"480\" height=\"250\" src=\"https:\/\/www.hirondelle.org\/wp-content\/uploads\/from-joomla\/e9e897649b8945e5b66f572a62765473-480x250.jpg\" class=\"d-block w-100 h-auto wp-post-image\" alt=\"\" \/>\t<\/a>\r\n\t\t<a class=\"post-title\" href=\"https:\/\/www.hirondelle.org\/fr\/pascal-crittin-radio-et-television-de-service-public\" title=\"Pascal Crittin &#8211; Radio et t\u00e9l\u00e9vision de service public\" rel=\"bookmark\">\r\n\t\tPascal Crittin &#8211; Radio et t\u00e9l\u00e9vision de service public\t<\/a>\r\n\t<\/article><\/div><div class=\"col-md-4 post d-flex align-items-stretch\"><article id=\"post-1213\" class=\"articleList-item post-1213  post\">\r\n\t<a class=\"post-thumb\" href=\"https:\/\/www.hirondelle.org\/fr\/thierry-cruvellier-la-chronique-judiciaire\" title=\"Thierry Cruvellier &#8211; La chronique judiciaire\">\r\n\t\t<img loading=\"lazy\" decoding=\"async\" width=\"480\" height=\"250\" src=\"https:\/\/www.hirondelle.org\/wp-content\/uploads\/from-joomla\/83a2ea62e0f4cfa71f77de7659289685-480x250.jpg\" class=\"d-block w-100 h-auto wp-post-image\" alt=\"\" \/>\t<\/a>\r\n\t\t<a class=\"post-title\" href=\"https:\/\/www.hirondelle.org\/fr\/thierry-cruvellier-la-chronique-judiciaire\" title=\"Thierry Cruvellier &#8211; La chronique judiciaire\" rel=\"bookmark\">\r\n\t\tThierry Cruvellier &#8211; La chronique judiciaire\t<\/a>\r\n\t<\/article><\/div><div class=\"col-md-4 post d-flex align-items-stretch\"><article id=\"post-1250\" class=\"articleList-item post-1250  post\">\r\n\t<a class=\"post-thumb\" href=\"https:\/\/www.hirondelle.org\/fr\/philippe-amez-droz-la-presse\" title=\"Philippe Amez Droz &#8211; La presse\">\r\n\t\t<img loading=\"lazy\" decoding=\"async\" width=\"480\" height=\"250\" src=\"https:\/\/www.hirondelle.org\/wp-content\/uploads\/from-joomla\/3bbd7eba6b043fd8a3819fa2bb9dd9c9-480x250.jpg\" class=\"d-block w-100 h-auto wp-post-image\" alt=\"\" \/>\t<\/a>\r\n\t\t<a class=\"post-title\" href=\"https:\/\/www.hirondelle.org\/fr\/philippe-amez-droz-la-presse\" title=\"Philippe Amez Droz &#8211; La presse\" rel=\"bookmark\">\r\n\t\tPhilippe Amez Droz &#8211; La presse\t<\/a>\r\n\t<\/article><\/div><div class=\"col-md-4 post d-flex align-items-stretch\"><article id=\"post-1198\" class=\"articleList-item post-1198  post\">\r\n\t<a class=\"post-thumb\" href=\"https:\/\/www.hirondelle.org\/fr\/kamal-redouani-correspondant-de-guerre\" title=\"Kamal Redouani &#8211; Correspondant de guerre\">\r\n\t\t<img loading=\"lazy\" decoding=\"async\" width=\"480\" height=\"250\" src=\"https:\/\/www.hirondelle.org\/wp-content\/uploads\/from-joomla\/e0cf1cb2df2eeff97a260e0ea0561b69-480x250.jpg\" class=\"d-block w-100 h-auto wp-post-image\" alt=\"\" \/>\t<\/a>\r\n\t\t<a class=\"post-title\" href=\"https:\/\/www.hirondelle.org\/fr\/kamal-redouani-correspondant-de-guerre\" title=\"Kamal Redouani &#8211; Correspondant de guerre\" rel=\"bookmark\">\r\n\t\tKamal Redouani &#8211; Correspondant de guerre\t<\/a>\r\n\t<\/article><\/div><div class=\"col-md-4 post d-flex align-items-stretch\"><article id=\"post-1214\" class=\"articleList-item post-1214  post\">\r\n\t<a class=\"post-thumb\" href=\"https:\/\/www.hirondelle.org\/fr\/nassira-el-moadem-le-blog\" title=\"Nassira El Moadem &#8211; Le blog\">\r\n\t\t<img loading=\"lazy\" decoding=\"async\" width=\"480\" height=\"250\" src=\"https:\/\/www.hirondelle.org\/wp-content\/uploads\/from-joomla\/5104a1b2e1964d6decac501573adac6e-480x250.jpg\" class=\"d-block w-100 h-auto wp-post-image\" alt=\"\" \/>\t<\/a>\r\n\t\t<a class=\"post-title\" href=\"https:\/\/www.hirondelle.org\/fr\/nassira-el-moadem-le-blog\" title=\"Nassira El Moadem &#8211; Le blog\" rel=\"bookmark\">\r\n\t\tNassira El Moadem &#8211; Le blog\t<\/a>\r\n\t<\/article><\/div><div class=\"col-md-4 post d-flex align-items-stretch\"><article id=\"post-1206\" class=\"articleList-item post-1206  post\">\r\n\t<a class=\"post-thumb\" href=\"https:\/\/www.hirondelle.org\/fr\/jean-philippe-remy-le-reportage\" title=\"Jean-Philippe Remy &#8211; Le reportage\">\r\n\t\t<img loading=\"lazy\" decoding=\"async\" width=\"480\" height=\"250\" src=\"https:\/\/www.hirondelle.org\/wp-content\/uploads\/from-joomla\/e4710ea0caa54c5d561a4702a971c28e-480x250.jpg\" class=\"d-block w-100 h-auto wp-post-image\" alt=\"\" \/>\t<\/a>\r\n\t\t<a class=\"post-title\" href=\"https:\/\/www.hirondelle.org\/fr\/jean-philippe-remy-le-reportage\" title=\"Jean-Philippe Remy &#8211; Le reportage\" rel=\"bookmark\">\r\n\t\tJean-Philippe Remy &#8211; Le reportage\t<\/a>\r\n\t<\/article><\/div><div class=\"col-md-4 post d-flex align-items-stretch\"><article id=\"post-1202\" class=\"articleList-item post-1202  post\">\r\n\t<a class=\"post-thumb\" href=\"https:\/\/www.hirondelle.org\/fr\/patrick-chauvel-le-photoreportage\" title=\"Patrick Chauvel &#8211; Le photoreportage\">\r\n\t\t<img loading=\"lazy\" decoding=\"async\" width=\"480\" height=\"250\" src=\"https:\/\/www.hirondelle.org\/wp-content\/uploads\/from-joomla\/a4d75127215f52c18ccd5844527298c4-480x250.jpg\" class=\"d-block w-100 h-auto wp-post-image\" alt=\"\" \/>\t<\/a>\r\n\t\t<a class=\"post-title\" href=\"https:\/\/www.hirondelle.org\/fr\/patrick-chauvel-le-photoreportage\" title=\"Patrick Chauvel &#8211; Le photoreportage\" rel=\"bookmark\">\r\n\t\tPatrick Chauvel &#8211; Le photoreportage\t<\/a>\r\n\t<\/article><\/div><\/div><\/div>\n\n\n\n","protected":false},"excerpt":{"rendered":"<p>En un peu plus d\u2019un si\u00e8cle, le journalisme a d\u00e9velopp\u00e9 des genres classiques : l\u2019interview, le reportage, l\u2019investigation, le dessin de presse, l\u2019\u00e9ditorial ou encore la chronique. Des sp\u00e9cialisations aussi : le journalisme \u00e9conomique, judiciaire, politique, sportif et bien d\u2019autres. Les \u00e9volutions technologiques fulgurantes de ces deux derni\u00e8res d\u00e9cennies ont r\u00e9volutionn\u00e9 les m\u00e9dias et leurs [&hellip;]<\/p>\n","protected":false},"author":9,"featured_media":0,"parent":2398,"menu_order":3,"comment_status":"closed","ping_status":"closed","template":"page-without-column.php","meta":{"_acf_changed":false,"footnotes":""},"class_list":["post-3055","page","type-page","status-publish","hentry"],"acf":[],"publishpress_future_action":{"enabled":false,"date":"2026-04-20 20:05:34","action":"change-status","newStatus":"draft","terms":[],"taxonomy":"translation_priority","extraData":[]},"publishpress_future_workflow_manual_trigger":{"enabledWorkflows":[]},"_links":{"self":[{"href":"https:\/\/www.hirondelle.org\/fr\/wp-json\/wp\/v2\/pages\/3055","targetHints":{"allow":["GET"]}}],"collection":[{"href":"https:\/\/www.hirondelle.org\/fr\/wp-json\/wp\/v2\/pages"}],"about":[{"href":"https:\/\/www.hirondelle.org\/fr\/wp-json\/wp\/v2\/types\/page"}],"author":[{"embeddable":true,"href":"https:\/\/www.hirondelle.org\/fr\/wp-json\/wp\/v2\/users\/9"}],"replies":[{"embeddable":true,"href":"https:\/\/www.hirondelle.org\/fr\/wp-json\/wp\/v2\/comments?post=3055"}],"version-history":[{"count":4,"href":"https:\/\/www.hirondelle.org\/fr\/wp-json\/wp\/v2\/pages\/3055\/revisions"}],"predecessor-version":[{"id":11953,"href":"https:\/\/www.hirondelle.org\/fr\/wp-json\/wp\/v2\/pages\/3055\/revisions\/11953"}],"up":[{"embeddable":true,"href":"https:\/\/www.hirondelle.org\/fr\/wp-json\/wp\/v2\/pages\/2398"}],"wp:attachment":[{"href":"https:\/\/www.hirondelle.org\/fr\/wp-json\/wp\/v2\/media?parent=3055"}],"curies":[{"name":"wp","href":"https:\/\/api.w.org\/{rel}","templated":true}]}}