{"id":3117,"date":"2024-05-18T18:51:02","date_gmt":"2024-05-18T16:51:02","guid":{"rendered":"https:\/\/www.hirondelle.org\/?page_id=3117"},"modified":"2024-09-18T21:37:37","modified_gmt":"2024-09-18T19:37:37","slug":"masterclasses-les-enjeux","status":"publish","type":"page","link":"https:\/\/www.hirondelle.org\/fr\/masterclasses-les-enjeux","title":{"rendered":"Masterclasses &#8211; Les enjeux"},"content":{"rendered":"\n<p>A quoi sert l\u2019information ? Dans une \u00e9poque o\u00f9 tout devrait se justifier par son utilit\u00e9, la question est lancinante. Pos\u00e9e ainsi, difficile d\u2019y r\u00e9pondre, sinon \u00e0 la mani\u00e8re de Jean-Philippe R\u00e9my, grand reporter au Monde. L\u2019information c\u2019est comme la libert\u00e9. Tout le monde peut comprendre que \u00ab sans \u00bb &#8211; sans libert\u00e9, sans information &#8211; ce serait sans doute moins bien.<\/p>\n\n\n\n<p>Les habitants des pays autoritaires ou en guerre \u00e9prouvent durement l\u2019absence de v\u00e9rit\u00e9. Ils ne sont plus les seuls. La d\u00e9sinformation num\u00e9rique ronge d\u00e9sormais les d\u00e9mocraties. A l\u2019\u00e8re des r\u00e9seaux sociaux, des Etats voyous \u00ab trollent \u00bb internet pour r\u00e9pandre rumeurs, fausses nouvelles et d\u00e9stabiliser le monde. Un pr\u00e9sident voyou le fait \u00e0 la t\u00eate de la premi\u00e8re d\u00e9mocratie du monde au risque de faire basculer la d\u00e9mocratie dans autre chose. Or, y a-t-il d\u2019autre alternative \u00e0 la d\u00e9mocratie qu\u2019une forme ou une autre de dictature ?<\/p>\n\n\n\n<p>Aux Philippines, bo\u00eete de p\u00e9tri de l\u2019\u00e9quipe Trump, le torrent de haine au d\u00e9part virtuel est devenu bien r\u00e9el. Elle a d\u00e9j\u00e0 tu\u00e9 plus de 20&rsquo;000 personnes. Un peu partout dans le monde, dans l\u2019indiff\u00e9rence g\u00e9n\u00e9rale, des journalistes sont menac\u00e9s, emprisonn\u00e9s, tortur\u00e9s, pris en otage ou assassin\u00e9s, jusqu\u2019en Europe d\u00e9sormais o\u00f9 ils sont la cible des mafias. En toute impunit\u00e9.<\/p>\n\n\n\n<p>Comment contourner les \u00e9cueils ? Comment renouer la confiance ? autre enjeu majeur. L\u2019information fiable, cr\u00e9dible, professionnelle est en danger. Or l\u2019information n\u2019est pas une marchandise comme les autres. Et les si les m\u00e9dias &#8211; tr\u00e8s affaiblis sur le plan \u00e9conomique &#8211; ne sont pas exempts de critiques, les citoyens ont une part de responsabilit\u00e9. En choisissant des m\u00e9dias \u00ab gratuits \u00bb, ils se d\u00e9tournent de l\u2019information fiable (celle qui compte et qui a un co\u00fbt : l\u2019investigation, le reportage, l\u2019analyse) au profit de l\u2019oc\u00e9an num\u00e9rique, de ses psychoses et de ses parano\u00efas. Le co\u00fbt d\u2019une source d\u2019information s\u00e9rieuse, au quotidien, est inf\u00e9rieur au prix d\u2019un caf\u00e9, rappelons-le. Mais beaucoup consid\u00e8rent que c\u2019est encore trop cher.<\/p>\n\n\n\n<p>Un citoyen qui n\u2019est pas inform\u00e9, mal inform\u00e9 voire d\u00e9sinform\u00e9, qui ne participe pas au d\u00e9bat, qui ne comprend pas les enjeux de la soci\u00e9t\u00e9 dont il fait partie est-il encore un \u00e9lecteur fiable ? peut-on encore sans r\u00e9agir, continuer d\u2019entendre cette phrase paresseuse et sans discernement : \u00ab\u00a0<em>Les m\u00e9dias disent n\u2019importent quoi<\/em>\u00a0\u00bb ? Les m\u00e9dias d\u2019excellente qualit\u00e9 existent encore. Il faut que les citoyens consentent \u00e0 les acheter et prennent le temps n\u00e9cessaire de s\u2019informer s\u00e9rieusement.<\/p>\n\n\n\n<div style=\"height:30px\" aria-hidden=\"true\" class=\"wp-block-spacer\"><\/div>\n\n\n<div data-truc=\"list69dd307ee2b66\" class=\"\"><div class=\"row list\"><div class=\"col-md-4 post d-flex align-items-stretch\"><article id=\"post-1200\" class=\"articleList-item post-1200  post\">\r\n\t<a class=\"post-thumb\" href=\"https:\/\/www.hirondelle.org\/fr\/caroline-vuillemin-informer-en-zone-de-crise\" title=\"Caroline Vuillemin &#8211; Informer en zone de crise\">\r\n\t\t<img loading=\"lazy\" decoding=\"async\" width=\"480\" height=\"250\" src=\"https:\/\/www.hirondelle.org\/wp-content\/uploads\/from-joomla\/2940b97ab5721a9e279f736f864f4ce6-480x250.jpg\" class=\"d-block w-100 h-auto wp-post-image\" alt=\"\" \/>\t<\/a>\r\n\t\t<a class=\"post-title\" href=\"https:\/\/www.hirondelle.org\/fr\/caroline-vuillemin-informer-en-zone-de-crise\" title=\"Caroline Vuillemin &#8211; Informer en zone de crise\" rel=\"bookmark\">\r\n\t\tCaroline Vuillemin &#8211; Informer en zone de crise\t<\/a>\r\n\t<\/article><\/div><div class=\"col-md-4 post d-flex align-items-stretch\"><article id=\"post-1196\" class=\"articleList-item post-1196  post\">\r\n\t<a class=\"post-thumb\" href=\"https:\/\/www.hirondelle.org\/fr\/maria-ressa-la-menace-des-reseaux-sociaux-philippines\" title=\"Maria Ressa &#8211; La menace des r\u00e9seaux sociaux (Philippines)\">\r\n\t\t<img loading=\"lazy\" decoding=\"async\" width=\"480\" height=\"250\" src=\"https:\/\/www.hirondelle.org\/wp-content\/uploads\/from-joomla\/2446fed04528c87c6be7708f0052c2c9-480x250.jpg\" class=\"d-block w-100 h-auto wp-post-image\" alt=\"\" \/>\t<\/a>\r\n\t\t<a class=\"post-title\" href=\"https:\/\/www.hirondelle.org\/fr\/maria-ressa-la-menace-des-reseaux-sociaux-philippines\" title=\"Maria Ressa &#8211; La menace des r\u00e9seaux sociaux (Philippines)\" rel=\"bookmark\">\r\n\t\tMaria Ressa &#8211; La menace des r\u00e9seaux sociaux (Philippines)\t<\/a>\r\n\t<\/article><\/div><div class=\"col-md-4 post d-flex align-items-stretch\"><article id=\"post-1262\" class=\"articleList-item post-1262  post\">\r\n\t<a class=\"post-thumb\" href=\"https:\/\/www.hirondelle.org\/fr\/max-morel-l-information-humanitaire\" title=\"Max Morel &#8211; L&rsquo;information humanitaire\">\r\n\t\t<img loading=\"lazy\" decoding=\"async\" width=\"480\" height=\"250\" src=\"https:\/\/www.hirondelle.org\/wp-content\/uploads\/from-joomla\/1f12456c899fa7256e8f7626f2f12583-480x250.jpg\" class=\"d-block w-100 h-auto wp-post-image\" alt=\"\" \/>\t<\/a>\r\n\t\t<a class=\"post-title\" href=\"https:\/\/www.hirondelle.org\/fr\/max-morel-l-information-humanitaire\" title=\"Max Morel &#8211; L&rsquo;information humanitaire\" rel=\"bookmark\">\r\n\t\tMax Morel &#8211; L&rsquo;information humanitaire\t<\/a>\r\n\t<\/article><\/div><div class=\"col-md-4 post d-flex align-items-stretch\"><article id=\"post-1222\" class=\"articleList-item post-1222  post\">\r\n\t<a class=\"post-thumb\" href=\"https:\/\/www.hirondelle.org\/fr\/claude-guibal-femme-et-journalisme\" title=\"Claude Guibal &#8211; Femme et journalisme\">\r\n\t\t<img loading=\"lazy\" decoding=\"async\" width=\"480\" height=\"250\" src=\"https:\/\/www.hirondelle.org\/wp-content\/uploads\/from-joomla\/f564c1422f75d8af61b6191b15b3db80-480x250.jpg\" class=\"d-block w-100 h-auto wp-post-image\" alt=\"\" \/>\t<\/a>\r\n\t\t<a class=\"post-title\" href=\"https:\/\/www.hirondelle.org\/fr\/claude-guibal-femme-et-journalisme\" title=\"Claude Guibal &#8211; Femme et journalisme\" rel=\"bookmark\">\r\n\t\tClaude Guibal &#8211; Femme et journalisme\t<\/a>\r\n\t<\/article><\/div><div class=\"col-md-4 post d-flex align-items-stretch\"><article id=\"post-1248\" class=\"articleList-item post-1248  post\">\r\n\t<a class=\"post-thumb\" href=\"https:\/\/www.hirondelle.org\/fr\/martin-faye-informer-en-democrature\" title=\"Martin Faye &#8211; Informer en \u00ab\u00a0D\u00e9mocrature\u00a0\u00bb\">\r\n\t\t<img loading=\"lazy\" decoding=\"async\" width=\"480\" height=\"250\" src=\"https:\/\/www.hirondelle.org\/wp-content\/uploads\/from-joomla\/1784e00b0b60f953190c43cb5b6689b8-480x250.jpg\" class=\"d-block w-100 h-auto wp-post-image\" alt=\"\" \/>\t<\/a>\r\n\t\t<a class=\"post-title\" href=\"https:\/\/www.hirondelle.org\/fr\/martin-faye-informer-en-democrature\" title=\"Martin Faye &#8211; Informer en \u00ab\u00a0D\u00e9mocrature\u00a0\u00bb\" rel=\"bookmark\">\r\n\t\tMartin Faye &#8211; Informer en \u00ab\u00a0D\u00e9mocrature\u00a0\u00bb\t<\/a>\r\n\t<\/article><\/div><div class=\"col-md-4 post d-flex align-items-stretch\"><article id=\"post-1223\" class=\"articleList-item post-1223  post\">\r\n\t<a class=\"post-thumb\" href=\"https:\/\/www.hirondelle.org\/fr\/christophe-deloire-une-profession-en-danger\" title=\"Christophe Deloire &#8211; Une profession en danger\">\r\n\t\t<img loading=\"lazy\" decoding=\"async\" width=\"480\" height=\"250\" src=\"https:\/\/www.hirondelle.org\/wp-content\/uploads\/from-joomla\/85eaadb12c96831e2dd8e8d0ba75e08b-480x250.jpg\" class=\"d-block w-100 h-auto wp-post-image\" alt=\"\" \/>\t<\/a>\r\n\t\t<a class=\"post-title\" href=\"https:\/\/www.hirondelle.org\/fr\/christophe-deloire-une-profession-en-danger\" title=\"Christophe Deloire &#8211; Une profession en danger\" rel=\"bookmark\">\r\n\t\tChristophe Deloire &#8211; Une profession en danger\t<\/a>\r\n\t<\/article><\/div><\/div><\/div>\n\n\n\n","protected":false},"excerpt":{"rendered":"<p>A quoi sert l\u2019information ? Dans une \u00e9poque o\u00f9 tout devrait se justifier par son utilit\u00e9, la question est lancinante. Pos\u00e9e ainsi, difficile d\u2019y r\u00e9pondre, sinon \u00e0 la mani\u00e8re de Jean-Philippe R\u00e9my, grand reporter au Monde. L\u2019information c\u2019est comme la libert\u00e9. Tout le monde peut comprendre que \u00ab sans \u00bb &#8211; sans libert\u00e9, sans information [&hellip;]<\/p>\n","protected":false},"author":9,"featured_media":0,"parent":2398,"menu_order":4,"comment_status":"closed","ping_status":"closed","template":"page-without-column.php","meta":{"_acf_changed":false,"footnotes":""},"class_list":["post-3117","page","type-page","status-publish","hentry"],"acf":[],"publishpress_future_action":{"enabled":false,"date":"2026-04-20 20:05:50","action":"change-status","newStatus":"draft","terms":[],"taxonomy":"translation_priority","extraData":[]},"publishpress_future_workflow_manual_trigger":{"enabledWorkflows":[]},"_links":{"self":[{"href":"https:\/\/www.hirondelle.org\/fr\/wp-json\/wp\/v2\/pages\/3117","targetHints":{"allow":["GET"]}}],"collection":[{"href":"https:\/\/www.hirondelle.org\/fr\/wp-json\/wp\/v2\/pages"}],"about":[{"href":"https:\/\/www.hirondelle.org\/fr\/wp-json\/wp\/v2\/types\/page"}],"author":[{"embeddable":true,"href":"https:\/\/www.hirondelle.org\/fr\/wp-json\/wp\/v2\/users\/9"}],"replies":[{"embeddable":true,"href":"https:\/\/www.hirondelle.org\/fr\/wp-json\/wp\/v2\/comments?post=3117"}],"version-history":[{"count":4,"href":"https:\/\/www.hirondelle.org\/fr\/wp-json\/wp\/v2\/pages\/3117\/revisions"}],"predecessor-version":[{"id":11952,"href":"https:\/\/www.hirondelle.org\/fr\/wp-json\/wp\/v2\/pages\/3117\/revisions\/11952"}],"up":[{"embeddable":true,"href":"https:\/\/www.hirondelle.org\/fr\/wp-json\/wp\/v2\/pages\/2398"}],"wp:attachment":[{"href":"https:\/\/www.hirondelle.org\/fr\/wp-json\/wp\/v2\/media?parent=3117"}],"curies":[{"name":"wp","href":"https:\/\/api.w.org\/{rel}","templated":true}]}}