{"id":3119,"date":"2024-05-18T18:52:19","date_gmt":"2024-05-18T16:52:19","guid":{"rendered":"https:\/\/www.hirondelle.org\/?page_id=3119"},"modified":"2024-09-18T21:37:30","modified_gmt":"2024-09-18T19:37:30","slug":"masterclasses-nouveaux-modeles","status":"publish","type":"page","link":"https:\/\/www.hirondelle.org\/fr\/masterclasses-nouveaux-modeles","title":{"rendered":"Masterclasses &#8211; Nouveaux mod\u00e8les"},"content":{"rendered":"\n<p><em>\u00ab C\u2019est si simple aujourd\u2019hui, quand je vois mon faire fils&#8230; \u00bb<\/em>. Quel journaliste n\u2019a pas entendu cette phrase d\u2019un de ses patrons, au tournant du mill\u00e9naire, qui confond l\u2019outil et le m\u00e9tier, le contenu et le contenant, le fonds et la forme, la production et la diffusion ?<\/p>\n\n\n\n<p>Jusqu\u2019\u00e0 la fin du 20\u00e8me si\u00e8cle, l\u2019industrie m\u00e9diatique n\u2019avait pas eu \u00e0 se poser la question du mod\u00e8le \u00e9conomique. Mais rapidement, la r\u00e9volution num\u00e9rique va tout balayer. La migration de la publicit\u00e9 vers le web, la proposition de journaux \u00ab gratuits \u00bb (par les maisons de presse elles-m\u00eames !) ont boulevers\u00e9 l\u2019\u00e9conomie des m\u00e9dias autant que les habitudes des consommateurs.<\/p>\n\n\n\n<p>Les patrons de presse, du si\u00e8cle pass\u00e9 n\u2019ont pas compris qu\u2019internet et la convergence des outils num\u00e9riques \u00e9taient bien autre chose que d\u2019illusoires gains de productivit\u00e9.<br>De la plus sotte mani\u00e8re, beaucoup de directions ont persist\u00e9 au tournant du mill\u00e9naire dans une strat\u00e9gie \u00e0 l\u2019encontre du bon sens : demain, pensaient-ils, chaque journaliste saura tout faire : du texte, de la radio, de la t\u00e9l\u00e9vision, de la photo. Au d\u00e9triment de l\u2019investigation et du reportage, l\u2019essence m\u00eame de l\u2019information, jug\u00e9 trop cher.<\/p>\n\n\n\n<p>Quinze ans plus tard, \u00e0 force d\u2019\u00e9conomies et de plans de licenciement, les m\u00e9dias fiables ont \u00e9t\u00e9 r\u00e9duit \u00e0 la portion congrue, des milliers ont disparu. S\u2019en est suivi une chute vertigineuse de la qualit\u00e9 de l\u2019information a mesure que des milliers de journalistes professionnels perdaient ou quittaient leurs postes, remplac\u00e9s par les contenus improvis\u00e9s en ligne de \u00ab journalistes-citoyens \u00bb, des blogs, des opinions, des sites r\u00e9pandant les th\u00e9ories du soup\u00e7on ou plus simplement r\u00e9p\u00e9tant les deux premiers paragraphes de d\u00e9p\u00eache d\u2019agence (sans les payer non plus). Tout cela gratuitement.<\/p>\n\n\n\n<p>La gratuit\u00e9 est devenue une drogue \u00e0 accoutumance dont le sevrage est devenu essentiel. Informer vraiment, co\u00fbte de l\u2019argent. Envoyer des journalistes sur le terrain, recruter des personnes dou\u00e9es, parlant les langues, capables de conna\u00eetre des domaines \u00e0 un niveau d\u2019expertise, capables de vulgariser et d\u2019expliquer simplement \u00e0 tous des choses complexes, entretenir une r\u00e9daction, une infrastructure, des locaux, payer des salaires, tout cela co\u00fbte de l\u2019argent. L\u2019information fiable et utile, co\u00fbte de l\u2019argent.<\/p>\n\n\n\n<p>Quels mod\u00e8les inventer pour revenir \u00e0 une information viable, utile \u00e0 tous, d\u00e9sirable ? non plus l\u2019information en miettes qui tombe au hasard des calculs d\u2019algorithme sur une page Facebook mais une information choisie et partag\u00e9e par son audience, capable de nourrir le d\u00e9bat d\u00e9mocratique ? Des centaines de pistes sont explor\u00e9es, qui vont de l\u2019abandon pur et simple du papier au profit d\u2019une information en ligne, payante \u00e9galement ou gratuite si l\u2019on r\u00e9ussit \u00e0 trouver des sponsors. Le mod\u00e8le participatif, l\u2019actionnariat, le m\u00e9c\u00e9nat fonctionnent aussi mais toujours dans une logique de pr\u00e9carit\u00e9 inh\u00e9rente \u00e0 ce domaine. Apr\u00e8s tout, dans son histoire, l\u2019information n\u2019a jamais eu pour but premier de gagner de l\u2019argent. L\u2019information n\u2019a jamais \u00e9t\u00e9 rentable. Mais les mod\u00e8les pass\u00e9s ont pu montrer qu\u2019une bonne source d\u2019information, une audience \u00e9largie, permettent de gagner (un peu) d\u2019argent ou de ne pas en perdre trop. L\u2019information est \u00e0 ce prix : inestimable.<\/p>\n\n\n\n<div style=\"height:30px\" aria-hidden=\"true\" class=\"wp-block-spacer\"><\/div>\n\n\n<div data-truc=\"list69dd307d4faeb\" class=\"\"><div class=\"row list\"><div class=\"col-md-4 post d-flex align-items-stretch\"><article id=\"post-1769\" class=\"articleList-item post-1769  post\">\r\n\t<a class=\"post-thumb\" href=\"https:\/\/www.hirondelle.org\/fr\/julia-cage-financer-l-information-de-qualite\" title=\"Julia Cag\u00e9 &#8211; Financer l\u2019information de qualit\u00e9\">\r\n\t\t<img loading=\"lazy\" decoding=\"async\" width=\"500\" height=\"250\" src=\"https:\/\/www.hirondelle.org\/wp-content\/uploads\/from-joomla\/f4a51cb98112a3d879856e0d66de3464-500x250.jpg\" class=\"d-block w-100 h-auto wp-post-image\" alt=\"\" \/>\t<\/a>\r\n\t\t<a class=\"post-title\" href=\"https:\/\/www.hirondelle.org\/fr\/julia-cage-financer-l-information-de-qualite\" title=\"Julia Cag\u00e9 &#8211; Financer l\u2019information de qualit\u00e9\" rel=\"bookmark\">\r\n\t\tJulia Cag\u00e9 &#8211; Financer l\u2019information de qualit\u00e9\t<\/a>\r\n\t<\/article><\/div><div class=\"col-md-4 post d-flex align-items-stretch\"><article id=\"post-1775\" class=\"articleList-item post-1775  post\">\r\n\t<a class=\"post-thumb\" href=\"https:\/\/www.hirondelle.org\/fr\/heba-aly-le-journalisme-humanitaire\" title=\"Heba ALY &#8211; Le \u00ab\u00a0journalisme humanitaire\u00a0\u00bb\">\r\n\t\t<img loading=\"lazy\" decoding=\"async\" width=\"480\" height=\"250\" src=\"https:\/\/www.hirondelle.org\/wp-content\/uploads\/from-joomla\/c8f29fc99996dfa78f964234a3f76283-480x250.jpg\" class=\"d-block w-100 h-auto wp-post-image\" alt=\"\" \/>\t<\/a>\r\n\t\t<a class=\"post-title\" href=\"https:\/\/www.hirondelle.org\/fr\/heba-aly-le-journalisme-humanitaire\" title=\"Heba ALY &#8211; Le \u00ab\u00a0journalisme humanitaire\u00a0\u00bb\" rel=\"bookmark\">\r\n\t\tHeba ALY &#8211; Le \u00ab\u00a0journalisme humanitaire\u00a0\u00bb\t<\/a>\r\n\t<\/article><\/div><div class=\"col-md-4 post d-flex align-items-stretch\"><article id=\"post-1263\" class=\"articleList-item post-1263  post\">\r\n\t<a class=\"post-thumb\" href=\"https:\/\/www.hirondelle.org\/fr\/pauline-bend-penser-l-information-en-afrique\" title=\"Pauline Bend &#8211; Penser l&rsquo;information en Afrique\">\r\n\t\t<img loading=\"lazy\" decoding=\"async\" width=\"480\" height=\"250\" src=\"https:\/\/www.hirondelle.org\/wp-content\/uploads\/from-joomla\/083a3cd1f6267cd054f0bab31261d7ae-480x250.jpg\" class=\"d-block w-100 h-auto wp-post-image\" alt=\"\" \/>\t<\/a>\r\n\t\t<a class=\"post-title\" href=\"https:\/\/www.hirondelle.org\/fr\/pauline-bend-penser-l-information-en-afrique\" title=\"Pauline Bend &#8211; Penser l&rsquo;information en Afrique\" rel=\"bookmark\">\r\n\t\tPauline Bend &#8211; Penser l&rsquo;information en Afrique\t<\/a>\r\n\t<\/article><\/div><div class=\"col-md-4 post d-flex align-items-stretch\"><article id=\"post-1772\" class=\"articleList-item post-1772  post\">\r\n\t<a class=\"post-thumb\" href=\"https:\/\/www.hirondelle.org\/fr\/pauline-bend-pressions-politiques-et-culturelles\" title=\"Pauline Bend &#8211; Pressions politiques et culturelles\">\r\n\t\t<img loading=\"lazy\" decoding=\"async\" width=\"500\" height=\"250\" src=\"https:\/\/www.hirondelle.org\/wp-content\/uploads\/from-joomla\/87ad3c715b83924884f6418ad75927aa-500x250.jpg\" class=\"d-block w-100 h-auto wp-post-image\" alt=\"\" \/>\t<\/a>\r\n\t\t<a class=\"post-title\" href=\"https:\/\/www.hirondelle.org\/fr\/pauline-bend-pressions-politiques-et-culturelles\" title=\"Pauline Bend &#8211; Pressions politiques et culturelles\" rel=\"bookmark\">\r\n\t\tPauline Bend &#8211; Pressions politiques et culturelles\t<\/a>\r\n\t<\/article><\/div><div class=\"col-md-4 post d-flex align-items-stretch\"><article id=\"post-1221\" class=\"articleList-item post-1221  post\">\r\n\t<a class=\"post-thumb\" href=\"https:\/\/www.hirondelle.org\/fr\/ulrik-haagerup-le-journalisme-constructif\" title=\"Ulrik Haagerup &#8211; Le journalisme \u00ab\u00a0constructif\u00a0\u00bb\">\r\n\t\t<img loading=\"lazy\" decoding=\"async\" width=\"480\" height=\"250\" src=\"https:\/\/www.hirondelle.org\/wp-content\/uploads\/from-joomla\/1e05225eed30502e1f4540fba2cfd9c6-480x250.jpg\" class=\"d-block w-100 h-auto wp-post-image\" alt=\"\" \/>\t<\/a>\r\n\t\t<a class=\"post-title\" href=\"https:\/\/www.hirondelle.org\/fr\/ulrik-haagerup-le-journalisme-constructif\" title=\"Ulrik Haagerup &#8211; Le journalisme \u00ab\u00a0constructif\u00a0\u00bb\" rel=\"bookmark\">\r\n\t\tUlrik Haagerup &#8211; Le journalisme \u00ab\u00a0constructif\u00a0\u00bb\t<\/a>\r\n\t<\/article><\/div><div class=\"col-md-4 post d-flex align-items-stretch\"><article id=\"post-1218\" class=\"articleList-item post-1218  post\">\r\n\t<a class=\"post-thumb\" href=\"https:\/\/www.hirondelle.org\/fr\/james-deane-bbc-media-action\" title=\"James Deane &#8211; BBC Media Action\">\r\n\t\t<img loading=\"lazy\" decoding=\"async\" width=\"480\" height=\"250\" src=\"https:\/\/www.hirondelle.org\/wp-content\/uploads\/from-joomla\/eb28519930c54357ccc74f171853378d-480x250.jpg\" class=\"d-block w-100 h-auto wp-post-image\" alt=\"\" \/>\t<\/a>\r\n\t\t<a class=\"post-title\" href=\"https:\/\/www.hirondelle.org\/fr\/james-deane-bbc-media-action\" title=\"James Deane &#8211; BBC Media Action\" rel=\"bookmark\">\r\n\t\tJames Deane &#8211; BBC Media Action\t<\/a>\r\n\t<\/article><\/div><div class=\"col-md-4 post d-flex align-items-stretch\"><article id=\"post-1197\" class=\"articleList-item post-1197  post\">\r\n\t<a class=\"post-thumb\" href=\"https:\/\/www.hirondelle.org\/fr\/scott-yates-des-standards-de-qualite-pour-les-medias\" title=\"Scott Yates &#8211; Des standards de qualit\u00e9 pour les m\u00e9dias ?\">\r\n\t\t<img loading=\"lazy\" decoding=\"async\" width=\"480\" height=\"250\" src=\"https:\/\/www.hirondelle.org\/wp-content\/uploads\/from-joomla\/9f1687b36272682d88ef7d3481444c51-480x250.jpg\" class=\"d-block w-100 h-auto wp-post-image\" alt=\"\" \/>\t<\/a>\r\n\t\t<a class=\"post-title\" href=\"https:\/\/www.hirondelle.org\/fr\/scott-yates-des-standards-de-qualite-pour-les-medias\" title=\"Scott Yates &#8211; Des standards de qualit\u00e9 pour les m\u00e9dias ?\" rel=\"bookmark\">\r\n\t\tScott Yates &#8211; Des standards de qualit\u00e9 pour les m\u00e9dias ?\t<\/a>\r\n\t<\/article><\/div><div class=\"col-md-4 post d-flex align-items-stretch\"><article id=\"post-1251\" class=\"articleList-item post-1251  post\">\r\n\t<a class=\"post-thumb\" href=\"https:\/\/www.hirondelle.org\/fr\/fabrice-rousselot-de-nouveaux-modeles-economiques\" title=\"Fabrice Rousselot &#8211; De nouveaux mod\u00e8les \u00e9conomiques\">\r\n\t\t<img loading=\"lazy\" decoding=\"async\" width=\"480\" height=\"250\" src=\"https:\/\/www.hirondelle.org\/wp-content\/uploads\/from-joomla\/a111f23c16ea3f29e72a482eced3b5eb-480x250.jpg\" class=\"d-block w-100 h-auto wp-post-image\" alt=\"\" \/>\t<\/a>\r\n\t\t<a class=\"post-title\" href=\"https:\/\/www.hirondelle.org\/fr\/fabrice-rousselot-de-nouveaux-modeles-economiques\" title=\"Fabrice Rousselot &#8211; De nouveaux mod\u00e8les \u00e9conomiques\" rel=\"bookmark\">\r\n\t\tFabrice Rousselot &#8211; De nouveaux mod\u00e8les \u00e9conomiques\t<\/a>\r\n\t<\/article><\/div><\/div><\/div>\n\n\n\n","protected":false},"excerpt":{"rendered":"<p>\u00ab C\u2019est si simple aujourd\u2019hui, quand je vois mon faire fils&#8230; \u00bb. Quel journaliste n\u2019a pas entendu cette phrase d\u2019un de ses patrons, au tournant du mill\u00e9naire, qui confond l\u2019outil et le m\u00e9tier, le contenu et le contenant, le fonds et la forme, la production et la diffusion ? Jusqu\u2019\u00e0 la fin du 20\u00e8me si\u00e8cle, [&hellip;]<\/p>\n","protected":false},"author":9,"featured_media":0,"parent":2398,"menu_order":5,"comment_status":"closed","ping_status":"closed","template":"page-without-column.php","meta":{"_acf_changed":false,"footnotes":""},"class_list":["post-3119","page","type-page","status-publish","hentry"],"acf":[],"publishpress_future_action":{"enabled":false,"date":"2026-04-20 20:05:49","action":"change-status","newStatus":"draft","terms":[],"taxonomy":"translation_priority","extraData":[]},"publishpress_future_workflow_manual_trigger":{"enabledWorkflows":[]},"_links":{"self":[{"href":"https:\/\/www.hirondelle.org\/fr\/wp-json\/wp\/v2\/pages\/3119","targetHints":{"allow":["GET"]}}],"collection":[{"href":"https:\/\/www.hirondelle.org\/fr\/wp-json\/wp\/v2\/pages"}],"about":[{"href":"https:\/\/www.hirondelle.org\/fr\/wp-json\/wp\/v2\/types\/page"}],"author":[{"embeddable":true,"href":"https:\/\/www.hirondelle.org\/fr\/wp-json\/wp\/v2\/users\/9"}],"replies":[{"embeddable":true,"href":"https:\/\/www.hirondelle.org\/fr\/wp-json\/wp\/v2\/comments?post=3119"}],"version-history":[{"count":4,"href":"https:\/\/www.hirondelle.org\/fr\/wp-json\/wp\/v2\/pages\/3119\/revisions"}],"predecessor-version":[{"id":11951,"href":"https:\/\/www.hirondelle.org\/fr\/wp-json\/wp\/v2\/pages\/3119\/revisions\/11951"}],"up":[{"embeddable":true,"href":"https:\/\/www.hirondelle.org\/fr\/wp-json\/wp\/v2\/pages\/2398"}],"wp:attachment":[{"href":"https:\/\/www.hirondelle.org\/fr\/wp-json\/wp\/v2\/media?parent=3119"}],"curies":[{"name":"wp","href":"https:\/\/api.w.org\/{rel}","templated":true}]}}