{"id":8456,"date":"2024-05-18T22:46:48","date_gmt":"2024-05-18T20:46:48","guid":{"rendered":"https:\/\/www.hirondelle.org\/?page_id=8456"},"modified":"2025-01-13T16:11:13","modified_gmt":"2025-01-13T15:11:13","slug":"soutenez-nous","status":"publish","type":"page","link":"https:\/\/www.hirondelle.org\/fr\/soutenez-nous","title":{"rendered":"Soutenez-nous"},"content":{"rendered":"\n<figure class=\"wp-block-image size-large\"><img loading=\"lazy\" decoding=\"async\" width=\"1024\" height=\"410\" src=\"https:\/\/www.hirondelle.org\/wp-content\/uploads\/2024\/10\/banner-don-1-2-1024x410.jpg\" alt=\"\" class=\"wp-image-12774\" srcset=\"https:\/\/www.hirondelle.org\/wp-content\/uploads\/2024\/10\/banner-don-1-2-1024x410.jpg 1024w, https:\/\/www.hirondelle.org\/wp-content\/uploads\/2024\/10\/banner-don-1-2-300x120.jpg 300w, https:\/\/www.hirondelle.org\/wp-content\/uploads\/2024\/10\/banner-don-1-2-768x308.jpg 768w, https:\/\/www.hirondelle.org\/wp-content\/uploads\/2024\/10\/banner-don-1-2-1536x616.jpg 1536w, https:\/\/www.hirondelle.org\/wp-content\/uploads\/2024\/10\/banner-don-1-2-2048x821.jpg 2048w, https:\/\/www.hirondelle.org\/wp-content\/uploads\/2024\/10\/banner-don-1-2-1000x401.jpg 1000w\" sizes=\"auto, (max-width: 1024px) 100vw, 1024px\" \/><figcaption class=\"wp-element-caption\">\u00a9Gwenn Dubourthoumieu \/ Fondation Hirondelle<\/figcaption><\/figure>\n\n\n\n<p>Vous appuierez ainsi notre contribution m\u00e9diatique \u00e0 la construction de la paix fond\u00e9e sur 30 ans d\u2019exp\u00e9rience dans des contextes de conflits ou de post-conflits. Ensemble, nous pouvons faire la diff\u00e9rence et construire un monde plus juste et \u00e9quitable. Faites un don d\u00e8s maintenant et rejoignez-nous dans cette mission de paix et de dignit\u00e9 humaine.<\/p>\n\n\n\n<p>En conformit\u00e9 avec les dispositions l\u00e9gales concernant la protection des donn\u00e9es, les donn\u00e9es personnelles soumises ne sont utilis\u00e9es que dans le but pour lesquelles elles ont \u00e9t\u00e9 collect\u00e9es ou tel qu\u2019exig\u00e9 par la loi.&nbsp;<a href=\"\/fr\/fondation-hirondelle-politique-de-protection-des-donnees-personnelles\" target=\"_blank\" rel=\"noreferrer noopener\">Cliquez ici<\/a>&nbsp;pour plus d\u2019informations sur notre politique de protection de donn\u00e9es.<\/p>\n\n\n\n<div style=\"height:30px\" aria-hidden=\"true\" class=\"wp-block-spacer\"><\/div>\n\n\n\n<iframe loading=\"lazy\" style=\"max-width: 100%; min-width: 100%; max-height: none!important;\" src=\"https:\/\/donorbox.org\/embed\/don-justiceinfo-net-4?default_interval=o&amp;show_content=true\" name=\"donorbox\" width=\"100%\" height=\"1150px\" frameborder=\"0\" scrolling=\"no\" seamless=\"seamless\"><\/iframe>\n","protected":false},"excerpt":{"rendered":"<p>Vous appuierez ainsi notre contribution m\u00e9diatique \u00e0 la construction de la paix fond\u00e9e sur 30 ans d\u2019exp\u00e9rience dans des contextes de conflits ou de post-conflits. Ensemble, nous pouvons faire la diff\u00e9rence et construire un monde plus juste et \u00e9quitable. Faites un don d\u00e8s maintenant et rejoignez-nous dans cette mission de paix et de dignit\u00e9 humaine. [&hellip;]<\/p>\n","protected":false},"author":9,"featured_media":0,"parent":0,"menu_order":5,"comment_status":"closed","ping_status":"closed","template":"","meta":{"_acf_changed":false,"footnotes":""},"class_list":["post-8456","page","type-page","status-publish","hentry"],"acf":[],"publishpress_future_action":{"enabled":false,"date":"2026-04-20 17:07:31","action":"change-status","newStatus":"draft","terms":[],"taxonomy":"translation_priority","extraData":[]},"publishpress_future_workflow_manual_trigger":{"enabledWorkflows":[]},"_links":{"self":[{"href":"https:\/\/www.hirondelle.org\/fr\/wp-json\/wp\/v2\/pages\/8456","targetHints":{"allow":["GET"]}}],"collection":[{"href":"https:\/\/www.hirondelle.org\/fr\/wp-json\/wp\/v2\/pages"}],"about":[{"href":"https:\/\/www.hirondelle.org\/fr\/wp-json\/wp\/v2\/types\/page"}],"author":[{"embeddable":true,"href":"https:\/\/www.hirondelle.org\/fr\/wp-json\/wp\/v2\/users\/9"}],"replies":[{"embeddable":true,"href":"https:\/\/www.hirondelle.org\/fr\/wp-json\/wp\/v2\/comments?post=8456"}],"version-history":[{"count":20,"href":"https:\/\/www.hirondelle.org\/fr\/wp-json\/wp\/v2\/pages\/8456\/revisions"}],"predecessor-version":[{"id":23579,"href":"https:\/\/www.hirondelle.org\/fr\/wp-json\/wp\/v2\/pages\/8456\/revisions\/23579"}],"wp:attachment":[{"href":"https:\/\/www.hirondelle.org\/fr\/wp-json\/wp\/v2\/media?parent=8456"}],"curies":[{"name":"wp","href":"https:\/\/api.w.org\/{rel}","templated":true}]}}