{"id":9631,"date":"2024-08-19T14:39:39","date_gmt":"2024-08-19T12:39:39","guid":{"rendered":"https:\/\/www.hirondelle.org\/?page_id=9631"},"modified":"2025-01-20T19:18:01","modified_gmt":"2025-01-20T18:18:01","slug":"cop-conference-climat","status":"publish","type":"page","link":"https:\/\/www.hirondelle.org\/fr\/que-faisons-nous\/operations\/thematiques\/climat\/cop-conference-climat","title":{"rendered":"COP \/ Conf\u00e9rence Climat"},"content":{"rendered":"\n<figure class=\"wp-block-image size-large\"><img loading=\"lazy\" decoding=\"async\" width=\"1024\" height=\"268\" src=\"https:\/\/www.hirondelle.org\/wp-content\/uploads\/2024\/08\/banner_cop22-1024x268.jpg\" alt=\"\" class=\"wp-image-9772\" srcset=\"https:\/\/www.hirondelle.org\/wp-content\/uploads\/2024\/08\/banner_cop22-1024x268.jpg 1024w, https:\/\/www.hirondelle.org\/wp-content\/uploads\/2024\/08\/banner_cop22-300x78.jpg 300w, https:\/\/www.hirondelle.org\/wp-content\/uploads\/2024\/08\/banner_cop22-768x201.jpg 768w, https:\/\/www.hirondelle.org\/wp-content\/uploads\/2024\/08\/banner_cop22-1536x402.jpg 1536w, https:\/\/www.hirondelle.org\/wp-content\/uploads\/2024\/08\/banner_cop22-2048x535.jpg 2048w, https:\/\/www.hirondelle.org\/wp-content\/uploads\/2024\/08\/banner_cop22-1000x261.jpg 1000w\" sizes=\"auto, (max-width: 1024px) 100vw, 1024px\" \/><\/figure>\n\n\n\n<p>La Fondation Hirondelle est pr\u00e9sente \u00e0 la COP (Conf\u00e9rence des Parties sur le climat) depuis de nombreuses ann\u00e9es (premi\u00e8re pr\u00e9sence en 2015), marquant son engagement continu envers les questions environnementales. Nous nous consacrons \u00e0 la production et \u00e0 la diffusion d&rsquo;informations ind\u00e9pendantes et factuelles sur les n\u00e9gociations climatiques et leurs impacts. En envoyant des journalistes sp\u00e9cialis\u00e9s sur place, nous visons \u00e0 garantir une couverture m\u00e9diatique rigoureuse et accessible, permettant aux publics de nos pays cibles de comprendre les enjeux complexes qui se jouent lors de ces sommets. Nous nous effor\u00e7ons \u00e9galement de donner une voix aux populations locales et aux communaut\u00e9s les plus vuln\u00e9rables, souvent sous-repr\u00e9sent\u00e9es dans les discussions globales sur le climat. La pr\u00e9sence de journalistes de plusieurs r\u00e9dactions pour une couverture mutualis\u00e9e permet enfin de renforcer les synergies entre m\u00e9dias et de favoriser les co-productions.<\/p>\n\n\n\n<p>Notre pr\u00e9sence \u00e0 la COP n\u2019est pas sans d\u00e9fis : le principal \u00e9tant de naviguer dans un environnement o\u00f9 les int\u00e9r\u00eats des grandes puissances \u00e9conomiques peuvent parfois \u00e9clipser les besoins des communaut\u00e9s les plus vuln\u00e9rables. Malgr\u00e9 cela, notre objectif reste de faire le lien entre les r\u00e9alit\u00e9s locales et les d\u00e9cisions globales. Nous veillons \u00e0 ce que les enjeux climatiques soient abord\u00e9s de mani\u00e8re inclusive et que les perspectives des populations affect\u00e9es soient entendues.<\/p>\n\n\n\n<h3 class=\"wp-block-heading\"><br>Documents de r\u00e9f\u00e9rence<\/h3>\n\n\n\n<p>Retrouvez notre M\u00e9diation de janvier 2023 : <a href=\"\/fr\/newsletter\/1879-informer-sur-l-urgence-ecologique-mediation-n-10-janvier-2023\" target=\"_blank\" rel=\"noreferrer noopener\">\u00ab\u00a0Informer sur l\u2019urgence \u00e9cologique\u00a0\u00bb<\/a><\/p>\n\n\n\n<h3 class=\"wp-block-heading\"><br><br>Articles associ\u00e9s<\/h3>\n\n\n<div data-truc=\"list69dd31946d4ba\" class=\"\"><div class=\"row list\"><div class=\"col-md-3 post d-flex align-items-stretch\"><article id=\"post-21763\" class=\"articleList-item post-21763  post\">\r\n\t<a class=\"post-thumb\" href=\"https:\/\/www.hirondelle.org\/fr\/ousmane-mamoudou-redacteur-en-chef-adjoint-de-studio-kalangou-au-niger-dans-tout-un-monde-sur-la-rts\" title=\"Ousmane Mamoudou, r\u00e9dacteur en chef adjoint de Studio Kalangou au Niger, dans \u00ab\u00a0Tout un monde\u00a0\u00bb sur la RTS\">\r\n\t\t<img loading=\"lazy\" decoding=\"async\" width=\"500\" height=\"250\" src=\"https:\/\/www.hirondelle.org\/wp-content\/uploads\/2025\/08\/Radio_Television_Suisse_2011_logo.svg_-500x250.png\" class=\"d-block w-100 h-auto wp-post-image\" alt=\"\" \/>\t<\/a>\r\n\t\t<a class=\"post-title\" href=\"https:\/\/www.hirondelle.org\/fr\/ousmane-mamoudou-redacteur-en-chef-adjoint-de-studio-kalangou-au-niger-dans-tout-un-monde-sur-la-rts\" title=\"Ousmane Mamoudou, r\u00e9dacteur en chef adjoint de Studio Kalangou au Niger, dans \u00ab\u00a0Tout un monde\u00a0\u00bb sur la RTS\" rel=\"bookmark\">\r\n\t\tOusmane Mamoudou, r\u00e9dacteur en chef adjoint de Studio Kalangou au Niger, dans \u00ab\u00a0Tout un monde\u00a0\u00bb sur la RTS\t<\/a>\r\n\t<\/article><\/div><div class=\"col-md-3 post d-flex align-items-stretch\"><article id=\"post-11208\" class=\"articleList-item post-11208  post\">\r\n\t<a class=\"post-thumb\" href=\"https:\/\/www.hirondelle.org\/fr\/un-article-de-studio-kalangou-repris-par-le-courrier-international\" title=\"Un article de Studio Kalangou repris par le Courrier International\">\r\n\t\t<img loading=\"lazy\" decoding=\"async\" width=\"500\" height=\"250\" src=\"https:\/\/www.hirondelle.org\/wp-content\/uploads\/from-joomla\/aee6b7eabcfbb7f95c4f7ee66e00ef27-500x250.jpg\" class=\"d-block w-100 h-auto wp-post-image\" alt=\"\" \/>\t<\/a>\r\n\t\t<a class=\"post-title\" href=\"https:\/\/www.hirondelle.org\/fr\/un-article-de-studio-kalangou-repris-par-le-courrier-international\" title=\"Un article de Studio Kalangou repris par le Courrier International\" rel=\"bookmark\">\r\n\t\tUn article de Studio Kalangou repris par le Courrier International\t<\/a>\r\n\t<\/article><\/div><div class=\"col-md-3 post d-flex align-items-stretch\"><article id=\"post-2094\" class=\"articleList-item post-2094  post\">\r\n\t<a class=\"post-thumb\" href=\"https:\/\/www.hirondelle.org\/fr\/journalisme-solutions-resilience-communautes-impacts-changement-climatique\" title=\"Journalisme de solutions : Accro\u00eetre la r\u00e9silience des communaut\u00e9s face aux impacts du changement climatique\">\r\n\t\t<img loading=\"lazy\" decoding=\"async\" width=\"500\" height=\"250\" src=\"https:\/\/www.hirondelle.org\/wp-content\/uploads\/from-joomla\/ad178b2914f200f2125e1e10c5f607c1-500x250.jpg\" class=\"d-block w-100 h-auto wp-post-image\" alt=\"\" \/>\t<\/a>\r\n\t\t<a class=\"post-title\" href=\"https:\/\/www.hirondelle.org\/fr\/journalisme-solutions-resilience-communautes-impacts-changement-climatique\" title=\"Journalisme de solutions : Accro\u00eetre la r\u00e9silience des communaut\u00e9s face aux impacts du changement climatique\" rel=\"bookmark\">\r\n\t\tJournalisme de solutions : Accro\u00eetre la r\u00e9silience des communaut\u00e9s face aux impacts du changement climatique\t<\/a>\r\n\t<\/article><\/div><div class=\"col-md-3 post d-flex align-items-stretch\"><article id=\"post-2056\" class=\"articleList-item post-2056  post\">\r\n\t<a class=\"post-thumb\" href=\"https:\/\/www.hirondelle.org\/fr\/couverture-de-la-cop28-par-l-envoye-special-de-la-fondation-hirondelle-a-dubai\" title=\"Couverture de la COP28 par l\u2019envoy\u00e9 sp\u00e9cial de la Fondation Hirondelle \u00e0 Duba\u00ef\">\r\n\t\t<img loading=\"lazy\" decoding=\"async\" width=\"500\" height=\"250\" src=\"https:\/\/www.hirondelle.org\/wp-content\/uploads\/from-joomla\/0a929a0acf9e8cab5ca6ee8f8f645908-500x250.jpg\" class=\"d-block w-100 h-auto wp-post-image\" alt=\"\" \/>\t<\/a>\r\n\t\t<a class=\"post-title\" href=\"https:\/\/www.hirondelle.org\/fr\/couverture-de-la-cop28-par-l-envoye-special-de-la-fondation-hirondelle-a-dubai\" title=\"Couverture de la COP28 par l\u2019envoy\u00e9 sp\u00e9cial de la Fondation Hirondelle \u00e0 Duba\u00ef\" rel=\"bookmark\">\r\n\t\tCouverture de la COP28 par l\u2019envoy\u00e9 sp\u00e9cial de la Fondation Hirondelle \u00e0 Duba\u00ef\t<\/a>\r\n\t<\/article><\/div><\/div><\/div>\t<div class=\"text-center\">\r\n\t\t<a class=\"btn btn-fh-green\" href=\"https:\/\/www.hirondelle.org\/fr\/tag\/expertise-environnement-et-changement-climatique\">Voir plus d&rsquo;articles<\/a>\r\n\t<\/div>\r\n\t","protected":false},"excerpt":{"rendered":"<p>La Fondation Hirondelle est pr\u00e9sente \u00e0 la COP (Conf\u00e9rence des Parties sur le climat) depuis de nombreuses ann\u00e9es (premi\u00e8re pr\u00e9sence en 2015), marquant son engagement continu envers les questions environnementales. Nous nous consacrons \u00e0 la production et \u00e0 la diffusion d&rsquo;informations ind\u00e9pendantes et factuelles sur les n\u00e9gociations climatiques et leurs impacts. En envoyant des journalistes [&hellip;]<\/p>\n","protected":false},"author":9,"featured_media":0,"parent":10632,"menu_order":1,"comment_status":"closed","ping_status":"closed","template":"","meta":{"_acf_changed":false,"footnotes":""},"class_list":["post-9631","page","type-page","status-publish","hentry"],"acf":[],"publishpress_future_action":{"enabled":false,"date":"2026-04-20 20:10:28","action":"change-status","newStatus":"draft","terms":[],"taxonomy":"translation_priority","extraData":[]},"publishpress_future_workflow_manual_trigger":{"enabledWorkflows":[]},"_links":{"self":[{"href":"https:\/\/www.hirondelle.org\/fr\/wp-json\/wp\/v2\/pages\/9631","targetHints":{"allow":["GET"]}}],"collection":[{"href":"https:\/\/www.hirondelle.org\/fr\/wp-json\/wp\/v2\/pages"}],"about":[{"href":"https:\/\/www.hirondelle.org\/fr\/wp-json\/wp\/v2\/types\/page"}],"author":[{"embeddable":true,"href":"https:\/\/www.hirondelle.org\/fr\/wp-json\/wp\/v2\/users\/9"}],"replies":[{"embeddable":true,"href":"https:\/\/www.hirondelle.org\/fr\/wp-json\/wp\/v2\/comments?post=9631"}],"version-history":[{"count":7,"href":"https:\/\/www.hirondelle.org\/fr\/wp-json\/wp\/v2\/pages\/9631\/revisions"}],"predecessor-version":[{"id":15122,"href":"https:\/\/www.hirondelle.org\/fr\/wp-json\/wp\/v2\/pages\/9631\/revisions\/15122"}],"up":[{"embeddable":true,"href":"https:\/\/www.hirondelle.org\/fr\/wp-json\/wp\/v2\/pages\/10632"}],"wp:attachment":[{"href":"https:\/\/www.hirondelle.org\/fr\/wp-json\/wp\/v2\/media?parent=9631"}],"curies":[{"name":"wp","href":"https:\/\/api.w.org\/{rel}","templated":true}]}}