{"id":9633,"date":"2024-08-19T14:44:09","date_gmt":"2024-08-19T12:44:09","guid":{"rendered":"https:\/\/www.hirondelle.org\/?page_id=9633"},"modified":"2024-09-19T01:12:13","modified_gmt":"2024-09-18T23:12:13","slug":"formation-de-journalistes-mauritanie","status":"publish","type":"page","link":"https:\/\/www.hirondelle.org\/fr\/que-faisons-nous\/operations\/geographiques\/afrique\/formation-de-journalistes-mauritanie","title":{"rendered":"Mauritanie"},"content":{"rendered":"\n<figure class=\"wp-block-image size-large\"><img loading=\"lazy\" decoding=\"async\" width=\"1024\" height=\"375\" src=\"https:\/\/www.hirondelle.org\/wp-content\/uploads\/2024\/08\/banner_mauritanie-1024x375.jpg\" alt=\"\" class=\"wp-image-9701\" srcset=\"https:\/\/www.hirondelle.org\/wp-content\/uploads\/2024\/08\/banner_mauritanie-1024x375.jpg 1024w, https:\/\/www.hirondelle.org\/wp-content\/uploads\/2024\/08\/banner_mauritanie-300x110.jpg 300w, https:\/\/www.hirondelle.org\/wp-content\/uploads\/2024\/08\/banner_mauritanie-768x281.jpg 768w, https:\/\/www.hirondelle.org\/wp-content\/uploads\/2024\/08\/banner_mauritanie-1536x563.jpg 1536w, https:\/\/www.hirondelle.org\/wp-content\/uploads\/2024\/08\/banner_mauritanie-1000x367.jpg 1000w, https:\/\/www.hirondelle.org\/wp-content\/uploads\/2024\/08\/banner_mauritanie.jpg 2000w\" sizes=\"auto, (max-width: 1024px) 100vw, 1024px\" \/><\/figure>\n\n\n\n<p>La Fondation Hirondelle a anim\u00e9 du 15 au 19 avril 2020 \u00e0 Nouakchott une formation sur les bases \u00e9thiques et professionnelles du journalisme, pour identifier et d\u00e9samorcer les fausses informations qui circulent sur les r\u00e9seaux sociaux.\u00a0 Trente journalistes issu\u00b7e\u00b7s des diff\u00e9rentes communaut\u00e9s du pays et des m\u00e9dias audiovisuels, \u00e9crit et web y ont particip\u00e9.<\/p>\n\n\n\n<p>Le premier tour de l\u2019\u00e9lection pr\u00e9sidentielle en Mauritanie a eu lieu le 22 juin 2019 dans un climat de tensions sociales, politiques et \u00e9conomiques m\u00eal\u00e9es d\u2019arri\u00e8re-pens\u00e9es ethnico-religieuses. Depuis 2014, la Mauritanie conna\u00eet, selon Reporters sans fronti\u00e8res, une forte r\u00e9gression en mati\u00e8re de libert\u00e9 de la presse, alors que le pays avait r\u00e9alis\u00e9 des avanc\u00e9es dans ce domaine les ann\u00e9es pr\u00e9c\u00e9dentes. Son tissu m\u00e9diatique est peu d\u00e9velopp\u00e9, faiblement qualifi\u00e9 et largement compos\u00e9 de blogueur\u00b7euse\u00b7s sans rep\u00e8res professionnels.<\/p>\n\n\n\n<p>La Fondation Hirondelle a r\u00e9alis\u00e9 dans le cadre d\u2019un partenariat avec la Fondation Cordoue de Gen\u00e8ve (qui se fixe pour but de \u00ab favoriser l&rsquo;\u00e9change entre les cultures et les civilisations des diverses communaut\u00e9s \u00bb) une formation m\u00e9dia \u00e0 destination de 30 journalistes et blogueur\u00b7euse\u00b7s mauritanien\u00b7ne\u00b7s. Cet atelier, organis\u00e9 \u00e0 Nouakchott en avril 2020, a \u00e9t\u00e9 anim\u00e9 par Michel Beuret, ancien responsable \u00e9ditorial de la Fondation Hirondelle, et financ\u00e9 par le Royaume des Pays-Bas.<\/p>\n\n\n\n<p>Cette formation se devait d\u2019\u00eatre inclusive : 30 journalistes y ont particip\u00e9, issu\u00b7e\u00b7s de tous m\u00e9dia (publics et priv\u00e9s, radio, tv, presse, internet), femmes et hommes incarnant la diversit\u00e9 culturelle du pays : Maures blancs, Maures noirs, et N\u00e9gro-Mauritaniens (Sonink\u00e9, Peuls, Wolofs etc.).<\/p>\n\n\n\n<p>Les 30 participant\u00b7e\u00b7s avaient \u00e9t\u00e9 s\u00e9lectionn\u00e9\u00b7e\u00b7s individuellement \u00e0 la faveur d\u2019une mission pr\u00e9alable ayant permis de r\u00e9aliser une soixantaine d\u2019interviews en janvier 2019.<\/p>\n\n\n\n<p>La formation de Nouakchott s\u2019est concentr\u00e9e sur le travail des sources, la responsabilit\u00e9 \u00e9ditoriale du\/de la journaliste, la d\u00e9ontologie ainsi que plusieurs exercices pratiques autour des fausses informations \u00e0 l\u2019\u00e8re des r\u00e9seaux sociaux, sur le risque de les r\u00e9percuter et la mani\u00e8re professionnelle de les \u00e9viter ou de les d\u00e9samorcer.<br><br><\/p>\n\n\n\n<p>Une partie des participant\u00b7e\u00b7s ne s\u2019exprimant qu\u2019en arabe et une autre en fran\u00e7ais seulement (ou dans une langue vernaculaire), la formation exigeait le recours \u00e0 une traduction simultan\u00e9e permanente.<\/p>\n\n\n\n<p><br>De l\u2019avis des participant\u00b7e\u00b7s cette traduction aura eu l\u2019autre avantage de leur permettre de mieux se conna\u00eetre mais aussi de s\u2019impliquer : Habib Sal repr\u00e9sentant la Radio publique mauritanienne :&nbsp;<em>\u00ab Nous avons vraiment appris beaucoup avec cette formation (\u2026). Avant, souvent, on faisait des ateliers. Les gens participaient le premier jour puis la salle \u00e9tait vide jusqu\u2019au dernier jour o\u00f9 les gens revenaient prendre des attestations. Mais cette fois-ci, les gens sont rest\u00e9s pendant les 5 jours. Cela explique l\u2019importance de cet atelier et l\u2019int\u00e9r\u00eat des participants. C\u2019\u00e9tait extraordinaire (\u2026) Au sortir de cet atelier, je pense que nous sommes mieux outill\u00e9s et nous avons plus d\u2019arguments pour exercer le m\u00e9tier de journaliste \u00bb.<\/em><\/p>\n\n\n\n<p>T\u00e9moignage d&rsquo;un des journalistes de la formation \u00e0 voir ici :<\/p>\n\n\n\n<figure class=\"wp-block-embed is-type-video is-provider-youtube wp-block-embed-youtube wp-embed-aspect-16-9 wp-has-aspect-ratio\"><div class=\"wp-block-embed__wrapper\">\n<iframe loading=\"lazy\" title=\"T\u00e9moignage d&#039;un journaliste sur la formation en Mauritanie\" width=\"500\" height=\"281\" src=\"https:\/\/www.youtube.com\/embed\/EjcGqFAJX3I?feature=oembed\" frameborder=\"0\" allow=\"accelerometer; autoplay; clipboard-write; encrypted-media; gyroscope; picture-in-picture; web-share\" referrerpolicy=\"strict-origin-when-cross-origin\" allowfullscreen><\/iframe>\n<\/div><\/figure>\n","protected":false},"excerpt":{"rendered":"<p>La Fondation Hirondelle a anim\u00e9 du 15 au 19 avril 2020 \u00e0 Nouakchott une formation sur les bases \u00e9thiques et professionnelles du journalisme, pour identifier et d\u00e9samorcer les fausses informations qui circulent sur les r\u00e9seaux sociaux.\u00a0 Trente journalistes issu\u00b7e\u00b7s des diff\u00e9rentes communaut\u00e9s du pays et des m\u00e9dias audiovisuels, \u00e9crit et web y ont particip\u00e9. Le [&hellip;]<\/p>\n","protected":false},"author":9,"featured_media":0,"parent":231,"menu_order":9,"comment_status":"closed","ping_status":"closed","template":"","meta":{"_acf_changed":false,"footnotes":""},"class_list":["post-9633","page","type-page","status-publish","hentry"],"acf":[],"publishpress_future_action":{"enabled":false,"date":"2026-04-11 08:25:23","action":"change-status","newStatus":"draft","terms":[],"taxonomy":"translation_priority","extraData":[]},"publishpress_future_workflow_manual_trigger":{"enabledWorkflows":[]},"_links":{"self":[{"href":"https:\/\/www.hirondelle.org\/fr\/wp-json\/wp\/v2\/pages\/9633","targetHints":{"allow":["GET"]}}],"collection":[{"href":"https:\/\/www.hirondelle.org\/fr\/wp-json\/wp\/v2\/pages"}],"about":[{"href":"https:\/\/www.hirondelle.org\/fr\/wp-json\/wp\/v2\/types\/page"}],"author":[{"embeddable":true,"href":"https:\/\/www.hirondelle.org\/fr\/wp-json\/wp\/v2\/users\/9"}],"replies":[{"embeddable":true,"href":"https:\/\/www.hirondelle.org\/fr\/wp-json\/wp\/v2\/comments?post=9633"}],"version-history":[{"count":10,"href":"https:\/\/www.hirondelle.org\/fr\/wp-json\/wp\/v2\/pages\/9633\/revisions"}],"predecessor-version":[{"id":11619,"href":"https:\/\/www.hirondelle.org\/fr\/wp-json\/wp\/v2\/pages\/9633\/revisions\/11619"}],"up":[{"embeddable":true,"href":"https:\/\/www.hirondelle.org\/fr\/wp-json\/wp\/v2\/pages\/231"}],"wp:attachment":[{"href":"https:\/\/www.hirondelle.org\/fr\/wp-json\/wp\/v2\/media?parent=9633"}],"curies":[{"name":"wp","href":"https:\/\/api.w.org\/{rel}","templated":true}]}}