{"id":9651,"date":"2024-08-19T17:18:24","date_gmt":"2024-08-19T15:18:24","guid":{"rendered":"https:\/\/www.hirondelle.org\/?page_id=9651"},"modified":"2025-01-06T11:49:54","modified_gmt":"2025-01-06T10:49:54","slug":"jeunes-entrepreneurs-afrik-activ","status":"publish","type":"page","link":"https:\/\/www.hirondelle.org\/fr\/que-faisons-nous\/operations\/thematiques\/jeunes\/jeunes-entrepreneurs-afrik-activ","title":{"rendered":"Jeunes entrepreneurs &#8211; Afrik Activ&rsquo;"},"content":{"rendered":"\n<figure class=\"wp-block-image size-large\"><img loading=\"lazy\" decoding=\"async\" width=\"1024\" height=\"491\" src=\"https:\/\/www.hirondelle.org\/wp-content\/uploads\/2024\/08\/banner_afrik-1-1024x491.jpg\" alt=\"\" class=\"wp-image-9697\" srcset=\"https:\/\/www.hirondelle.org\/wp-content\/uploads\/2024\/08\/banner_afrik-1-1024x491.jpg 1024w, https:\/\/www.hirondelle.org\/wp-content\/uploads\/2024\/08\/banner_afrik-1-300x144.jpg 300w, https:\/\/www.hirondelle.org\/wp-content\/uploads\/2024\/08\/banner_afrik-1-768x368.jpg 768w, https:\/\/www.hirondelle.org\/wp-content\/uploads\/2024\/08\/banner_afrik-1-1536x737.jpg 1536w, https:\/\/www.hirondelle.org\/wp-content\/uploads\/2024\/08\/banner_afrik-1-1000x480.jpg 1000w, https:\/\/www.hirondelle.org\/wp-content\/uploads\/2024\/08\/banner_afrik-1.jpg 1620w\" sizes=\"auto, (max-width: 1024px) 100vw, 1024px\" \/><\/figure>\n\n\n\n<p>Le projet Afrik Activ\u2019 a \u00e9t\u00e9 lanc\u00e9 officiellement fin 2017 par la Fondation Hirondelle \u00e0 Abidjan, dans le cadre du Land of African Business (<a href=\"http:\/\/www.lelab.info\/\" target=\"_blank\" rel=\"noreferrer noopener\">www.lelab.info<\/a>). Ce programme \u00e9tait particuli\u00e8rement destin\u00e9 aux\u00a0jeunes\u00a0et aux\u00a0femmes\u00a0: il leur apportait des\u00a0informations, des\u00a0conseils, des compl\u00e9ments de formation, des\u00a0contacts\u00a0r\u00e9seau pour leur faciliter la\u00a0cr\u00e9ation\u00a0d\u2019activit\u00e9s de mani\u00e8re gratuite.<\/p>\n\n\n\n<p>Apr\u00e8s une premi\u00e8re phase de test au premier trimestre 2018, avec des retours positifs Afrik Activ\u2019 poursuivit sur le web avec une\u00a0plateforme\u00a0num\u00e9rique, r\u00e9alis\u00e9e apr\u00e8s \u00e9tude des besoins prioritaires auxquels r\u00e9pondre dans le domaine\u00a0entrepreneurial\u00a0des jeunes sur le continent Africain.<\/p>\n\n\n\n<p>En d\u00e9cembre 2018, le projet de la plateforme a \u00e9t\u00e9 pr\u00e9sent\u00e9 \u00e0\u00a0Abidjan\u00a0en ouverture d\u2019une table ronde d\u00e9di\u00e9e aux coop\u00e9rations entre m\u00e9dias et\u00a0entreprises\u00a0pour apporter des r\u00e9ponses d\u2019int\u00e9r\u00eat g\u00e9n\u00e9ral aux soci\u00e9t\u00e9s africaines. Afrik Activ\u2019 \u00e9tait r\u00e9alis\u00e9 en partenariat \u00e9ditorial avec The Conversation France (<a href=\"http:\/\/www.theconversation.com\/\" target=\"_blank\" rel=\"noreferrer noopener\">www.theconversation.com<\/a>). Il \u00e9tait soutenu par Vivendi, Syst\u00e8me U et le Groupe Michel Herv\u00e9. C\u2019\u00e9tait la premi\u00e8re fois pour la Fondation Hirondelle qu\u2019un programme \u00e9tait lanc\u00e9 exclusivement avec le soutien de partenaires priv\u00e9s, issus du\u00a0monde de l\u2019entreprise. Cependant, apr\u00e8s une ann\u00e9e d\u2019activit\u00e9, l\u2019\u00e9quipe du projet Afrik Activ\u2019 a d\u00fb interrompre son travail, faute de financement.<\/p>\n","protected":false},"excerpt":{"rendered":"<p>Le projet Afrik Activ\u2019 a \u00e9t\u00e9 lanc\u00e9 officiellement fin 2017 par la Fondation Hirondelle \u00e0 Abidjan, dans le cadre du Land of African Business (www.lelab.info). Ce programme \u00e9tait particuli\u00e8rement destin\u00e9 aux\u00a0jeunes\u00a0et aux\u00a0femmes\u00a0: il leur apportait des\u00a0informations, des\u00a0conseils, des compl\u00e9ments de formation, des\u00a0contacts\u00a0r\u00e9seau pour leur faciliter la\u00a0cr\u00e9ation\u00a0d\u2019activit\u00e9s de mani\u00e8re gratuite. Apr\u00e8s une premi\u00e8re phase de test [&hellip;]<\/p>\n","protected":false},"author":9,"featured_media":0,"parent":10640,"menu_order":1,"comment_status":"closed","ping_status":"closed","template":"","meta":{"_acf_changed":false,"footnotes":""},"class_list":["post-9651","page","type-page","status-publish","hentry"],"acf":[],"publishpress_future_action":{"enabled":false,"date":"2026-04-20 21:38:15","action":"change-status","newStatus":"draft","terms":[],"taxonomy":"translation_priority","extraData":[]},"publishpress_future_workflow_manual_trigger":{"enabledWorkflows":[]},"_links":{"self":[{"href":"https:\/\/www.hirondelle.org\/fr\/wp-json\/wp\/v2\/pages\/9651","targetHints":{"allow":["GET"]}}],"collection":[{"href":"https:\/\/www.hirondelle.org\/fr\/wp-json\/wp\/v2\/pages"}],"about":[{"href":"https:\/\/www.hirondelle.org\/fr\/wp-json\/wp\/v2\/types\/page"}],"author":[{"embeddable":true,"href":"https:\/\/www.hirondelle.org\/fr\/wp-json\/wp\/v2\/users\/9"}],"replies":[{"embeddable":true,"href":"https:\/\/www.hirondelle.org\/fr\/wp-json\/wp\/v2\/comments?post=9651"}],"version-history":[{"count":10,"href":"https:\/\/www.hirondelle.org\/fr\/wp-json\/wp\/v2\/pages\/9651\/revisions"}],"predecessor-version":[{"id":14249,"href":"https:\/\/www.hirondelle.org\/fr\/wp-json\/wp\/v2\/pages\/9651\/revisions\/14249"}],"up":[{"embeddable":true,"href":"https:\/\/www.hirondelle.org\/fr\/wp-json\/wp\/v2\/pages\/10640"}],"wp:attachment":[{"href":"https:\/\/www.hirondelle.org\/fr\/wp-json\/wp\/v2\/media?parent=9651"}],"curies":[{"name":"wp","href":"https:\/\/api.w.org\/{rel}","templated":true}]}}