{"id":9654,"date":"2024-08-19T17:23:24","date_gmt":"2024-08-19T15:23:24","guid":{"rendered":"https:\/\/www.hirondelle.org\/?page_id=9654"},"modified":"2025-01-06T15:55:11","modified_gmt":"2025-01-06T14:55:11","slug":"genre-et-violence-ethiopie","status":"publish","type":"page","link":"https:\/\/www.hirondelle.org\/fr\/que-faisons-nous\/operations\/thematiques\/violence\/genre-et-violence-ethiopie","title":{"rendered":"Genre et violence, \u00c9thiopie"},"content":{"rendered":"\n<figure class=\"wp-block-image size-large\"><img loading=\"lazy\" decoding=\"async\" width=\"1024\" height=\"431\" src=\"https:\/\/www.hirondelle.org\/wp-content\/uploads\/2024\/08\/banner_ethiopie-1-1024x431.jpg\" alt=\"\" class=\"wp-image-9709\" srcset=\"https:\/\/www.hirondelle.org\/wp-content\/uploads\/2024\/08\/banner_ethiopie-1-1024x431.jpg 1024w, https:\/\/www.hirondelle.org\/wp-content\/uploads\/2024\/08\/banner_ethiopie-1-300x126.jpg 300w, https:\/\/www.hirondelle.org\/wp-content\/uploads\/2024\/08\/banner_ethiopie-1-768x323.jpg 768w, https:\/\/www.hirondelle.org\/wp-content\/uploads\/2024\/08\/banner_ethiopie-1-1536x647.jpg 1536w, https:\/\/www.hirondelle.org\/wp-content\/uploads\/2024\/08\/banner_ethiopie-1-2048x862.jpg 2048w, https:\/\/www.hirondelle.org\/wp-content\/uploads\/2024\/08\/banner_ethiopie-1-1000x421.jpg 1000w\" sizes=\"auto, (max-width: 1024px) 100vw, 1024px\" \/><\/figure>\n\n\n\n<p>La Fondation Hirondelle a collabor\u00e9 avec l\u2019organisme de sant\u00e9 WAHA (Alliance Femmes et Sant\u00e9 International) et des institutions acad\u00e9miques dont l&rsquo;Ecole de Sant\u00e9 Publique de l&rsquo;Universit\u00e9 d&rsquo;Addis Abeba pour concevoir et tester un\u00a0projet pilote utilisant un programme audio en podcast pour traiter les taux \u00e9lev\u00e9s de violence entre partenaires\u00a0au sein de populations vuln\u00e9rables dans le camp de Dollo Ado en \u00c9thiopie.<\/p>\n\n\n\n<p>La violence entre partenaires intimes (VPI) est la forme de violence la plus courante dans les situations de crise humanitaire, mais elle n&rsquo;est souvent pas signal\u00e9e et re\u00e7oit moins d&rsquo;attention que la violence sexuelle hors-partenaire dans ces contextes. En 2017, dans le camp de r\u00e9fugi\u00e9\u00b7e\u00b7s de Dollo Ado en Ethiopie, environ 216 000 r\u00e9fugi\u00e9\u00b7e\u00b7s somalien\u00b7ne\u00b7s \u00e9taient enregistr\u00e9\u00b7e\u00b7s dans cinq camps. La violence bas\u00e9e sur le genre (GBV) y \u00e9tait un probl\u00e8me important.<\/p>\n\n\n\n<p>Le projet visait \u00e0\u00a0am\u00e9liorer la pratique humanitaire\u00a0en d\u00e9veloppant une intervention innovante bas\u00e9e sur les technologies de l\u2019information et de la communication ciblant la violence conjugale parmi les populations r\u00e9fugi\u00e9es somaliennes et d\u00e9livr\u00e9e via des podcasts produits localement. Plus pr\u00e9cis\u00e9ment, le projet\u00a0a g\u00e9n\u00e9r\u00e9 de nouvelles connaissances\u00a0sur les facteurs de risque de la VPI dans les camps de r\u00e9fugi\u00e9\u00b7e\u00b7s de Dollo Ado en \u00c9thiopie et a contribu\u00e9 \u00e0\u00a0comprendre comment les r\u00e9seaux sociaux et les canaux de partage de l&rsquo;information\u00a0sont organis\u00e9s. Cela s\u2019est fait \u00e0 travers une approche unique en d\u00e9veloppant et pilotant une intervention de\u00a0communication participative\u00a0con\u00e7ue par l&rsquo;utilisateur\u00b7rice sous la forme de podcasts ciblant le VPI dans ce contexte.<\/p>\n\n\n\n<p>Les podcasts ont \u00e9t\u00e9\u00a0produits localement et diffus\u00e9s \u00e0 plusieurs endroits dans le camp, mais aussi sauvegard\u00e9s et partag\u00e9s via la technologie Bluetooth, dans un transfert de t\u00e9l\u00e9phone \u00e0 t\u00e9l\u00e9phone disponible pour les t\u00e9l\u00e9phones portables de \u00ab\u00a0premi\u00e8re g\u00e9n\u00e9ration\u00a0\u00bb et qui ne n\u00e9cessite pas de connexion Internet. Au cours de la phase pilote, trois\u00a0centres d&rsquo;\u00e9coute\u00a0ont \u00e9t\u00e9 s\u00e9lectionn\u00e9s en fonction des avis des membres de la communaut\u00e9 dans des espaces appropri\u00e9s et s\u00fbrs o\u00f9 la population cible se r\u00e9unissait g\u00e9n\u00e9ralement. Dans un centre d&rsquo;\u00e9coute, le personnel du projet a organis\u00e9 des discussions avec les auditeur\u00b7rice\u00b7s apr\u00e8s chaque diffusion d\u2019\u00e9mission.<\/p>\n\n\n\n<p>Dans le cadre de ce projet, la Fondation Hirondelle a con\u00e7u et fournit l&rsquo;\u00e9quipement technique pour les centres d&rsquo;\u00e9coute et a engag\u00e9 un formateur radio senior pour travailler avec une \u00e9quipe de r\u00e9fugi\u00e9\u00b7e\u00b7s somalien\u00b7ne\u00b7s afin de\u00a0produire une s\u00e9rie de podcasts\u00a0sur la violence entre partenaires intimes \u00e0 partir du mois d&rsquo;ao\u00fbt 2018.<\/p>\n\n\n\n<p>Les objectifs sp\u00e9cifiques des modules de formation \u00e9taient les suivants :<\/p>\n\n\n\n<ul class=\"wp-block-list\">\n<li>D\u00e9velopper le format de podcast<\/li>\n\n\n\n<li>Former les membres de la communaut\u00e9<\/li>\n\n\n\n<li>D\u00e9velopper et pr\u00e9-tester le contenu en utilisant des approches participatives<\/li>\n\n\n\n<li>Fournir un mentorat continu<\/li>\n<\/ul>\n\n\n\n<p>Le projet global a \u00e9t\u00e9 mis en \u0153uvre sur une p\u00e9riode de 24 mois de septembre 2017 \u00e0 ao\u00fbt 2019 et a \u00e9t\u00e9 financ\u00e9 par la\u00a0Banque mondiale\u00a0et\u00a0l&rsquo;ambassade de Suisse\u00a0en \u00c9thiopie.<\/p>\n","protected":false},"excerpt":{"rendered":"<p>La Fondation Hirondelle a collabor\u00e9 avec l\u2019organisme de sant\u00e9 WAHA (Alliance Femmes et Sant\u00e9 International) et des institutions acad\u00e9miques dont l&rsquo;Ecole de Sant\u00e9 Publique de l&rsquo;Universit\u00e9 d&rsquo;Addis Abeba pour concevoir et tester un\u00a0projet pilote utilisant un programme audio en podcast pour traiter les taux \u00e9lev\u00e9s de violence entre partenaires\u00a0au sein de populations vuln\u00e9rables dans le [&hellip;]<\/p>\n","protected":false},"author":9,"featured_media":0,"parent":10647,"menu_order":1,"comment_status":"closed","ping_status":"closed","template":"","meta":{"_acf_changed":false,"footnotes":""},"class_list":["post-9654","page","type-page","status-publish","hentry"],"acf":[],"publishpress_future_action":{"enabled":false,"date":"2026-04-20 20:16:31","action":"change-status","newStatus":"draft","terms":[],"taxonomy":"translation_priority","extraData":[]},"publishpress_future_workflow_manual_trigger":{"enabledWorkflows":[]},"_links":{"self":[{"href":"https:\/\/www.hirondelle.org\/fr\/wp-json\/wp\/v2\/pages\/9654","targetHints":{"allow":["GET"]}}],"collection":[{"href":"https:\/\/www.hirondelle.org\/fr\/wp-json\/wp\/v2\/pages"}],"about":[{"href":"https:\/\/www.hirondelle.org\/fr\/wp-json\/wp\/v2\/types\/page"}],"author":[{"embeddable":true,"href":"https:\/\/www.hirondelle.org\/fr\/wp-json\/wp\/v2\/users\/9"}],"replies":[{"embeddable":true,"href":"https:\/\/www.hirondelle.org\/fr\/wp-json\/wp\/v2\/comments?post=9654"}],"version-history":[{"count":10,"href":"https:\/\/www.hirondelle.org\/fr\/wp-json\/wp\/v2\/pages\/9654\/revisions"}],"predecessor-version":[{"id":14287,"href":"https:\/\/www.hirondelle.org\/fr\/wp-json\/wp\/v2\/pages\/9654\/revisions\/14287"}],"up":[{"embeddable":true,"href":"https:\/\/www.hirondelle.org\/fr\/wp-json\/wp\/v2\/pages\/10647"}],"wp:attachment":[{"href":"https:\/\/www.hirondelle.org\/fr\/wp-json\/wp\/v2\/media?parent=9654"}],"curies":[{"name":"wp","href":"https:\/\/api.w.org\/{rel}","templated":true}]}}