{"id":9658,"date":"2024-08-19T17:25:19","date_gmt":"2024-08-19T15:25:19","guid":{"rendered":"https:\/\/www.hirondelle.org\/?page_id=9658"},"modified":"2026-01-06T13:56:30","modified_gmt":"2026-01-06T12:56:30","slug":"jeunes-parlement-luxembourg","status":"publish","type":"page","link":"https:\/\/www.hirondelle.org\/fr\/que-faisons-nous\/operations\/thematiques\/gouvernance\/jeunes-parlement-luxembourg","title":{"rendered":"Jeunes Parlement \u2013 Luxembourg"},"content":{"rendered":"\n<figure class=\"wp-block-image size-large\"><img loading=\"lazy\" decoding=\"async\" width=\"1024\" height=\"466\" src=\"https:\/\/www.hirondelle.org\/wp-content\/uploads\/2024\/08\/banner_luxembourg-1024x466.jpg\" alt=\"\" class=\"wp-image-9713\" srcset=\"https:\/\/www.hirondelle.org\/wp-content\/uploads\/2024\/08\/banner_luxembourg-1024x466.jpg 1024w, https:\/\/www.hirondelle.org\/wp-content\/uploads\/2024\/08\/banner_luxembourg-300x137.jpg 300w, https:\/\/www.hirondelle.org\/wp-content\/uploads\/2024\/08\/banner_luxembourg-768x349.jpg 768w, https:\/\/www.hirondelle.org\/wp-content\/uploads\/2024\/08\/banner_luxembourg-1536x699.jpg 1536w, https:\/\/www.hirondelle.org\/wp-content\/uploads\/2024\/08\/banner_luxembourg-2048x932.jpg 2048w, https:\/\/www.hirondelle.org\/wp-content\/uploads\/2024\/08\/banner_luxembourg-1000x455.jpg 1000w\" sizes=\"auto, (max-width: 1024px) 100vw, 1024px\" \/><\/figure>\n\n\n\n<p>La Fondation Hirondelle a organis\u00e9 une op\u00e9ration m\u00e9diatique sp\u00e9ciale pour couvrir la 43<sup>\u00e8me<\/sup> \u00e9dition de l\u2019Assembl\u00e9e parlementaire de la Francophonie (APF) qui c\u00e9l\u00e9brait en 2017 ses 50 ans. L\u2019\u00e9v\u00e9nement a eu lieu au Luxembourg du 6 au 12 juillet 2017. Les discussions ont port\u00e9 notamment sur les \u00ab diversit\u00e9s linguistiques, culturelles et d\u2019identit\u00e9(s) \u00bb. Une r\u00e9daction \u00e9ph\u00e9m\u00e8re de 4 journalistes africain\u00b7e\u00b7s issu\u00b7e\u00b7s de m\u00e9dias cr\u00e9\u00e9s ou soutenus par la Fondation Hirondelle, encadr\u00e9e par un r\u00e9dacteur en chef, a couvert les travaux et les discussions, et donn\u00e9 chaque jour la parole aux participant\u00b7e\u00b7s. Les interviews et reportages produits ont \u00e9t\u00e9 diffus\u00e9s par les m\u00e9dias de la Fondation Hirondelle, Studio Tamani au Mali, Studio Kalangou au Niger, par notre r\u00e9seau de 120 m\u00e9dias partenaires en R\u00e9publique d\u00e9mocratique du Congo, et par le service public burkinab\u00e9.<\/p>\n\n\n\n<p>Notre r\u00e9daction a suivi \u00e9galement de jeunes francophones africain\u00b7e\u00b7s participant \u00e0 la huiti\u00e8me \u00e9dition du Parlement francophone des jeunes (PFJ), qui s&rsquo;est tenu en parall\u00e8le de l\u2019APF. Ces jeunes ont particip\u00e9 \u00e0 des joutes oratoires simulant l\u2019exercice parlementaire. Lors de d\u00e9bats et d\u2019ateliers, ils ont eu la possibilit\u00e9 de renforcer leurs comp\u00e9tences sur des th\u00e8mes importants tels que l\u2019\u00e9ducation, l\u2019\u00e9galit\u00e9 femme-homme, ou encore l\u2019entreprenariat num\u00e9rique.<\/p>\n\n\n\n\n\t\t<style type=\"text\/css\">\n\t\t\t#gallery-1 {\n\t\t\t\tmargin: auto;\n\t\t\t}\n\t\t\t#gallery-1 .gallery-item {\n\t\t\t\tfloat: left;\n\t\t\t\tmargin-top: 10px;\n\t\t\t\ttext-align: center;\n\t\t\t\twidth: 33%;\n\t\t\t}\n\t\t\t#gallery-1 img {\n\t\t\t\tborder: 2px solid #cfcfcf;\n\t\t\t}\n\t\t\t#gallery-1 .gallery-caption {\n\t\t\t\tmargin-left: 0;\n\t\t\t}\n\t\t\t\/* see gallery_shortcode() in wp-includes\/media.php *\/\n\t\t<\/style>\n\t\t<div id='gallery-1' class='gallery galleryid-9658 gallery-columns-3 gallery-size-thumbnail'><dl class='gallery-item'>\n\t\t\t<dt class='gallery-icon landscape'>\n\t\t\t\t<a href='https:\/\/www.hirondelle.org\/fr\/que-faisons-nous\/operations\/thematiques\/gouvernance\/jeunes-parlement-luxembourg\/op_luxembourg_1'><img loading=\"lazy\" decoding=\"async\" width=\"150\" height=\"150\" src=\"https:\/\/www.hirondelle.org\/wp-content\/uploads\/2024\/08\/op_luxembourg_1-150x150.jpg\" class=\"attachment-thumbnail size-thumbnail\" alt=\"\" \/><\/a>\n\t\t\t<\/dt><\/dl><dl class='gallery-item'>\n\t\t\t<dt class='gallery-icon landscape'>\n\t\t\t\t<a href='https:\/\/www.hirondelle.org\/fr\/que-faisons-nous\/operations\/thematiques\/gouvernance\/jeunes-parlement-luxembourg\/op_luxembourg_4'><img loading=\"lazy\" decoding=\"async\" width=\"150\" height=\"150\" src=\"https:\/\/www.hirondelle.org\/wp-content\/uploads\/2024\/08\/op_luxembourg_4-150x150.jpg\" class=\"attachment-thumbnail size-thumbnail\" alt=\"\" \/><\/a>\n\t\t\t<\/dt><\/dl><dl class='gallery-item'>\n\t\t\t<dt class='gallery-icon landscape'>\n\t\t\t\t<a href='https:\/\/www.hirondelle.org\/fr\/que-faisons-nous\/operations\/thematiques\/gouvernance\/jeunes-parlement-luxembourg\/op_luxembourg_5'><img loading=\"lazy\" decoding=\"async\" width=\"150\" height=\"150\" src=\"https:\/\/www.hirondelle.org\/wp-content\/uploads\/2024\/08\/op_luxembourg_5-150x150.jpg\" class=\"attachment-thumbnail size-thumbnail\" alt=\"\" \/><\/a>\n\t\t\t<\/dt><\/dl><br style=\"clear: both\" \/>\n\t\t<\/div>\n\n\n\n\n<p><br>Notre r\u00e9daction a r\u00e9alis\u00e9 des vid\u00e9os quotidiennes sur ces jeunes, leurs attentes, leurs perceptions, leurs espoirs. Ces vid\u00e9os ont \u00e9t\u00e9 produites en partenariat avec Vivendi et Canal + qui ont soutenu notre op\u00e9ration. Elles ont \u00e9t\u00e9 diffus\u00e9es sur notre site, sur le site Culture(s) With Vivendi et Dailymotion.<\/p>\n","protected":false},"excerpt":{"rendered":"<p>La Fondation Hirondelle a organis\u00e9 une op\u00e9ration m\u00e9diatique sp\u00e9ciale pour couvrir la 43\u00e8me \u00e9dition de l\u2019Assembl\u00e9e parlementaire de la Francophonie (APF) qui c\u00e9l\u00e9brait en 2017 ses 50 ans. L\u2019\u00e9v\u00e9nement a eu lieu au Luxembourg du 6 au 12 juillet 2017. Les discussions ont port\u00e9 notamment sur les \u00ab diversit\u00e9s linguistiques, culturelles et d\u2019identit\u00e9(s) \u00bb. Une [&hellip;]<\/p>\n","protected":false},"author":9,"featured_media":0,"parent":10634,"menu_order":5,"comment_status":"closed","ping_status":"closed","template":"","meta":{"_acf_changed":false,"footnotes":""},"class_list":["post-9658","page","type-page","status-publish","hentry"],"acf":[],"publishpress_future_action":{"enabled":false,"date":"2026-04-20 21:38:03","action":"change-status","newStatus":"draft","terms":[],"taxonomy":"translation_priority","extraData":[]},"publishpress_future_workflow_manual_trigger":{"enabledWorkflows":[]},"_links":{"self":[{"href":"https:\/\/www.hirondelle.org\/fr\/wp-json\/wp\/v2\/pages\/9658","targetHints":{"allow":["GET"]}}],"collection":[{"href":"https:\/\/www.hirondelle.org\/fr\/wp-json\/wp\/v2\/pages"}],"about":[{"href":"https:\/\/www.hirondelle.org\/fr\/wp-json\/wp\/v2\/types\/page"}],"author":[{"embeddable":true,"href":"https:\/\/www.hirondelle.org\/fr\/wp-json\/wp\/v2\/users\/9"}],"replies":[{"embeddable":true,"href":"https:\/\/www.hirondelle.org\/fr\/wp-json\/wp\/v2\/comments?post=9658"}],"version-history":[{"count":7,"href":"https:\/\/www.hirondelle.org\/fr\/wp-json\/wp\/v2\/pages\/9658\/revisions"}],"predecessor-version":[{"id":10840,"href":"https:\/\/www.hirondelle.org\/fr\/wp-json\/wp\/v2\/pages\/9658\/revisions\/10840"}],"up":[{"embeddable":true,"href":"https:\/\/www.hirondelle.org\/fr\/wp-json\/wp\/v2\/pages\/10634"}],"wp:attachment":[{"href":"https:\/\/www.hirondelle.org\/fr\/wp-json\/wp\/v2\/media?parent=9658"}],"curies":[{"name":"wp","href":"https:\/\/api.w.org\/{rel}","templated":true}]}}