{"id":9664,"date":"2024-08-19T17:29:12","date_gmt":"2024-08-19T15:29:12","guid":{"rendered":"https:\/\/www.hirondelle.org\/?page_id=9664"},"modified":"2026-01-06T13:55:53","modified_gmt":"2026-01-06T12:55:53","slug":"decentralisation-ukraine","status":"publish","type":"page","link":"https:\/\/www.hirondelle.org\/fr\/que-faisons-nous\/operations\/thematiques\/gouvernance\/decentralisation-ukraine","title":{"rendered":"D\u00e9centralisation Ukraine"},"content":{"rendered":"\n<figure class=\"wp-block-image size-large\"><img loading=\"lazy\" decoding=\"async\" width=\"1024\" height=\"343\" src=\"https:\/\/www.hirondelle.org\/wp-content\/uploads\/2024\/08\/banner_ukraine-1024x343.jpg\" alt=\"\" class=\"wp-image-9668\" srcset=\"https:\/\/www.hirondelle.org\/wp-content\/uploads\/2024\/08\/banner_ukraine-1024x343.jpg 1024w, https:\/\/www.hirondelle.org\/wp-content\/uploads\/2024\/08\/banner_ukraine-300x100.jpg 300w, https:\/\/www.hirondelle.org\/wp-content\/uploads\/2024\/08\/banner_ukraine-768x257.jpg 768w, https:\/\/www.hirondelle.org\/wp-content\/uploads\/2024\/08\/banner_ukraine-1536x514.jpg 1536w, https:\/\/www.hirondelle.org\/wp-content\/uploads\/2024\/08\/banner_ukraine-2048x685.jpg 2048w, https:\/\/www.hirondelle.org\/wp-content\/uploads\/2024\/08\/banner_ukraine-1000x335.jpg 1000w\" sizes=\"auto, (max-width: 1024px) 100vw, 1024px\" \/><\/figure>\n\n\n\n<p>La Fondation Hirondelle a initi\u00e9 et supervis\u00e9 en 2016 la production d\u2019un\u00a0site web\u00a0sur la probl\u00e9matique de la\u00a0d\u00e9centralisation\u00a0en\u00a0Ukraine, \u00e0 travers les regards crois\u00e9s de six jeunes journalistes ukrainien\u00b7ne\u00b7s accompagn\u00e9\u00b7e\u00b7s de deux journalistes non ukrainiens sp\u00e9cialistes du pays. Nous travaillions depuis fin 2014 au d\u00e9veloppement d\u2019un\u00a0projet\u00a0dans ce pays toujours confront\u00e9 \u00e0 une ravageuse guerre de l\u2019information.<\/p>\n\n\n\n<p>Une premi\u00e8re mission d&rsquo;\u00e9valuation en\u00a0Ukraine\u00a0fin 2014 nous avait permis d\u2019identifier un besoin de mise en\u00a0r\u00e9seau\u00a0des m\u00e9dias et journalistes locaux afin de produire des programmes web, TV et radio d&rsquo;information ind\u00e9pendants et fiables. Ce projet a permis de renforcer les m\u00e9dias existants pour offrir \u00e0 leurs auditoires un ensemble de\u00a0points de vue\u00a0\u00e9quilibr\u00e9s et de stimuler le\u00a0dialogue\u00a0et le d\u00e9bat, en particulier dans les r\u00e9gions parfois oubli\u00e9es de Kiev.<\/p>\n\n\n\n\n\t\t<style type=\"text\/css\">\n\t\t\t#gallery-1 {\n\t\t\t\tmargin: auto;\n\t\t\t}\n\t\t\t#gallery-1 .gallery-item {\n\t\t\t\tfloat: left;\n\t\t\t\tmargin-top: 10px;\n\t\t\t\ttext-align: center;\n\t\t\t\twidth: 33%;\n\t\t\t}\n\t\t\t#gallery-1 img {\n\t\t\t\tborder: 2px solid #cfcfcf;\n\t\t\t}\n\t\t\t#gallery-1 .gallery-caption {\n\t\t\t\tmargin-left: 0;\n\t\t\t}\n\t\t\t\/* see gallery_shortcode() in wp-includes\/media.php *\/\n\t\t<\/style>\n\t\t<div id='gallery-1' class='gallery galleryid-9664 gallery-columns-3 gallery-size-thumbnail'><dl class='gallery-item'>\n\t\t\t<dt class='gallery-icon landscape'>\n\t\t\t\t<a href='https:\/\/www.hirondelle.org\/fr\/que-faisons-nous\/operations\/thematiques\/gouvernance\/decentralisation-ukraine\/op_ukraine_1'><img loading=\"lazy\" decoding=\"async\" width=\"150\" height=\"150\" src=\"https:\/\/www.hirondelle.org\/wp-content\/uploads\/2024\/08\/op_ukraine_1-150x150.jpg\" class=\"attachment-thumbnail size-thumbnail\" alt=\"\" aria-describedby=\"gallery-1-9673\" \/><\/a>\n\t\t\t<\/dt>\n\t\t\t\t<dd class='wp-caption-text gallery-caption' id='gallery-1-9673'>\n\t\t\t\tLe gouverneur de la r\u00e9gion de Transcarpathie en Ukraine, interview\u00e9 pour le projet \u00ab Regards sur la d\u00e9centralisation \u00bb\n\t\t\t\t<\/dd><\/dl><dl class='gallery-item'>\n\t\t\t<dt class='gallery-icon landscape'>\n\t\t\t\t<a href='https:\/\/www.hirondelle.org\/fr\/que-faisons-nous\/operations\/thematiques\/gouvernance\/decentralisation-ukraine\/op_ukraine_2'><img loading=\"lazy\" decoding=\"async\" width=\"150\" height=\"150\" src=\"https:\/\/www.hirondelle.org\/wp-content\/uploads\/2024\/08\/op_ukraine_2-150x150.jpg\" class=\"attachment-thumbnail size-thumbnail\" alt=\"\" aria-describedby=\"gallery-1-9676\" srcset=\"https:\/\/www.hirondelle.org\/wp-content\/uploads\/2024\/08\/op_ukraine_2-150x150.jpg 150w, https:\/\/www.hirondelle.org\/wp-content\/uploads\/2024\/08\/op_ukraine_2-300x300.jpg 300w, https:\/\/www.hirondelle.org\/wp-content\/uploads\/2024\/08\/op_ukraine_2-768x768.jpg 768w, https:\/\/www.hirondelle.org\/wp-content\/uploads\/2024\/08\/op_ukraine_2.jpg 960w\" sizes=\"auto, (max-width: 150px) 100vw, 150px\" \/><\/a>\n\t\t\t<\/dt>\n\t\t\t\t<dd class='wp-caption-text gallery-caption' id='gallery-1-9676'>\n\t\t\t\tReportage dans un village \u00e0 l\u2019Ouest de l\u2019Ukraine, par les journalistes soutenus par la Fondation Hirondelle\n\t\t\t\t<\/dd><\/dl><dl class='gallery-item'>\n\t\t\t<dt class='gallery-icon landscape'>\n\t\t\t\t<a href='https:\/\/www.hirondelle.org\/fr\/que-faisons-nous\/operations\/thematiques\/gouvernance\/decentralisation-ukraine\/op_ukraine_3'><img loading=\"lazy\" decoding=\"async\" width=\"150\" height=\"150\" src=\"https:\/\/www.hirondelle.org\/wp-content\/uploads\/2024\/08\/op_ukraine_3-150x150.jpg\" class=\"attachment-thumbnail size-thumbnail\" alt=\"\" aria-describedby=\"gallery-1-9679\" \/><\/a>\n\t\t\t<\/dt>\n\t\t\t\t<dd class='wp-caption-text gallery-caption' id='gallery-1-9679'>\n\t\t\t\tPoliciers \u00e0 Oujogorod, pr\u00e8s de la fronti\u00e8re Slovaque, lors du reportage consacr\u00e9 \u00e0 la r\u00e9forme des forces de s\u00e9curit\u00e9 dans les r\u00e9gions ukrainiennes\n\t\t\t\t<\/dd><\/dl><br style=\"clear: both\" \/>\n\t\t<\/div>\n\n\n\n\n<p><br>Au printemps 2016, nous avons mis en place une premi\u00e8re activit\u00e9 pilote gr\u00e2ce au soutien de la Fondation Vidrodgenia. L\u2019objectif \u00e9tait de traiter de la\u00a0d\u00e9centralisation, probl\u00e9matique majeure pour la r\u00e9solution des crises au sein du pays, \u00e0 travers les regards crois\u00e9s de six jeunes\u00a0journalistes\u00a0ukrainien\u00b7ne\u00b7s accompagn\u00e9\u00b7e\u00b7s de deux journalistes sp\u00e9cialistes du pays. Cette comparaison des points de vue, dans des r\u00e9gions souvent ignor\u00e9es par les m\u00e9dias nationaux, a permis de produire des\u00a0reportages\u00a0vivants, au plus pr\u00e8s des pr\u00e9occupations des habitant\u00b7e\u00b7s. Ils ont pu \u00eatre diffus\u00e9s par des m\u00e9dias ukrainiens mais \u00e9galement suisses, et mis en ligne sur un site web d\u00e9di\u00e9 :\u00a0<a href=\"http:\/\/ukraine.hirondelle.org\/\" target=\"_blank\" rel=\"noreferrer noopener\">ukraine.hirondelle.org<\/a><\/p>\n","protected":false},"excerpt":{"rendered":"<p>La Fondation Hirondelle a initi\u00e9 et supervis\u00e9 en 2016 la production d\u2019un\u00a0site web\u00a0sur la probl\u00e9matique de la\u00a0d\u00e9centralisation\u00a0en\u00a0Ukraine, \u00e0 travers les regards crois\u00e9s de six jeunes journalistes ukrainien\u00b7ne\u00b7s accompagn\u00e9\u00b7e\u00b7s de deux journalistes non ukrainiens sp\u00e9cialistes du pays. Nous travaillions depuis fin 2014 au d\u00e9veloppement d\u2019un\u00a0projet\u00a0dans ce pays toujours confront\u00e9 \u00e0 une ravageuse guerre de l\u2019information. Une [&hellip;]<\/p>\n","protected":false},"author":9,"featured_media":0,"parent":10634,"menu_order":4,"comment_status":"closed","ping_status":"closed","template":"","meta":{"_acf_changed":false,"footnotes":""},"class_list":["post-9664","page","type-page","status-publish","hentry"],"acf":[],"publishpress_future_action":{"enabled":false,"date":"2026-04-11 20:27:27","action":"change-status","newStatus":"draft","terms":[],"taxonomy":"translation_priority","extraData":[]},"publishpress_future_workflow_manual_trigger":{"enabledWorkflows":[]},"_links":{"self":[{"href":"https:\/\/www.hirondelle.org\/fr\/wp-json\/wp\/v2\/pages\/9664","targetHints":{"allow":["GET"]}}],"collection":[{"href":"https:\/\/www.hirondelle.org\/fr\/wp-json\/wp\/v2\/pages"}],"about":[{"href":"https:\/\/www.hirondelle.org\/fr\/wp-json\/wp\/v2\/types\/page"}],"author":[{"embeddable":true,"href":"https:\/\/www.hirondelle.org\/fr\/wp-json\/wp\/v2\/users\/9"}],"replies":[{"embeddable":true,"href":"https:\/\/www.hirondelle.org\/fr\/wp-json\/wp\/v2\/comments?post=9664"}],"version-history":[{"count":16,"href":"https:\/\/www.hirondelle.org\/fr\/wp-json\/wp\/v2\/pages\/9664\/revisions"}],"predecessor-version":[{"id":11622,"href":"https:\/\/www.hirondelle.org\/fr\/wp-json\/wp\/v2\/pages\/9664\/revisions\/11622"}],"up":[{"embeddable":true,"href":"https:\/\/www.hirondelle.org\/fr\/wp-json\/wp\/v2\/pages\/10634"}],"wp:attachment":[{"href":"https:\/\/www.hirondelle.org\/fr\/wp-json\/wp\/v2\/media?parent=9664"}],"curies":[{"name":"wp","href":"https:\/\/api.w.org\/{rel}","templated":true}]}}