{"id":9946,"date":"2024-08-22T17:14:01","date_gmt":"2024-08-22T15:14:01","guid":{"rendered":"https:\/\/www.hirondelle.org\/?page_id=9946"},"modified":"2026-02-18T17:54:47","modified_gmt":"2026-02-18T16:54:47","slug":"suivi-evaluation-redevabilite-et-apprentissage-sera","status":"publish","type":"page","link":"https:\/\/www.hirondelle.org\/fr\/que-faisons-nous\/partage-des-savoirs\/recherche-et-apprentissage\/suivi-evaluation-redevabilite-et-apprentissage-sera","title":{"rendered":"Suivi, \u00c9valuation, Redevabilit\u00e9 et Apprentissage (SERA)"},"content":{"rendered":"\n<figure class=\"wp-block-image size-large\"><img loading=\"lazy\" decoding=\"async\" width=\"1024\" height=\"506\" src=\"https:\/\/www.hirondelle.org\/wp-content\/uploads\/2024\/09\/banner-sera-1024x506.jpg\" alt=\"\u00a9Gwenn Dubourthoumieu \/ Fondation Hirondelle - Didier Diembu, enqu\u00eateur form\u00e9 par la soci\u00e9t\u00e9 Immar, r\u00e9alise une enqu\u00eate d\u2019impact pour la Fondation Hirondelle \u00e0 Obo, \u00e0 l\u2019extr\u00eame sud-est de la R\u00e9publique Centrafricaine le 30 novembre 2023.\" class=\"wp-image-12065\" srcset=\"https:\/\/www.hirondelle.org\/wp-content\/uploads\/2024\/09\/banner-sera-1024x506.jpg 1024w, https:\/\/www.hirondelle.org\/wp-content\/uploads\/2024\/09\/banner-sera-300x148.jpg 300w, https:\/\/www.hirondelle.org\/wp-content\/uploads\/2024\/09\/banner-sera-768x379.jpg 768w, https:\/\/www.hirondelle.org\/wp-content\/uploads\/2024\/09\/banner-sera-1536x759.jpg 1536w, https:\/\/www.hirondelle.org\/wp-content\/uploads\/2024\/09\/banner-sera-1000x494.jpg 1000w, https:\/\/www.hirondelle.org\/wp-content\/uploads\/2024\/09\/banner-sera.jpg 2000w\" sizes=\"auto, (max-width: 1024px) 100vw, 1024px\" \/><figcaption class=\"wp-element-caption\">\u00a9Gwenn Dubourthoumieu \/ Fondation Hirondelle &#8211; Didier Diembu, enqu\u00eateur form\u00e9 par la soci\u00e9t\u00e9 Immar, r\u00e9alise une enqu\u00eate d\u2019impact pour la Fondation Hirondelle \u00e0 Obo, \u00e0 l\u2019extr\u00eame sud-est de la R\u00e9publique Centrafricaine le 30 novembre 2023.<\/figcaption><\/figure>\n\n\n\n<figure class=\"wp-block-pullquote\"><blockquote><p>Notre travail de capitalisation d\u2019exp\u00e9riences, nous permet d&rsquo;am\u00e9liorer la qualit\u00e9 et la pertinence de notre travail.<\/p><\/blockquote><\/figure>\n\n\n\n<p><br>Pour renforcer l\u2019impact de ses interventions, la Fondation Hirondelle a mis en \u0153uvre une approche de gestion des projets ax\u00e9e sur les r\u00e9sultats. Ce dispositif de suivi-\u00e9valuation, tout en \u00e9tant essentiel pour le contr\u00f4le des performances, permet une meilleure inclusion de l\u2019ensemble des parties prenantes.<\/p>\n\n\n\n<p>La Fondation Hirondelle suit l&rsquo;\u00e9volution de ses projets et programmes gr\u00e2ce \u00e0 l&rsquo;analyse continuelle des donn\u00e9es quantitatives et qualitatives. Les t\u00e9moignages de nos public et nos partenaires, r\u00e9colt\u00e9s par les charg\u00e9s SERA dans nos bureaux de pays, nous permettent de r\u00e9pondre au mieux aux besoins des populations et adapter nos activit\u00e9s si besoin.<\/p>\n\n\n\n<p>Nous menons r\u00e9guli\u00e8rement des \u00e9valuations internes et externes afin de mesurer l\u2019atteinte des objectifs de nos projets, en recueillant le point de vue des auditrices et auditeurs, des m\u00e9dias partenaires et des autres parties prenantes.<br><\/p>\n\n\n\n<div class=\"wp-block-group p-3 backgroundedBlock--gray has-global-padding is-layout-constrained wp-block-group-is-layout-constrained\">\n<p>Nous recueillons continuellement des donn\u00e9es de nos projets dans les domaines cl\u00e9s suivants :<\/p>\n\n\n\n<ul class=\"wp-block-list\">\n<li><strong>\u00c9ditorial&nbsp;:<\/strong> Notre base de donn\u00e9es sur les \u00e9missions, lanc\u00e9e en 2016, fournit des informations essentielles sur les th\u00e8mes et les r\u00e9gions couverts, ainsi que sur l\u2019\u00e9galit\u00e9 des femmes et les hommes dans les m\u00e9dias, pour aider \u00e0 garantir que nos programmes sont repr\u00e9sentatifs et \u00e9quilibr\u00e9s.<\/li>\n\n\n\n<li><strong>Activit\u00e9s avec les partenaires&nbsp;:<\/strong> Nous recueillons des informations sur le soutien que nous apportons aux partenaires, que ce soit les th\u00e8mes de formation ou le profil et la satisfaction des b\u00e9n\u00e9ficiaires.<\/li>\n\n\n\n<li><strong>R\u00e9actions de notre public&nbsp;:<\/strong> Nos \u00e9quipes nationales m\u00e8nent des recherches r\u00e9guli\u00e8res pour recueillir les commentaires de nos publics et mieux comprendre leurs besoins.<\/li>\n\n\n\n<li><strong>Nos audiences&nbsp;: <\/strong>Nous menons des \u00e9tudes d&rsquo;audience tous les deux ans dans nos pays d\u2019intervention pour mettre \u00e0 jour note audience \u00e0 l\u2019\u00e9chelle nationale. Ces \u00e9tudes nous aident \u00e9galement \u00e0 comprendre dans quelle mesure le public trouve que nos contenus sont dignes de confiance, utiles et qu&rsquo;ils r\u00e9pondent \u00e0 ses besoins.<br><\/li>\n<\/ul>\n<\/div>\n\n\n\n<p><br><br><strong>Notre \u00e9quipe<\/strong><\/p>\n\n\n\n<div class=\"wp-block-group p-2 has-background has-global-padding is-layout-constrained wp-block-group-is-layout-constrained\" style=\"background-color:#edf0ee\">\n<div class=\"wp-block-media-text is-stacked-on-mobile\" style=\"grid-template-columns:25% auto\"><figure class=\"wp-block-media-text__media\"><img loading=\"lazy\" decoding=\"async\" width=\"2560\" height=\"1707\" src=\"https:\/\/www.hirondelle.org\/wp-content\/uploads\/2026\/01\/BaileyNicki-scaled.jpg\" alt=\"\" class=\"wp-image-22264 size-full\" srcset=\"https:\/\/www.hirondelle.org\/wp-content\/uploads\/2026\/01\/BaileyNicki-scaled.jpg 2560w, https:\/\/www.hirondelle.org\/wp-content\/uploads\/2026\/01\/BaileyNicki-300x200.jpg 300w, https:\/\/www.hirondelle.org\/wp-content\/uploads\/2026\/01\/BaileyNicki-768x512.jpg 768w, https:\/\/www.hirondelle.org\/wp-content\/uploads\/2026\/01\/BaileyNicki-1536x1024.jpg 1536w, https:\/\/www.hirondelle.org\/wp-content\/uploads\/2026\/01\/BaileyNicki-2048x1365.jpg 2048w\" sizes=\"auto, (max-width: 2560px) 100vw, 2560px\" \/><\/figure><div class=\"wp-block-media-text__content\">\n<p>Nicki Bailey<\/p>\n\n\n\n<p>Responsable SERA<\/p>\n\n\n\n<p><a href=\"\/fr\/qui-sommes-nous\/nous-contacter?recipient=Nicki+Bailey+-+Responsable+SERA\">Contactez Nicki Bailey<\/a><\/p>\n<\/div><\/div>\n<\/div>\n\n\n\n<p><\/p>\n","protected":false},"excerpt":{"rendered":"<p>Notre travail de capitalisation d\u2019exp\u00e9riences, nous permet d&rsquo;am\u00e9liorer la qualit\u00e9 et la pertinence de notre travail. Pour renforcer l\u2019impact de ses interventions, la Fondation Hirondelle a mis en \u0153uvre une approche de gestion des projets ax\u00e9e sur les r\u00e9sultats. Ce dispositif de suivi-\u00e9valuation, tout en \u00e9tant essentiel pour le contr\u00f4le des performances, permet une meilleure [&hellip;]<\/p>\n","protected":false},"author":9,"featured_media":0,"parent":12277,"menu_order":1,"comment_status":"closed","ping_status":"closed","template":"","meta":{"_acf_changed":false,"footnotes":""},"class_list":["post-9946","page","type-page","status-publish","hentry"],"acf":[],"publishpress_future_action":{"enabled":false,"date":"2026-04-23 08:44:44","action":"change-status","newStatus":"draft","terms":[],"taxonomy":"translation_priority","extraData":[]},"publishpress_future_workflow_manual_trigger":{"enabledWorkflows":[]},"_links":{"self":[{"href":"https:\/\/www.hirondelle.org\/fr\/wp-json\/wp\/v2\/pages\/9946","targetHints":{"allow":["GET"]}}],"collection":[{"href":"https:\/\/www.hirondelle.org\/fr\/wp-json\/wp\/v2\/pages"}],"about":[{"href":"https:\/\/www.hirondelle.org\/fr\/wp-json\/wp\/v2\/types\/page"}],"author":[{"embeddable":true,"href":"https:\/\/www.hirondelle.org\/fr\/wp-json\/wp\/v2\/users\/9"}],"replies":[{"embeddable":true,"href":"https:\/\/www.hirondelle.org\/fr\/wp-json\/wp\/v2\/comments?post=9946"}],"version-history":[{"count":34,"href":"https:\/\/www.hirondelle.org\/fr\/wp-json\/wp\/v2\/pages\/9946\/revisions"}],"predecessor-version":[{"id":23478,"href":"https:\/\/www.hirondelle.org\/fr\/wp-json\/wp\/v2\/pages\/9946\/revisions\/23478"}],"up":[{"embeddable":true,"href":"https:\/\/www.hirondelle.org\/fr\/wp-json\/wp\/v2\/pages\/12277"}],"wp:attachment":[{"href":"https:\/\/www.hirondelle.org\/fr\/wp-json\/wp\/v2\/media?parent=9946"}],"curies":[{"name":"wp","href":"https:\/\/api.w.org\/{rel}","templated":true}]}}